{"id":231,"date":"2018-01-08T15:31:21","date_gmt":"2018-01-08T14:31:21","guid":{"rendered":"http:\/\/confolab.sav.sk\/ovsb\/en\/?page_id=231"},"modified":"2018-01-12T16:52:18","modified_gmt":"2018-01-12T15:52:18","slug":"1st-world-biophysics-week","status":"publish","type":"page","link":"https:\/\/confolab.sav.sk\/ovsb\/en\/activities\/events\/1st-world-biophysics-week\/","title":{"rendered":"1st World Biophysics Week"},"content":{"rendered":"<p><button onclick=\"goBack()\">Back<\/button><br \/>\n<script>\t \t \nfunction goBack() { window.history.go(-1); }\t \t \n<\/script><br \/>\nDepartment of Muscle Cell Research in collaboration with Pragolab organized on March 7, 2016<\/p>\n<h2>presentation of the microscope <strong>Leica TCS SP8 STED 3X <\/strong>for the members of the Slovak Bioimaging Initiative<strong><br \/>\n<\/strong><\/h2>\n<p><strong> <\/strong>as an event of the 1st World Biophysics Week.<strong><br \/>\n<\/strong><\/p>\n<p><img decoding=\"async\" loading=\"lazy\" class=\"wp-image-419 alignleft\" src=\"http:\/\/confolab.sav.sk\/ovsb\/wp-content\/uploads\/BiophyWeek-300x129-300x129.jpg\" alt=\"BiophyWeek\" width=\"314\" height=\"135\" \/>PROGRAM:<\/p>\n<p>14:00 Opening &#8211; A. Zahradn\u00edkov\u00e1<\/p>\n<p>14:10 New imaging possibilities of the STED confocal microscopy technique &#8211; M. Kopecky, Pragolab<\/p>\n<p>14:30 Intermission<\/p>\n<p>14:45 Demonstration of the STED microscope<\/p>\n<p>16:30 Discussion on the possibilities of utilising the microscope in the EuBin netweork<\/p>\n<p>17:30 Dinner<\/p>\n<table width=\"100%\">\n<tbody>\n<tr>\n<td>The event was sponsored by Pragolab<\/td>\n<td><img decoding=\"async\" loading=\"lazy\" class=\"wp-image-420 alignright\" src=\"http:\/\/confolab.sav.sk\/ovsb\/wp-content\/uploads\/pragolab-300x82-300x82.png\" alt=\"pragolab\" width=\"201\" height=\"55\" \/><\/td>\n<\/tr>\n<\/tbody>\n<\/table>\n","protected":false},"excerpt":{"rendered":"<p>Back Department of Muscle Cell Research in collaboration with Pragolab organized on March 7, 2016 presentation of the microscope Leica TCS SP8 STED 3X for&#8230;<span class=\"excerpt_more\"><a href=\"https:\/\/confolab.sav.sk\/ovsb\/en\/activities\/events\/1st-world-biophysics-week\/\">\u010d\u00edta\u0165 \u010falej &raquo;<\/a><\/span><\/p>\n","protected":false},"author":1,"featured_media":0,"parent":122,"menu_order":0,"comment_status":"closed","ping_status":"closed","template":"","meta":[],"_links":{"self":[{"href":"https:\/\/confolab.sav.sk\/ovsb\/en\/wp-json\/wp\/v2\/pages\/231"}],"collection":[{"href":"https:\/\/confolab.sav.sk\/ovsb\/en\/wp-json\/wp\/v2\/pages"}],"about":[{"href":"https:\/\/confolab.sav.sk\/ovsb\/en\/wp-json\/wp\/v2\/types\/page"}],"author":[{"embeddable":true,"href":"https:\/\/confolab.sav.sk\/ovsb\/en\/wp-json\/wp\/v2\/users\/1"}],"replies":[{"embeddable":true,"href":"https:\/\/confolab.sav.sk\/ovsb\/en\/wp-json\/wp\/v2\/comments?post=231"}],"version-history":[{"count":4,"href":"https:\/\/confolab.sav.sk\/ovsb\/en\/wp-json\/wp\/v2\/pages\/231\/revisions"}],"predecessor-version":[{"id":537,"href":"https:\/\/confolab.sav.sk\/ovsb\/en\/wp-json\/wp\/v2\/pages\/231\/revisions\/537"}],"up":[{"embeddable":true,"href":"https:\/\/confolab.sav.sk\/ovsb\/en\/wp-json\/wp\/v2\/pages\/122"}],"wp:attachment":[{"href":"https:\/\/confolab.sav.sk\/ovsb\/en\/wp-json\/wp\/v2\/media?parent=231"}],"curies":[{"name":"wp","href":"https:\/\/api.w.org\/{rel}","templated":true}]}}