{"id":228,"date":"2018-01-08T15:29:04","date_gmt":"2018-01-08T14:29:04","guid":{"rendered":"http:\/\/confolab.sav.sk\/ovsb\/en\/?page_id=228"},"modified":"2024-02-16T15:07:03","modified_gmt":"2024-02-16T14:07:03","slug":"open-doors-day-at-dmcr-april-27-2016","status":"publish","type":"page","link":"https:\/\/confolab.sav.sk\/ovsb\/en\/activities\/events\/open-doors-day-at-dmcr-april-27-2016\/","title":{"rendered":"Open Doors Day at DMCR, April 27, 2016"},"content":{"rendered":"<p><button onclick=\"goBack()\">Back<\/button><br \/>\n<script>\t \t \nfunction goBack() { window.history.go(-1); }\t \t \n<\/script><br \/>\nStudents of Biomedical Physics from the Department of Biophysics, Comenius University, visited the Department of Muscle Cell Reseach on April 27, 2016 with their tutor, prof. Iveta Waczulikova.<\/p>\n<h2>Program:<\/h2>\n<h3>Presentations and Q&amp;A session:<\/h3>\n<p>The basics of excitation-contraction coupling, Alexandra Zahradnikova Jr.<br \/>\nWolfram syndrome: how an ER localized protein targets mitochondrial dynamics, Michal Cagalinec<\/p>\n<h3>Techniques in DMCR &#8211; lab session:<\/h3>\n<p>Confocal microscopy with the Leica TCS SP2 AOBS system &#8211; Katarina Mackova<br \/>\nSuperresolution microscopy with the Leica TCS SP8 STED 3X system &#8211; Alexandra Zahradnikova, Jr.<\/p>\n<p><img decoding=\"async\" loading=\"lazy\" class=\"alignnone size-medium wp-image-841\" src=\"http:\/\/confolab.sav.sk\/sk\/images\/DSC_0986.jpg\" alt=\"DSC_0986\" width=\"300\" height=\"199\" \/><img decoding=\"async\" loading=\"lazy\" class=\"alignnone size-medium wp-image-830\" src=\"http:\/\/confolab.sav.sk\/sk\/images\/DSC_0998.jpg\" alt=\"DSC_0998\" width=\"300\" height=\"199\" \/><br \/>\n<img decoding=\"async\" loading=\"lazy\" class=\"alignnone size-medium wp-image-828\" src=\"http:\/\/confolab.sav.sk\/sk\/images\/DSC_0996.jpg\" alt=\"DSC_0996\" width=\"300\" height=\"199\" \/><img decoding=\"async\" loading=\"lazy\" class=\"alignnone size-medium wp-image-831\" src=\"http:\/\/confolab.sav.sk\/sk\/images\/DSC_0999.jpg\" alt=\"DSC_0999\" width=\"300\" height=\"199\" \/><br \/>\n<img decoding=\"async\" loading=\"lazy\" class=\"alignnone size-medium wp-image-832\" src=\"http:\/\/confolab.sav.sk\/sk\/images\/DSC_1016.jpg\" alt=\"DSC_1016\" width=\"300\" height=\"199\" \/><img decoding=\"async\" loading=\"lazy\" class=\"alignnone size-medium wp-image-833\" src=\"http:\/\/confolab.sav.sk\/sk\/images\/DSC_1020.jpg\" alt=\"DSC_1020\" width=\"300\" height=\"199\" \/><\/p>\n","protected":false},"excerpt":{"rendered":"<p>Back Students of Biomedical Physics from the Department of Biophysics, Comenius University, visited the Department of Muscle Cell Reseach on April 27, 2016 with their&#8230;<span class=\"excerpt_more\"><a href=\"https:\/\/confolab.sav.sk\/ovsb\/en\/activities\/events\/open-doors-day-at-dmcr-april-27-2016\/\">\u010d\u00edta\u0165 \u010falej &raquo;<\/a><\/span><\/p>\n","protected":false},"author":1,"featured_media":0,"parent":122,"menu_order":0,"comment_status":"closed","ping_status":"closed","template":"","meta":[],"_links":{"self":[{"href":"https:\/\/confolab.sav.sk\/ovsb\/en\/wp-json\/wp\/v2\/pages\/228"}],"collection":[{"href":"https:\/\/confolab.sav.sk\/ovsb\/en\/wp-json\/wp\/v2\/pages"}],"about":[{"href":"https:\/\/confolab.sav.sk\/ovsb\/en\/wp-json\/wp\/v2\/types\/page"}],"author":[{"embeddable":true,"href":"https:\/\/confolab.sav.sk\/ovsb\/en\/wp-json\/wp\/v2\/users\/1"}],"replies":[{"embeddable":true,"href":"https:\/\/confolab.sav.sk\/ovsb\/en\/wp-json\/wp\/v2\/comments?post=228"}],"version-history":[{"count":3,"href":"https:\/\/confolab.sav.sk\/ovsb\/en\/wp-json\/wp\/v2\/pages\/228\/revisions"}],"predecessor-version":[{"id":1641,"href":"https:\/\/confolab.sav.sk\/ovsb\/en\/wp-json\/wp\/v2\/pages\/228\/revisions\/1641"}],"up":[{"embeddable":true,"href":"https:\/\/confolab.sav.sk\/ovsb\/en\/wp-json\/wp\/v2\/pages\/122"}],"wp:attachment":[{"href":"https:\/\/confolab.sav.sk\/ovsb\/en\/wp-json\/wp\/v2\/media?parent=228"}],"curies":[{"name":"wp","href":"https:\/\/api.w.org\/{rel}","templated":true}]}}