{"id":224,"date":"2018-01-08T15:27:17","date_gmt":"2018-01-08T14:27:17","guid":{"rendered":"http:\/\/confolab.sav.sk\/ovsb\/en\/?page_id=224"},"modified":"2024-02-16T15:05:38","modified_gmt":"2024-02-16T14:05:38","slug":"european-researchers-night-old-market-and-lab-cafe-bratislava-september-29-2017","status":"publish","type":"page","link":"https:\/\/confolab.sav.sk\/ovsb\/en\/activities\/events\/european-researchers-night-old-market-and-lab-cafe-bratislava-september-29-2017\/","title":{"rendered":"European Researchers&#8217;  Night, Old Market and Lab cafe, Bratislava, September 29, 2017"},"content":{"rendered":"<p><script type=\"text\/javascript\">\n<!--\nfunction launch(newURL, newName, newFeatures, orgName) {\n  var remote = open(newURL, newName, newFeatures);\n  if (remote.opener == null)\n    remote.opener = window;\n  remote.opener.name = orgName;\n  return remote;\n}\n\nfunction launchRemote(name) {\n  var address =  name;\n  myRemote = launch(address ,\n                    \"Okno\",\n                    \"height=500, width=850, left=50, top=50, alwaysLowered=0, alwaysRaised=0, channelmode=0, dependent=0, directories=0, fullscreen=0, hotkeys=1, location=0, menubar=0, resizable=0, scrollbars=0, status=0, titlebar=1, toolbar=0, z-lock=0\",\n                    \"myWindow\");\n}\n\/\/ -->>\n<\/script><button onclick=\"goBack()\">Back<\/button><br \/>\n<script>\t \t \nfunction goBack() { window.history.go(-1); }\t \t \n<\/script><\/p>\n<h2>Electron microscopy as an inspiration for design<\/h2>\n<p><img decoding=\"async\" loading=\"lazy\" class=\"alignnone size-medium wp-image-881\" src=\"http:\/\/confolab.sav.sk\/sk\/images\/14.jpg\" alt=\"\" width=\"370\" height=\"299\" \/> Nature is perceived mostly at sizes that can be observed by our eyes. If we have the opportunity, we can observe small parts of plants or animals using a magnifying glass or an optical microscope. We then discover new structures and admire their perfection and beauty as well as functionality. One needs not to be a scientist or an artist to be filled with wonder and awe watching fantastic images that open new, previously invisible worlds. They are worlds full of mystery, exciting beauty, fantastic shapes and structures. Their essence is beauty, harmony, order and purpose. There are several different types of electron microscopy, which are largely aimed at studying the ultrastructure of living organisms. The image connects microscopic sciences with art and beauty, and confirms the knowledge and perfection of creations. Together we present the possibility of using selected micrographs in design by highlighting the esthetic effect. Try it with us.<\/p>\n<table border=\"0\" width=\"100%\" cellspacing=\"1\" cellpadding=\"2\">\n<tbody>\n<tr>\n<td>Science booth at Old Market, SNP square:<br \/>\nPresenters: Marta Novotov\u00e1, Ladislav Novota from Institute of Molecular Physiology and Genetics, Centre of Biosciences, SAS and Martin Bal\u00e1\u017e from Institute of Design, Faculty of Architecture, STU<\/p>\n<p>Lecture at Lab cafe, SNP square 25:<br \/>\nPresenters: Marta Novotov\u00e1, Ladislav Novota from Institute of Molecular Physiology and Genetics, Centre of Biosciences, SAS and Martin Bal\u00e1\u017e and Ivo V\u00e1vra from Institute of Design, Faculty of Architecture, SUT<\/td>\n<\/tr>\n<tr>\n<td><span class=\"H3\">Links:<br \/>\n<\/span><a class=\"arial\" href='javascript:launchRemote(\"http:\/\/www.nocvyskumnikov.sk\/\")'>European Researchers&#8217; Night<\/a><\/td>\n<\/tr>\n<\/tbody>\n<\/table>\n<p><span class=\"H3\">Snapshots:<\/span><\/p>\n<p><img decoding=\"async\" loading=\"lazy\" title=\"\" src=\"http:\/\/confolab.sav.sk\/sk\/images\/1.jpg\" alt=\"\" width=\"245\" height=\"170\" hspace=\"3\" vspace=\"3\" \/> <img decoding=\"async\" loading=\"lazy\" title=\"\" src=\"http:\/\/confolab.sav.sk\/sk\/images\/2.jpg\" alt=\"\" width=\"245\" height=\"170\" hspace=\"3\" vspace=\"3\" \/> <img decoding=\"async\" loading=\"lazy\" title=\"\" src=\"http:\/\/confolab.sav.sk\/sk\/images\/3.jpg\" alt=\"\" width=\"245\" height=\"170\" hspace=\"3\" vspace=\"3\" \/> <img decoding=\"async\" loading=\"lazy\" title=\"\" src=\"http:\/\/confolab.sav.sk\/sk\/images\/4.jpg\" alt=\"\" width=\"245\" height=\"170\" hspace=\"3\" vspace=\"3\" \/> <img decoding=\"async\" loading=\"lazy\" title=\"\" src=\"http:\/\/confolab.sav.sk\/sk\/images\/5.jpg\" alt=\"\" width=\"245\" height=\"170\" hspace=\"3\" vspace=\"3\" \/> <img decoding=\"async\" loading=\"lazy\" title=\"\" src=\"http:\/\/confolab.sav.sk\/sk\/images\/6.jpg\" alt=\"\" width=\"245\" height=\"170\" hspace=\"3\" vspace=\"3\" \/><\/p>\n","protected":false},"excerpt":{"rendered":"<p>Back Electron microscopy as an inspiration for design Nature is perceived mostly at sizes that can be observed by our eyes. If we have the&#8230;<span class=\"excerpt_more\"><a href=\"https:\/\/confolab.sav.sk\/ovsb\/en\/activities\/events\/european-researchers-night-old-market-and-lab-cafe-bratislava-september-29-2017\/\">\u010d\u00edta\u0165 \u010falej &raquo;<\/a><\/span><\/p>\n","protected":false},"author":1,"featured_media":0,"parent":122,"menu_order":0,"comment_status":"closed","ping_status":"closed","template":"","meta":[],"_links":{"self":[{"href":"https:\/\/confolab.sav.sk\/ovsb\/en\/wp-json\/wp\/v2\/pages\/224"}],"collection":[{"href":"https:\/\/confolab.sav.sk\/ovsb\/en\/wp-json\/wp\/v2\/pages"}],"about":[{"href":"https:\/\/confolab.sav.sk\/ovsb\/en\/wp-json\/wp\/v2\/types\/page"}],"author":[{"embeddable":true,"href":"https:\/\/confolab.sav.sk\/ovsb\/en\/wp-json\/wp\/v2\/users\/1"}],"replies":[{"embeddable":true,"href":"https:\/\/confolab.sav.sk\/ovsb\/en\/wp-json\/wp\/v2\/comments?post=224"}],"version-history":[{"count":9,"href":"https:\/\/confolab.sav.sk\/ovsb\/en\/wp-json\/wp\/v2\/pages\/224\/revisions"}],"predecessor-version":[{"id":1640,"href":"https:\/\/confolab.sav.sk\/ovsb\/en\/wp-json\/wp\/v2\/pages\/224\/revisions\/1640"}],"up":[{"embeddable":true,"href":"https:\/\/confolab.sav.sk\/ovsb\/en\/wp-json\/wp\/v2\/pages\/122"}],"wp:attachment":[{"href":"https:\/\/confolab.sav.sk\/ovsb\/en\/wp-json\/wp\/v2\/media?parent=224"}],"curies":[{"name":"wp","href":"https:\/\/api.w.org\/{rel}","templated":true}]}}