{"id":205,"date":"2018-01-08T13:43:07","date_gmt":"2018-01-08T13:43:07","guid":{"rendered":"http:\/\/confolab.sav.sk\/ovsb\/en\/?page_id=205"},"modified":"2018-08-01T10:37:44","modified_gmt":"2018-08-01T08:37:44","slug":"contact-information","status":"publish","type":"page","link":"https:\/\/confolab.sav.sk\/ovsb\/en\/contact\/contact-information\/","title":{"rendered":"Contact information"},"content":{"rendered":"<h2>Address<\/h2>\n<p>Department of Cellular Cardiology<\/p>\n<p>Institute of Experimental Endocrinology<br \/>\nBiomedical Research Center SAS<br \/>\nD\u00fabravsk\u00e1 cesta 9<br \/>\n845 05 Bratislava<\/p>\n<p>Phone: +421 2 3229 5040<\/p>\n<p>E-mail: <a href=\"mailto:michal.cagalinec@savba.sk\">michal.cagalinec@savba.sk<\/a><\/p>\n<h2>Location<\/h2>\n<div class=\"footer_row\">\n<div class=\"footer_text\"><img decoding=\"async\" src=\"http:\/\/www.umfg.sav.sk\/wp-content\/themes\/akademia\/img\/layout\/footer\/gps.png\" alt=\"GPS\" \/> GPS: 48\u00b010&#8217;20.1&#8243;N 17\u00b004&#8217;04.9&#8243;E<\/div>\n<\/div>\n<p><iframe loading=\"lazy\" style=\"border: 0;\" src=\"https:\/\/www.google.com\/maps\/embed?pb=!1m18!1m12!1m3!1d1707.04212142585!2d17.06592431706247!3d48.172215271626605!2m3!1f0!2f0!3f0!3m2!1i1024!2i768!4f13.1!3m3!1m2!1s0x476c8c7745575e2f%3A0x16977ff9a920575!2sD%C3%BAbravsk%C3%A1+cesta+5780%2C+841+04+Karlova+Ves!5e1!3m2!1sen!2ssk!4v1463248629030\" width=\"600\" height=\"450\" frameborder=\"0\" allowfullscreen=\"allowfullscreen\"><\/iframe><\/p>\n<h2>How to get here<\/h2>\n<h3>By car:<\/h3>\n<p><i>From the west (direction from Brno):<\/i><\/p>\n<ul>\n<li>To get off the highway D2 (E65) use exit \u201cBratislava-Polianky\u201d, direction \u201cCentrum, Patr\u00f3nka\u201d. Pass the TESCO market located on your left, now you are on the Lama\u010dsk\u00e1 cesta street.<\/li>\n<li>From the road N\u00b02 you get to Lama\u010dsk\u00e1 cesta street passing TESCO market.<\/li>\n<li>Right turn on the first crossroad with traffic lights gets you to D\u00fabravsk\u00e1 cesta . Then go straight to the gate of the Slovak Academy of Sciences. There turn right on first crossroad, continue to NW up on the hill until the end of SAS campus heading to Institute of Virology (blue-grey bulding with red stripes). Before this building, to the right, there is the new Pavilion of Medical Sciences. Our Institute is located in block B.<\/li>\n<\/ul>\n<p><i>From downtown Bratislava:<\/i><\/p>\n<ul>\n<li>Coming by the D1 highway (E58, E75) connect to D2 highway (E65) in Bratislava-Petr\u017ealka, direction \u201cBrno\u201d. To get off D2 (E65) use the exit \u201cLafranconi\u201d on the Lafranconi bridge, direction \u201cMlynsk\u00e1 dolina\u201d. Pass through \u201cMlynsk\u00e1 dolina\u201d to \u201cPatr\u00f3nka\u201d crossroads. Turn left, direction \u201cBrno\u201d. Then continue until the next traffic light and turn left to Slovak Academy of Sciences campus.<\/li>\n<li>From downtown Bratislava, head out of the city, direction \u201cBrno\u201d. You get to the \u201cPatr\u00f3nka\u201d crossroads, proceed straight.<br \/>\nNext steps are described in previous point, paragraph 3.<\/li>\n<li>Inside the area turn right on the first crossroads, continue NW up the hill until the end of SAS campus heading to Institute of Virology (blue-grey building with red stripes). Before this building, to the right, there is the new Pavilion of Medical Sciences. Our Institute is located in block B.<\/li>\n<\/ul>\n<h3>By public transportation:<\/h3>\n<p><i>From railway station Hlavna stanica:<\/i><\/p>\n<ul>\n<li>Walk to \u201cPredstani\u010dn\u00e9 n\u00e1mestie\u201d, there take bus 21. Get off on the \u201cMokroh\u00e1jska\u201d bus stop. Walk to the other side of the road you came by, then through the grove. Pavilion of Medical Sciences is situated behind the grove. Our Institute is located in block B.<\/li>\n<\/ul>\n<p><i>From bus station Mlynsk\u00e9 nivy:<\/i><\/p>\n<ul>\n<li>Take bus 21. Get off on the \u201cMokroh\u00e1jska\u201d bus stop. Walk to the other side of the road you came by, then through the grove. Pavilion of Medical Sciences is situated behind the grove. Our Institute is located in block B.<\/li>\n<\/ul>\n<p><i>By public transit from other parts of Bratislava:<\/i><\/p>\n<ul>\n<li>By bus 21, 22, 30, 34, 38, 83. Get off on the \u201cMokroh\u00e1jska\u201d bus stop. Walk to the other side of the road you came by, then through the grove. Pavilion of Medical Sciences is situated behind the grove. Our Institute is located in block B.<\/li>\n<li>By bus 25, 37, 63, 92, 192, trolley 211, 212. Get off at the \u201cPatr\u00f3nka\u201d bus stop. Change to 21, 22, 30, 34, 38, 83. Get off on the \u201cMokroh\u00e1jska\u201d bus stop. Walk to the other side of the road you came by, then through the grove. Pavilion of Medical Sciences is situated behind the grove. Our Institute is located in block B.<\/li>\n<li>By bus 36. Get off at the \u201cD\u00fabravsk\u00e1 cesta\u201d bus stop located near the Pavilion of Medical Sciences. Our Institute is located in block B.<\/li>\n<\/ul>\n","protected":false},"excerpt":{"rendered":"<p>Address Department of Cellular Cardiology Institute of Experimental Endocrinology Biomedical Research Center SAS D\u00fabravsk\u00e1 cesta 9 845 05 Bratislava Phone: +421 2 3229 5040 E-mail:&#8230;<span class=\"excerpt_more\"><a href=\"https:\/\/confolab.sav.sk\/ovsb\/en\/contact\/contact-information\/\">\u010d\u00edta\u0165 \u010falej &raquo;<\/a><\/span><\/p>\n","protected":false},"author":1,"featured_media":0,"parent":32,"menu_order":10,"comment_status":"closed","ping_status":"closed","template":"","meta":[],"_links":{"self":[{"href":"https:\/\/confolab.sav.sk\/ovsb\/en\/wp-json\/wp\/v2\/pages\/205"}],"collection":[{"href":"https:\/\/confolab.sav.sk\/ovsb\/en\/wp-json\/wp\/v2\/pages"}],"about":[{"href":"https:\/\/confolab.sav.sk\/ovsb\/en\/wp-json\/wp\/v2\/types\/page"}],"author":[{"embeddable":true,"href":"https:\/\/confolab.sav.sk\/ovsb\/en\/wp-json\/wp\/v2\/users\/1"}],"replies":[{"embeddable":true,"href":"https:\/\/confolab.sav.sk\/ovsb\/en\/wp-json\/wp\/v2\/comments?post=205"}],"version-history":[{"count":5,"href":"https:\/\/confolab.sav.sk\/ovsb\/en\/wp-json\/wp\/v2\/pages\/205\/revisions"}],"predecessor-version":[{"id":584,"href":"https:\/\/confolab.sav.sk\/ovsb\/en\/wp-json\/wp\/v2\/pages\/205\/revisions\/584"}],"up":[{"embeddable":true,"href":"https:\/\/confolab.sav.sk\/ovsb\/en\/wp-json\/wp\/v2\/pages\/32"}],"wp:attachment":[{"href":"https:\/\/confolab.sav.sk\/ovsb\/en\/wp-json\/wp\/v2\/media?parent=205"}],"curies":[{"name":"wp","href":"https:\/\/api.w.org\/{rel}","templated":true}]}}