{"id":199,"date":"2018-01-08T13:39:31","date_gmt":"2018-01-08T13:39:31","guid":{"rendered":"http:\/\/confolab.sav.sk\/ovsb\/en\/?page_id=199"},"modified":"2024-09-12T10:14:27","modified_gmt":"2024-09-12T08:14:27","slug":"completed-projects","status":"publish","type":"page","link":"https:\/\/confolab.sav.sk\/ovsb\/en\/projects\/completed-projects\/","title":{"rendered":"Completed projects"},"content":{"rendered":"<h2>2017-2022<\/h2>\n<table class=\"list\" width=\"100%\">\n<tbody>\n<tr>\n<td width=\"10%\"><\/td>\n<td>\n<h3>International grants:<\/h3>\n<\/td>\n<\/tr>\n<tr>\n<td><a href=\"https:\/\/confolab.sav.sk\/ovsb\/en\/projects\/completed-projects\/european-joint-program-for-rare-diseases-ejp-rd-no-40-46300-98-1074\/\"><img decoding=\"async\" loading=\"lazy\" class=\"alignnone wp-image-416\" src=\"https:\/\/confolab.sav.sk\/ovsb\/en\/wp-content\/uploads\/sites\/2\/Sirmamthera-na-confolab-v1.png\" alt=\"mito\" width=\"80\" height=\"80\" \/><\/a><\/td>\n<td>European Joint Program for Rare Diseases (EJP-RD) No 40-46300-98-1074<br \/>\n<a href=\"https:\/\/confolab.sav.sk\/ovsb\/en\/projects\/completed-projects\/european-joint-program-for-rare-diseases-ejp-rd-no-40-46300-98-1074\/\"><i>Funding to organize the symposium SIRMAMTHERA\u201922 &#8211; Mitochondria-associated membranes as a therapeutic target in rare neurodegenerative diseases<\/i><\/a> (26.-27. 10. 2022)<br \/>\nPrincipal investigator: <a href=\"http:\/\/confolab.sav.sk\/ovsb\/en\/people\/researchers\/rndr-michal-cagalinec-phd\/\">Michal Cagalinec<\/a><\/td>\n<\/tr>\n<tr>\n<td><a href=\"http:\/\/confolab.sav.sk\/ovsb\/en\/projects\/completed-projects\/jrp-2019-836-ryrinheart\/\"><img decoding=\"async\" loading=\"lazy\" class=\"\" title=\"Patch-clamped cardiac myocyte\" src=\"http:\/\/confolab.sav.sk\/ovsb\/wp-content\/uploads\/Tubitak.jpg\" alt=\"image\" width=\"80\" height=\"74\" align=\"left\" hspace=\"3\" vspace=\"1\" \/><\/a><\/td>\n<td>JRP\/2019\/836\/RyRinHeart<br \/>\n<a href=\"http:\/\/confolab.sav.sk\/ovsb\/en\/projects\/completed-projects\/jrp-2019-836-ryrinheart\/\"><i>RyRinHeart &#8211; Discovery of Ryanodine Receptor Inhibitors for Heart Diseases <\/i><\/a>(2020 \u2013 2022)<br \/>\nPrincipal investigator: <a href=\"http:\/\/confolab.sav.sk\/ovsb\/en\/people\/researchers\/ing-alexandra-zahradnikova-drsc\/\">Alexandra Zahradn\u00edkov\u00e1<\/a> <\/td>\n<\/tr>\n<tr>\n<td><a href=\"http:\/\/confolab.sav.sk\/ovsb\/en\/projects\/completed-projects\/saspro-0063-01-02\/\"><img decoding=\"async\" loading=\"lazy\" class=\"alignnone wp-image-416\" src=\"https:\/\/confolab.sav.sk\/ovsb\/wp-content\/uploads\/mito.gif\" alt=\"mito\" width=\"80\" height=\"80\" \/><\/a><\/td>\n<td>SASPRO 0063\/01\/02<br \/>\n<a href=\"http:\/\/confolab.sav.sk\/ovsb\/en\/projects\/completed-projects\/saspro-0063-01-02\/\"><i>Mitochondria-endoplasmic reticulum functional interplay in Wolfram Syndrome: emerging role for heart and brain protection <\/i><\/a> (2015-2018)<br \/>\nPrincipal investigator: <a href=\"http:\/\/confolab.sav.sk\/ovsb\/en\/people\/researchers\/rndr-michal-cagalinec-phd\/\">Michal Cagalinec<\/a><\/td>\n<\/tr>\n<tr>\n<td width=\"10%\"><\/td>\n<td>\n<h3>Slovak Research and Development Agency (APVV):<\/h3>\n<\/td>\n<\/tr>\n<tr>\n<td><a href=\"http:\/\/confolab.sav.sk\/ovsb\/en\/projects\/completed-projects\/apvv-16-0452\/\"><img decoding=\"async\" loading=\"lazy\" class=\"\" title=\"ppis\" src=\"http:\/\/confolab.sav.sk\/ovsb\/wp-content\/uploads\/ppis.png\" alt=\"image\" width=\"80\" height=\"74\" align=\"left\" hspace=\"3\" vspace=\"1\" \/><\/a><\/td>\n<td>APVV-16-0452<br \/>\n<em><a href=\"http:\/\/confolab.sav.sk\/ovsb\/en\/projects\/completed-projects\/apvv-16-0452\/\">PPIS &#8211; Regulation of pericellular proteolysis: From molecular mechanisms to novel immune cell subsets and therapeutic tools<\/a><\/em> (2017-2021)<br \/>\nPrincipal investigator (IMB SAS): Vladim\u00edr Leksa<br \/>\nTeam leader at IEE BRC SAS: <a href=\"http:\/\/confolab.sav.sk\/ovsb\/en\/people\/researchers\/rndr-alexandra-zahradnikova-jr-phd\/\">Alexandra Zahradn\u00edkov\u00e1 jr.<\/a><\/td>\n<\/tr>\n<tr>\n<td><a href=\"http:\/\/confolab.sav.sk\/ovsb\/en\/projects\/completed-projects\/apvv-15-0302\/\"><img decoding=\"async\" loading=\"lazy\" class=\"\" title=\"Patch-clamped cardiac myocyte\" src=\"https:\/\/confolab.sav.sk\/sk\/images\/APVV1.gif\" alt=\"image\" width=\"80\" height=\"74\" align=\"left\" hspace=\"3\" vspace=\"1\" \/><\/a><\/td>\n<td>APVV-15-0302<br \/>\n<a href=\"http:\/\/confolab.sav.sk\/ovsb\/en\/projects\/completed-projects\/apvv-15-0302\/\"><i>Cytoarchitecture of calcium signalling of cardiac myocytes in development of myocardial hypertrophy <\/i><\/a>(2016 \u2013 2019)<br \/>\nPrincipal investigator: <a href=\"http:\/\/confolab.sav.sk\/ovsb\/en\/people\/researchers\/ing-alexandra-zahradnikova-drsc\/\">Alexandra Zahradn\u00edkov\u00e1<\/a> <\/td>\n<\/tr>\n<tr>\n<td><a href=\"http:\/\/confolab.sav.sk\/ovsb\/en\/projects\/completed-projects\/apvv-sk-fr-2015-0007\/\"><img decoding=\"async\" loading=\"lazy\" class=\"alignnone wp-image-418\" src=\"https:\/\/confolab.sav.sk\/ovsb\/wp-content\/uploads\/membranes-1.gif\" alt=\"membranes\" width=\"80\" height=\"80\" \/><\/a><\/td>\n<td>APVV-SK-FR-2015-0007<br \/>\n<a href=\"http:\/\/confolab.sav.sk\/ovsb\/en\/projects\/completed-projects\/apvv-sk-fr-2015-0007\/\"><i>Effect of endoplasmic reticulum stress on ultrastructure and metabolism of mammalian cardiomyocytes<\/i><\/a> (2016 \u2013 2017)<br \/>\nPrincipal investigator: <a href=\"http:\/\/confolab.sav.sk\/ovsb\/en\/people\/researchers\/rndr-marta-novotova-csc\/\">Marta Novotov\u00e1<\/a><\/td>\n<\/tr>\n<tr>\n<td width=\"10%\"><\/td>\n<td>\n<h3>Grant Agency for Science (VEGA):<\/h3>\n<\/td>\n<\/tr>\n<tr>\n<td> <a href=\"http:\/\/confolab.sav.sk\/ovsb\/en\/projects\/completed-projects\/vega-2-0121-19\/\"><img decoding=\"async\" loading=\"lazy\" class=\"wp-image-428 alignnone\" src=\"http:\/\/confolab.sav.sk\/ovsb\/wp-content\/uploads\/pictogram-image-for-web-page-Wfs1-recessive-dominant-v1.jpg\" alt=\"wave\" width=\"80\" height=\"80\" \/><\/a><\/td>\n<td>VEGA 2\/0121\/19<br \/>\n<a href=\"http:\/\/confolab.sav.sk\/ovsb\/en\/projects\/completed-projects\/vega-2-0121-19\/\"><i>Dominant mutations in Wolfram syndrome: different mechanism to the recessive ones?<\/i><\/a> (2019 \u2013 2022)<br \/>\nPrincipal investigator: <a href=\"http:\/\/confolab.sav.sk\/ovsb\/en\/people\/researchers\/rndr-michal-cagalinec-phd\/\">Michal Cagalinec<\/a><\/td>\n<\/tr>\n<tr>\n<td> <a href=\"http:\/\/confolab.sav.sk\/ovsb\/en\/projects\/completed-projects\/vega-2-0091-19\/\"><img decoding=\"async\" loading=\"lazy\" class=\"wp-image-428 alignnone\" src=\"http:\/\/confolab.sav.sk\/ovsb\/wp-content\/uploads\/Vega_marta.gif\" alt=\"wave\" width=\"80\" height=\"80\" \/><\/a><\/td>\n<td>VEGA 2\/0091\/19<br \/>\n<a href=\"http:\/\/confolab.sav.sk\/ovsb\/en\/projects\/completed-projects\/vega-2-0091-19\/\"><i>Mechanisms of skeletal muscle adaptation to regular exercise in patients with chronic metabolic and inflammatory disease<\/i><\/a> (2019 \u2013 2022)<br \/>\nPrincipal investigator: <a href=\"http:\/\/confolab.sav.sk\/ovsb\/en\/people\/researchers\/rndr-marta-novotova-csc\/\">Marta Novotov\u00e1<\/a><\/td>\n<\/tr>\n<tr>\n<td> <a href=\"http:\/\/confolab.sav.sk\/ovsb\/en\/projects\/completed-projects\/vega-2-0143-17\/\"><img decoding=\"async\" loading=\"lazy\" class=\"wp-image-428 alignnone\" src=\"http:\/\/confolab.sav.sk\/ovsb\/wp-content\/uploads\/wave.png\" alt=\"wave\" width=\"80\" height=\"80\" \/><\/a><\/td>\n<td>VEGA 2\/0143\/17<br \/>\n<a href=\"http:\/\/confolab.sav.sk\/ovsb\/en\/projects\/completed-projects\/vega-2-0143-17\/\"><i>Diastolic function of the ryanodine receptor and generation of arrhythmogenic calcium waves<\/i><\/a> (2017 \u2013 2019)<br \/>\nPrincipal investigator: <a href=\"http:\/\/confolab.sav.sk\/ovsb\/en\/people\/researchers\/ing-alexandra-zahradnikova-drsc\/\">Alexandra Zahradn\u00edkov\u00e1<\/a> (2017); <a href=\"http:\/\/confolab.sav.sk\/ovsb\/en\/people\/researchers\/rndr-alexandra-zahradnikova-jr-phd\/\">Alexandra Zahradn\u00edkov\u00e1, jr.<\/a> (2018-2019)<\/td>\n<\/tr>\n<tr>\n<td> <a href=\"http:\/\/confolab.sav.sk\/ovsb\/en\/projects\/completed-projects\/vega-2-0169-16\/\"><img decoding=\"async\" loading=\"lazy\" class=\"alignnone wp-image-416\" src=\"https:\/\/confolab.sav.sk\/ovsb\/wp-content\/uploads\/mito.gif\" alt=\"mito\" width=\"80\" height=\"80\" \/><\/a><\/td>\n<td>VEGA 2\/0169\/16<br \/>\n<a href=\"http:\/\/confolab.sav.sk\/ovsb\/en\/projects\/completed-projects\/vega-2-0169-16\/\"><i>Mitochondrial dynamics and morphology in transgenic model of Wolfram syndrome: emerging role for heart protection<\/i><\/a> (2016 \u2013 2018)<br \/>\nPrincipal investigator: <a href=\"http:\/\/confolab.sav.sk\/ovsb\/en\/people\/researchers\/rndr-michal-cagalinec-phd\/\">Michal Cagalinec<\/a><\/td>\n<\/tr>\n<tr>\n<td><a href=\"http:\/\/confolab.sav.sk\/ovsb\/en\/projects\/completed-projects\/vega-2-0110-15\/\"><img decoding=\"async\" loading=\"lazy\" class=\"alignnone wp-image-418\" src=\"https:\/\/confolab.sav.sk\/ovsb\/wp-content\/uploads\/membranes-1.gif\" alt=\"membranes\" width=\"80\" height=\"80\" \/><\/a><\/td>\n<td>VEGA 2\/0110\/15<br \/>\n<a href=\"http:\/\/confolab.sav.sk\/ovsb\/en\/projects\/completed-projects\/vega-2-0110-15\/\"><i>The effect of myocardial load on distribution of the endoplasmic membrane reticulum of cardiac myocytes<\/i><\/a> (2015 \u2013 2017)<br \/>\nPrincipal investigator: <a href=\"http:\/\/confolab.sav.sk\/ovsb\/en\/people\/researchers\/rndr-marta-novotova-csc\/\">Marta Novotov\u00e1<\/a><\/td>\n<\/tr>\n<tr>\n<td><a href=\"http:\/\/confolab.sav.sk\/ovsb\/en\/projects\/completed-projects\/vega-2-0095-15\/\"><img decoding=\"async\" loading=\"lazy\" class=\"alignnone wp-image-419\" src=\"http:\/\/confolab.sav.sk\/ovsb\/wp-content\/uploads\/twocolor-100x100.gif\" alt=\"twocolor\" width=\"80\" height=\"80\" \/><\/a><\/td>\n<td>VEGA 2\/0095\/15<br \/>\n<a href=\"http:\/\/confolab.sav.sk\/ovsb\/en\/projects\/completed-projects\/vega-2-0095-15\/\"><i>Expression and co-localization of dyadic protein complexes in ventricular myocytes in relation to excitation-contraction coupling ontogenesis<\/i><\/a> (2015 \u2013 2017)<br \/>\nPrincipal investigator: <a href=\"http:\/\/confolab.sav.sk\/ovsb\/en\/people\/researchers\/rndr-alexandra-zahradnikova-jr-phd\/\">Alexandra Zahradn\u00edkov\u00e1, jr.<\/a><\/td>\n<\/tr>\n<\/tbody>\n<\/table>\n<h2>2012-2015<\/h2>\n<table class=\"list\" width=\"100%\">\n<tbody>\n<tr>\n<td width=\"10%\"><\/td>\n<td>\n<h3>Slovak Research and Development Agency (APVV):<\/h3>\n<\/td>\n<\/tr>\n<tr>\n<td><a href=\"http:\/\/confolab.sav.sk\/ovsb\/en\/projects\/completed-projects\/apvv-0721-10\/\"><img decoding=\"async\" loading=\"lazy\" class=\"alignnone\" title=\"Patch-clamped cardiac myocyte\" src=\"https:\/\/confolab.sav.sk\/sk\/images\/APVV1.gif\" alt=\"image\" width=\"80\" height=\"74\" align=\"left\" hspace=\"3\" vspace=\"1\" \/><\/a><\/td>\n<td>APVV-0721-10<br \/>\n<a href=\"http:\/\/confolab.sav.sk\/ovsb\/en\/projects\/completed-projects\/apvv-0721-10\/\"><i>Myocardial remodelling &#8211; the role of calcium signalling (REMOD)  <\/i><\/a>(2011 \u2013 2014)<br \/>\nPrincipal investigator: <a href=\"http:\/\/confolab.sav.sk\/ovsb\/en\/people\/researchers\/ing-alexandra-zahradnikova-drsc\/\">Alexandra Zahradn\u00edkov\u00e1<\/a><\/td>\n<\/tr>\n<tr>\n<td><a href=\"http:\/\/confolab.sav.sk\/ovsb\/en\/projects\/completed-projects\/apvv-sk-fr-0021-11\/\"><img decoding=\"async\" loading=\"lazy\" class=\"alignnone size-full wp-image-441\" src=\"https:\/\/confolab.sav.sk\/ovsb\/wp-content\/uploads\/mito3.gif\" alt=\"mito3\" width=\"80\" height=\"80\" \/><\/a><\/td>\n<td>APVV-SK-FR-0021-11<br \/>\n<a href=\"http:\/\/confolab.sav.sk\/ovsb\/en\/projects\/completed-projects\/apvv-sk-fr-0021-11\/\"><i>Energetic cross-talk and cytoarchitecture of cardiac myocytes. Role of the mitochondrial protein OPA1.<\/i><\/a> (2012 \u2013 2013)<br \/>\nPrincipal investigator: <a href=\"http:\/\/confolab.sav.sk\/ovsb\/en\/people\/researchers\/rndr-marta-novotova-csc\/\">Marta Novotov\u00e1<\/a><\/td>\n<\/tr>\n<tr>\n<td><a href=\"http:\/\/confolab.sav.sk\/ovsb\/en\/projects\/completed-projects\/apvv-lpp-0441-09\/\"><img decoding=\"async\" loading=\"lazy\" class=\"alignnone size-full wp-image-436\" src=\"https:\/\/confolab.sav.sk\/ovsb\/wp-content\/uploads\/APVV4b.gif\" alt=\"APVV4b\" width=\"70\" height=\"68\" \/><\/a><\/td>\n<td>APVV-LPP-0441-09<br \/>\n<a href=\"http:\/\/confolab.sav.sk\/ovsb\/en\/projects\/completed-projects\/apvv-lpp-0441-09\/\"><i>Mechanisms of ryanodine receptor dysregulation<\/i><\/a> (2009 \u2013 2012)<br \/>\nPrincipal investigator: <a href=\"http:\/\/confolab.sav.sk\/ovsb\/en\/people\/researchers\/ing-alexandra-zahradnikova-drsc\/\">Alexandra Zahradn\u00edkov\u00e1<\/a><\/td>\n<\/tr>\n<tr>\n<td width=\"10%\"><\/td>\n<td>\n<h3>Grant Agency for Science (VEGA):<\/h3>\n<\/td>\n<\/tr>\n<\/tbody>\n<\/table>\n<table class=\"list\" width=\"100%\">\n<tbody>\n<tr>\n<td><a href=\"http:\/\/confolab.sav.sk\/ovsb\/en\/projects\/completed-projects\/vega-2-0148-14\/\"><img decoding=\"async\" loading=\"lazy\" class=\"alignnone wp-image-420\" src=\"http:\/\/confolab.sav.sk\/ovsb\/wp-content\/uploads\/molecule-100x100.gif\" alt=\"molecule\" width=\"80\" height=\"80\" \/><\/a><\/td>\n<td>VEGA 2\/0148\/14<br \/>\n<a href=\"http:\/\/confolab.sav.sk\/ovsb\/en\/projects\/completed-projects\/vega-2-0148-14\/\"><i>Structure-function relationships of the ryanodine receptor <\/i><\/a>(2014-2016)<br \/>\nPrincipal investigator: <a href=\"http:\/\/confolab.sav.sk\/ovsb\/en\/people\/researchers\/ing-alexandra-zahradnikova-drsc\/\">Alexandra Zahradn\u00edkov\u00e1<\/a><\/td>\n<\/tr>\n<tr>\n<td><a href=\"http:\/\/confolab.sav.sk\/ovsb\/en\/projects\/completed-projects\/vega-2-0147-14\/\"><img decoding=\"async\" loading=\"lazy\" class=\"\" title=\"Patch-clamped cardiac myocyte\" src=\"https:\/\/confolab.sav.sk\/sk\/images\/APVV1.gif\" alt=\"image\" width=\"80\" height=\"74\" align=\"left\" hspace=\"3\" vspace=\"1\" \/><\/a><\/td>\n<td>VEGA 2\/0147\/14<br \/>\n<a href=\"http:\/\/confolab.sav.sk\/ovsb\/en\/projects\/completed-projects\/vega-2-0147-14\/\"><i>Development of dyadic calcium signaling during postnatal maturation of ventricular myocytes<\/i><\/a> (2014-2016)<br \/>\nPrincipal investigator: <a href=\"http:\/\/confolab.sav.sk\/ovsb\/en\/people\/researchers\/rndr-ivan-zahradnik-csc\/\">Ivan Zahradn\u00edk<\/a><\/td>\n<\/tr>\n<tr>\n<td> <a href=\"http:\/\/confolab.sav.sk\/ovsb\/en\/projects\/completed-projects\/vega-2-0116-12\/\"><img decoding=\"async\" loading=\"lazy\" class=\"alignnone wp-image-418\" src=\"https:\/\/confolab.sav.sk\/ovsb\/wp-content\/uploads\/mito3.gif\" alt=\"membranes\" width=\"80\" height=\"80\" \/><\/a><\/td>\n<td>VEGA 2\/0116\/12<br \/>\n<a href=\"http:\/\/confolab.sav.sk\/ovsb\/en\/projects\/completed-projects\/vega-2-0116-12\/\"><i>Plasticity of the membrane systems of cardiac myocytes<\/i><\/a> (2012 \u2013 2014)<br \/>\nPrincipal investigator: <a href=\"http:\/\/confolab.sav.sk\/ovsb\/en\/people\/researchers\/rndr-marta-novotova-csc\/\">Marta Novotov\u00e1<\/a><\/td>\n<\/tr>\n<tr>\n<td><a href=\"http:\/\/confolab.sav.sk\/ovsb\/en\/projects\/completed-projects\/vega-2-0203-11\/\"><img decoding=\"async\" loading=\"lazy\" class=\"alignnone wp-image-785\" src=\"http:\/\/confolab.sav.sk\/ovsb\/wp-content\/uploads\/conductance-150x150.png\" alt=\"conductance\" width=\"80\" height=\"72\" \/><\/a><\/td>\n<td>VEGA 2\/0203\/11<br \/>\n<a href=\"http:\/\/confolab.sav.sk\/ovsb\/en\/projects\/completed-projects\/vega-2-0203-11\"><i>Sarcolemmal and membrane conductance dynamics in cardiac myocytes<\/i><\/a> (2011 \u2013 2013)<br \/>\nPrincipal investigator: <a href=\"http:\/\/confolab.sav.sk\/ovsb\/en\/people\/researchers\/rndr-ivan-zahradnik-csc\/\">Ivan Zahradn\u00edk<\/a><\/td>\n<\/tr>\n<tr>\n<td> <a href=\"http:\/\/confolab.sav.sk\/ovsb\/en\/projects\/completed-projects\/vega-2-0197-11\/\"><img decoding=\"async\" loading=\"lazy\" class=\"alignnone\" src=\"https:\/\/confolab.sav.sk\/sk\/images\/APVV1.gif\" alt=\"image\" width=\"80\" height=\"74\" align=\"left\" hspace=\"3\" vspace=\"1\" \/><\/a><\/td>\n<td>VEGA 2\/0197\/11<br \/>\n<a href=\"http:\/\/confolab.sav.sk\/ovsb\/en\/projects\/completed-projects\/vega-2-0197-11\/\"><i>Mechanisms of communication among ion channels of cardiomyocyte dyad<\/i><\/a> (2011 \u2013 2013)<br \/>\nPrincipal investigator: <a href=\"http:\/\/confolab.sav.sk\/ovsb\/en\/people\/researchers\/rndr-alexandra-zahradnikova-jr-phd\/\">Alexandra Zahradn\u00edkov\u00e1, jr.<\/a>, <a href=\"http:\/\/confolab.sav.sk\/ovsb\/en\/people\/researchers\/rndr-jana-pavelkova-csc\/\">Jana Pavelkov\u00e1<\/a><\/td>\n<\/tr>\n<tr>\n<td> <a href=\"http:\/\/http:\/\/confolab.sav.sk\/ovsb\/en\/projects\/completed-projects\/vega-2-0190-10\/\"><img decoding=\"async\" loading=\"lazy\" class=\"wp-image-428 alignnone\" src=\"http:\/\/confolab.sav.sk\/ovsb\/wp-content\/uploads\/wave1.gif\" alt=\"wave\" width=\"80\" height=\"80\" \/><\/a><\/td>\n<td>VEGA 2\/0190\/10<br \/>\n<a href=\"http:\/\/confolab.sav.sk\/ovsb\/en\/projects\/completed-projects\/vega-2-0190-10\/\"><i>Mechanisms of regulation of the diastolic activity of the ryanodine receptor<\/i><\/a> (2010 \u2013 2012)<br \/>\nPrincipal investigator: <a href=\"http:\/\/confolab.sav.sk\/ovsb\/en\/people\/researchers\/ing-alexandra-zahradnikova-drsc\/\">Alexandra Zahradn\u00edkov\u00e1<\/a><\/td>\n<\/tr>\n<\/tbody>\n<\/table>\n<h2>Selected older projects<\/h2>\n<table class=\"list\" width=\"100%\">\n<tbody>\n<tr>\n<td width=\"10%\"><\/td>\n<td>\n<h3>International grants:<\/h3>\n<\/td>\n<\/tr>\n<tr>\n<td><a href=\"http:\/\/confolab.sav.sk\/ovsb\/en\/projects\/completed-projects\/lshm-ct-2005-018833\/\"><img decoding=\"async\" loading=\"lazy\" class=\"\" title=\"Patch-clamped cardiac myocyte\" src=\"https:\/\/confolab.sav.sk\/sk\/images\/APVV1.gif\" alt=\"image\" width=\"80\" height=\"74\" align=\"left\" hspace=\"3\" vspace=\"1\" \/><\/a><\/td>\n<td>LSHM-CT-2005-018833<br \/>\n<a href=\"http:\/\/confolab.sav.sk\/ovsb\/en\/projects\/completed-projects\/lshm-ct-2005-018833\/\"><i>Genomics of cardiomyocyte signalling to treat and prevent heart failure <\/i><\/a>(2006-2010)<br \/>\nCoordinator: Gerd Hasenfuss, University of G\u00f6ttingen<br \/>\nTeam leader: <a href=\"http:\/\/confolab.sav.sk\/ovsb\/en\/people\/researchers\/ing-alexandra-zahradnikova-drsc\/\">Alexandra Zahradn\u00edkov\u00e1<\/a><\/td>\n<\/tr>\n<tr>\n<td><a href=\"http:\/\/confolab.sav.sk\/ovsb\/en\/projects\/completed-projects\/lshm-ct-2005-018802\/\"><img decoding=\"async\" loading=\"lazy\" class=\"alignnone wp-image-428\" src=\"http:\/\/confolab.sav.sk\/ovsb\/wp-content\/uploads\/wave1.gif\" alt=\"wave\" width=\"80\" height=\"80\" \/><\/a><\/td>\n<td>LSHM-CT-2005-018802<br \/>\n<a href=\"http:\/\/confolab.sav.sk\/ovsb\/en\/projects\/completed-projects\/lshm-ct-2005-018802\/\"><i>Control of Intracellular Calcium in Arrhythmias<\/i><\/a> (2006-2009)<br \/>\nCoordinator: Burkert Pieske, University of G\u00f6ttingen \/ University of Graz<br \/>\nTeam leader: <a href=\"http:\/\/confolab.sav.sk\/ovsb\/en\/people\/researchers\/ing-alexandra-zahradnikova-drsc\/\">Alexandra Zahradn\u00edkov\u00e1<\/a><\/td>\n<\/tr>\n<tr>\n<td><a href=\"http:\/\/confolab.sav.sk\/ovsb\/en\/projects\/completed-projects\/nih-firca-ro3-tw005543-2\/\"><img decoding=\"async\" loading=\"lazy\" class=\"alignnone wp-image-428\" src=\"http:\/\/confolab.sav.sk\/ovsb\/wp-content\/uploads\/wave1.gif\" alt=\"wave\" width=\"80\" height=\"80\" \/><\/a><\/td>\n<td>NIH FIRCA RO3 TW005543\/2<br \/>\n<a href=\"http:\/\/confolab.sav.sk\/ovsb\/en\/projects\/completed-projects\/nih-firca-ro3-tw005543-2\/\"><i>Reorganization of calcium signaling in heart failure <\/i><\/a>(2005-2008)<br \/>\nPrincipal Investigator: Sandor Gyorke, Ohio State University, Columbus, OH, USA<br \/>\nInternational Collaborator: <a href=\"http:\/\/confolab.sav.sk\/ovsb\/en\/people\/researchers\/ing-alexandra-zahradnikova-drsc\/\">Alexandra Zahradn\u00edkov\u00e1<\/a>, <a href=\"http:\/\/confolab.sav.sk\/ovsb\/en\/people\/researchers\/rndr-ivan-zahradnik-csc\/\">Ivan Zahradn\u00edk<\/a><\/td>\n<\/tr>\n<tr>\n<td><a href=\"http:\/\/confolab.sav.sk\/ovsb\/en\/projects\/completed-projects\/nih-firca-ro3-tw005543-1\/\"><img decoding=\"async\" loading=\"lazy\" class=\"\" title=\"Patch-clamped cardiac myocyte\" src=\"https:\/\/confolab.sav.sk\/sk\/images\/APVV1.gif\" alt=\"image\" width=\"80\" height=\"74\" align=\"left\" hspace=\"3\" vspace=\"1\" \/><\/a><\/td>\n<td>NIH FIRCA RO3 TW005543\/1<br \/>\n<a href=\"http:\/\/confolab.sav.sk\/ovsb\/en\/projects\/completed-projects\/nih-firca-ro3-tw005543-1\/\"><i>Calcium signalling in cardiac excitation-contraction coupling<\/i><\/a> (2001-2004)<br \/>\nPrincipal Investigator: Sandor Gyorke, Texas Tech University, Lubbock, TX, USA<br \/>\nInternational Collaborator: <a href=\"http:\/\/confolab.sav.sk\/ovsb\/en\/people\/researchers\/ing-alexandra-zahradnikova-drsc\/\">Alexandra Zahradn\u00edkov\u00e1<\/a>, <a href=\"http:\/\/confolab.sav.sk\/ovsb\/en\/people\/researchers\/rndr-ivan-zahradnik-csc\/\">Ivan Zahradn\u00edk<\/a><\/td>\n<\/tr>\n<tr>\n<td><a href=\"confolab.sav.sk\/ovsb\/en\/projects\/completed-projects\/hhmi-55000343\"><img decoding=\"async\" loading=\"lazy\" class=\"\" title=\"Patch-clamped cardiac myocyte\" src=\"https:\/\/confolab.sav.sk\/sk\/images\/APVV1.gif\" alt=\"image\" width=\"80\" height=\"74\" align=\"left\" hspace=\"3\" vspace=\"1\" \/><\/a><\/td>\n<td>HHMI-55000343<br \/>\n<a href=\"http:\/\/confolab.sav.sk\/ovsb\/en\/projects\/completed-projects\/hhmi-55000343\/\"><i>Molecular mechanisms of calcium signaling in cardiac excitation-contraction coupling <\/i><\/a>(2001-2005)<br \/>\nPrincipal investigator: <a href=\"http:\/\/confolab.sav.sk\/ovsb\/en\/people\/researchers\/ing-alexandra-zahradnikova-drsc\/\">Alexandra Zahradn\u00edkov\u00e1<\/a><\/td>\n<\/tr>\n<tr>\n<td><a href=\"http:\/\/confolab.sav.sk\/ovsb\/en\/projects\/completed-projects\/hhmi-75195547801\/\"><img decoding=\"async\" loading=\"lazy\" class=\"alignnone size-full wp-image-436\" src=\"https:\/\/confolab.sav.sk\/ovsb\/wp-content\/uploads\/APVV4b.gif\" alt=\"APVV4b\" width=\"70\" height=\"68\" \/><\/a><\/td>\n<td>HHMI-75195547801<br \/>\n<a href=\"http:\/\/confolab.sav.sk\/ovsb\/en\/projects\/completed-projects\/hhmi-75195547801\/\"><i>Ryanodine receptor and excitation-contraction coupling <\/i><\/a>(1995-2000)<br \/>\nPrincipal investigator: <a href=\"http:\/\/confolab.sav.sk\/ovsb\/en\/people\/researchers\/ing-alexandra-zahradnikova-drsc\/\">Alexandra Zahradn\u00edkov\u00e1<\/a><\/td>\n<\/tr>\n<tr>\n<td width=\"10%\"><\/td>\n<td>\n<h3>Slovak Research and Development Agency (APVV):<\/h3>\n<\/td>\n<\/tr>\n<tr>\n<td><a href=\"http:\/\/confolab.sav.sk\/ovsb\/en\/projects\/completed-projects\/apvv-sk-cz-0172-09\/\"><img decoding=\"async\" loading=\"lazy\" class=\"alignnone wp-image-787\" src=\"http:\/\/confolab.sav.sk\/ovsb\/wp-content\/uploads\/myo-150x150.png\" alt=\"myo\" width=\"80\" height=\"69\" \/><\/a><\/td>\n<td>APVV-SK-CZ-0172-09<br \/>\n<a href=\"http:\/\/confolab.sav.sk\/ovsb\/en\/projects\/completed-projects\/apvv-sk-cz-0172-09\/\"><i>Cell and molecular physiology of cardiomyocytes<\/i><\/a> (2010 \u2013 2011)<br \/>\nPrincipal investigator: <a href=\"http:\/\/confolab.sav.sk\/ovsb\/en\/people\/researchers\/ing-alexandra-zahradnikova-drsc\/\">Alexandra Zahradn\u00edkov\u00e1<\/a><\/td>\n<\/tr>\n<tr>\n<td><a href=\"http:\/\/confolab.sav.sk\/ovsb\/en\/projects\/completed-projects\/apvv-0139-06\/\"><img decoding=\"async\" loading=\"lazy\" class=\"alignnone size-full wp-image-438\" src=\"https:\/\/confolab.sav.sk\/ovsb\/wp-content\/uploads\/RyR.gif\" alt=\"RyR\" width=\"80\" height=\"80\" \/><\/a><\/td>\n<td>APVV-0139-06<br \/>\n<a href=\"http:\/\/confolab.sav.sk\/ovsb\/en\/projects\/completed-projects\/apvv-0139-06\/\"><i>SaFRyR: Structure-function relationships of the ryanodine receptor domains involved in CPVT arrhythmias<\/i><\/a> (2007 \u2013 2009)<br \/>\nPrincipal Investigator: Jozef \u0160ev\u010d\u00edk<\/td>\n<\/tr>\n<tr>\n<td><a href=\"http:\/\/confolab.sav.sk\/ovsb\/en\/projects\/completed-projects\/apvt-51-031104\/\"><img decoding=\"async\" loading=\"lazy\" class=\"\" title=\"Patch-clamped cardiac myocyte\" src=\"https:\/\/confolab.sav.sk\/sk\/images\/APVV1.gif\" alt=\"image\" width=\"80\" height=\"74\" align=\"left\" hspace=\"3\" vspace=\"1\" \/><\/a><\/td>\n<td>APVT-51-031104<br \/>\n<a href=\"http:\/\/confolab.sav.sk\/ovsb\/en\/projects\/completed-projects\/apvt-51-031104\/\"><i>Mechanism of excitation-contraction coupling in normal and failing mammalian myocardium  <\/i><\/a>(2005 \u2013 2007)<br \/>\nPrincipal investigator: <a href=\"http:\/\/confolab.sav.sk\/ovsb\/en\/people\/researchers\/rndr-ivan-zahradnik-csc\/\">Ivan Zahradn\u00edk<\/a><\/td>\n<\/tr>\n<tr>\n<td width=\"10%\"><\/td>\n<td>\n<h3>Other domestic grants:<\/h3>\n<\/td>\n<\/tr>\n<tr>\n<td><\/td>\n<td>\u201e\u0160tef\u00e1nik\u201c \u2013 No. 11<br \/>\n<i>Architecture cellulaire et transferts d\u00b4energie dans les cellules cardiaques et musculaires <\/i> (2004 &#8211; 2005)<br \/>\nPrincipal investigator: <a href=\"http:\/\/confolab.sav.sk\/ovsb\/en\/people\/researchers\/rndr-marta-novotova-csc\/\">Marta Novotov\u00e1<\/a><\/td>\n<\/tr>\n<\/tbody>\n<\/table>\n","protected":false},"excerpt":{"rendered":"<p>2017-2022 International grants: European Joint Program for Rare Diseases (EJP-RD) No 40-46300-98-1074 Funding to organize the symposium SIRMAMTHERA\u201922 &#8211; Mitochondria-associated membranes as a therapeutic target&#8230;<span class=\"excerpt_more\"><a href=\"https:\/\/confolab.sav.sk\/ovsb\/en\/projects\/completed-projects\/\">\u010d\u00edta\u0165 \u010falej &raquo;<\/a><\/span><\/p>\n","protected":false},"author":1,"featured_media":0,"parent":20,"menu_order":20,"comment_status":"closed","ping_status":"closed","template":"","meta":[],"_links":{"self":[{"href":"https:\/\/confolab.sav.sk\/ovsb\/en\/wp-json\/wp\/v2\/pages\/199"}],"collection":[{"href":"https:\/\/confolab.sav.sk\/ovsb\/en\/wp-json\/wp\/v2\/pages"}],"about":[{"href":"https:\/\/confolab.sav.sk\/ovsb\/en\/wp-json\/wp\/v2\/types\/page"}],"author":[{"embeddable":true,"href":"https:\/\/confolab.sav.sk\/ovsb\/en\/wp-json\/wp\/v2\/users\/1"}],"replies":[{"embeddable":true,"href":"https:\/\/confolab.sav.sk\/ovsb\/en\/wp-json\/wp\/v2\/comments?post=199"}],"version-history":[{"count":57,"href":"https:\/\/confolab.sav.sk\/ovsb\/en\/wp-json\/wp\/v2\/pages\/199\/revisions"}],"predecessor-version":[{"id":1713,"href":"https:\/\/confolab.sav.sk\/ovsb\/en\/wp-json\/wp\/v2\/pages\/199\/revisions\/1713"}],"up":[{"embeddable":true,"href":"https:\/\/confolab.sav.sk\/ovsb\/en\/wp-json\/wp\/v2\/pages\/20"}],"wp:attachment":[{"href":"https:\/\/confolab.sav.sk\/ovsb\/en\/wp-json\/wp\/v2\/media?parent=199"}],"curies":[{"name":"wp","href":"https:\/\/api.w.org\/{rel}","templated":true}]}}