{"id":198,"date":"2018-01-08T13:39:31","date_gmt":"2018-01-08T13:39:31","guid":{"rendered":"http:\/\/confolab.sav.sk\/ovsb\/en\/?page_id=198"},"modified":"2024-09-12T09:36:11","modified_gmt":"2024-09-12T07:36:11","slug":"active-projects","status":"publish","type":"page","link":"https:\/\/confolab.sav.sk\/ovsb\/en\/projects\/active-projects\/","title":{"rendered":"Active projects"},"content":{"rendered":"<table class=\"list\" width=\"100%\">\n<tbody>\n<tr>\n<td width=\"10%\"><\/td>\n<td>\n<h3>International grants:<\/h3>\n<\/td>\n<\/tr>\n<tr>\n<td> <a href=\"https:\/\/confolab.sav.sk\/ovsb\/en\/projects\/active-projects\/cost-ca23156\/\"><img decoding=\"async\" loading=\"lazy\" class=\"wp-image-428 alignnone\" src=\"https:\/\/confolab.sav.sk\/ovsb\/en\/wp-content\/uploads\/sites\/2\/COST-logo-na-confolab.png\" alt=\"wave\" width=\"80\" height=\"80\" \/><\/a><\/td>\n<td>COST CA23156<br \/>\n<a href=\"https:\/\/confolab.sav.sk\/ovsb\/en\/projects\/active-projects\/cost-ca23156\/\"><i>European Network for Sigma-1 Receptor as a Therapeutic Opportunity (SIGMA-1EUROPE)<\/i><\/a> (2024 \u2013 2028)<br \/>\nPrincipal investigator: Tangui Maurice<br \/>\nPrincipal investigator (SK): <a href=\"http:\/\/confolab.sav.sk\/ovsb\/en\/people\/researchers\/rndr-michal-cagalinec-phd\/\">Michal Cagalinec<\/a><\/td>\n<\/tr>\n<tr>\n<td><a href=\"http:\/\/confolab.sav.sk\/ovsb\/en\/projects\/active-projects\/era-cvd_jtc2019-055\/\"><img decoding=\"async\" loading=\"lazy\" class=\"\" title=\"Patch-clamped cardiac myocyte\" src=\"http:\/\/confolab.sav.sk\/ovsb\/wp-content\/uploads\/ERANET-1.png\" alt=\"image\" width=\"80\" height=\"74\" align=\"left\" hspace=\"3\" vspace=\"1\" \/><\/a><\/td>\n<td>ERA-CVD_JTC2019-055<br \/>\n<a href=\"http:\/\/confolab.sav.sk\/ovsb\/en\/projects\/active-projects\/era-cvd_jtc2019-055\/\"><i>HF-MetaB &#8211; Metabolic therapy of heart failure: which role for B vitamins <\/i><\/a>(2020 \u2013 2024)<br \/>\nPrincipal investigator: <a href=\"http:\/\/confolab.sav.sk\/ovsb\/en\/people\/researchers\/rndr-alexandra-zahradnikova-jr-phd\/\">Alexandra Zahradn\u00edkov\u00e1 jr.<\/a> <\/td>\n<\/tr>\n<tr>\n<td width=\"10%\"><\/td>\n<td>\n<h3>Slovak Research and Development Agency (APVV):<\/h3>\n<\/td>\n<\/tr>\n<tr>\n<td> <a href=\"http:\/\/confolab.sav.sk\/ovsb\/en\/projects\/active-projects\/apvv-21-0473\/\"><img decoding=\"async\" loading=\"lazy\" class=\"wp-image-428 alignnone\" src=\"http:\/\/confolab.sav.sk\/ovsb\/wp-content\/uploads\/pictogram-image-for-web-page-Wfs1-recessive-dominant-v1.jpg\" alt=\"wave\" width=\"80\" height=\"80\" \/><\/a><\/td>\n<td>APVV-21-0473<br \/>\n<a href=\"http:\/\/confolab.sav.sk\/ovsb\/en\/projects\/active-projects\/apvv-21-0473\/\"><i>Mutations associated with Wolfram syndrome: alternative signaling pathways for calcium and mitochondrial physiology<\/i><\/a> (2022 \u2013 2026)<br \/>\nPrincipal investigator: <a href=\"http:\/\/confolab.sav.sk\/ovsb\/en\/people\/researchers\/rndr-michal-cagalinec-phd\/\">Michal Cagalinec<\/a><\/td>\n<\/tr>\n<tr>\n<td><a href=\"http:\/\/confolab.sav.sk\/ovsb\/en\/projects\/active-projects\/apvv-21-0443\/\"><img decoding=\"async\" loading=\"lazy\" class=\"\" title=\"Patch-clamped cardiac myocyte\" src=\"http:\/\/confolab.sav.sk\/ovsb\/wp-content\/uploads\/ERANET-1.png\" alt=\"image\" width=\"80\" height=\"74\" align=\"left\" hspace=\"3\" vspace=\"1\" \/><\/a><\/td>\n<td>APVV-21-0443<br \/>\n<a href=\"http:\/\/confolab.sav.sk\/ovsb\/en\/projects\/active-projects\/apvv-21-0443\/\"><i>Mitochondrial disease in heart failure <\/i><\/a>(2022 \u2013 2026)<br \/>\nPrincipal investigator: <a href=\"http:\/\/confolab.sav.sk\/ovsb\/en\/people\/researchers\/rndr-alexandra-zahradnikova-jr-phd\/\">Alexandra Zahradn\u00edkov\u00e1 jr.<\/a> <\/td>\n<\/tr>\n<tr>\n<td width=\"10%\"><\/td>\n<td>\n<h3>Grant Agency for Science (VEGA):<\/h3>\n<\/td>\n<\/tr>\n<tr>\n<td><a href=\"http:\/\/confolab.sav.sk\/ovsb\/en\/projects\/active-projects\/vega-2-0182-21\/\"><img decoding=\"async\" loading=\"lazy\" class=\"\" title=\"Patch-clamped cardiac myocyte\" src=\"http:\/\/confolab.sav.sk\/ovsb\/wp-content\/uploads\/ERANET-1.png\" alt=\"image\" width=\"80\" height=\"74\" align=\"left\" hspace=\"3\" vspace=\"1\" \/><\/a><\/td>\n<td>VEGA 2\/20182\/21<br \/>\n<a href=\"http:\/\/confolab.sav.sk\/ovsb\/en\/projects\/active-projects\/vega-2-0182-21\/\"><i>Dyad remodelling in cardiomyocytes in experimental therapy of failing heart <\/i><\/a>(2021 \u2013 2024)<br \/>\nPrincipal investigator: <a href=\"http:\/\/confolab.sav.sk\/ovsb\/en\/people\/researchers\/rndr-alexandra-zahradnikova-jr-phd\/\">Alexandra Zahradn\u00edkov\u00e1 jr.<\/a> <\/td>\n<\/tr>\n<\/tbody>\n<\/table>\n","protected":false},"excerpt":{"rendered":"<p>International grants: COST CA23156 European Network for Sigma-1 Receptor as a Therapeutic Opportunity (SIGMA-1EUROPE) (2024 \u2013 2028) Principal investigator: Tangui Maurice Principal investigator (SK): Michal&#8230;<span class=\"excerpt_more\"><a href=\"https:\/\/confolab.sav.sk\/ovsb\/en\/projects\/active-projects\/\">\u010d\u00edta\u0165 \u010falej &raquo;<\/a><\/span><\/p>\n","protected":false},"author":1,"featured_media":0,"parent":20,"menu_order":10,"comment_status":"closed","ping_status":"closed","template":"","meta":[],"_links":{"self":[{"href":"https:\/\/confolab.sav.sk\/ovsb\/en\/wp-json\/wp\/v2\/pages\/198"}],"collection":[{"href":"https:\/\/confolab.sav.sk\/ovsb\/en\/wp-json\/wp\/v2\/pages"}],"about":[{"href":"https:\/\/confolab.sav.sk\/ovsb\/en\/wp-json\/wp\/v2\/types\/page"}],"author":[{"embeddable":true,"href":"https:\/\/confolab.sav.sk\/ovsb\/en\/wp-json\/wp\/v2\/users\/1"}],"replies":[{"embeddable":true,"href":"https:\/\/confolab.sav.sk\/ovsb\/en\/wp-json\/wp\/v2\/comments?post=198"}],"version-history":[{"count":89,"href":"https:\/\/confolab.sav.sk\/ovsb\/en\/wp-json\/wp\/v2\/pages\/198\/revisions"}],"predecessor-version":[{"id":1708,"href":"https:\/\/confolab.sav.sk\/ovsb\/en\/wp-json\/wp\/v2\/pages\/198\/revisions\/1708"}],"up":[{"embeddable":true,"href":"https:\/\/confolab.sav.sk\/ovsb\/en\/wp-json\/wp\/v2\/pages\/20"}],"wp:attachment":[{"href":"https:\/\/confolab.sav.sk\/ovsb\/en\/wp-json\/wp\/v2\/media?parent=198"}],"curies":[{"name":"wp","href":"https:\/\/api.w.org\/{rel}","templated":true}]}}