{"id":1849,"date":"2024-11-28T16:28:01","date_gmt":"2024-11-28T15:28:01","guid":{"rendered":"https:\/\/confolab.sav.sk\/ovsb\/en\/?page_id=1849"},"modified":"2024-11-28T16:39:22","modified_gmt":"2024-11-28T15:39:22","slug":"creative-resilience-art-by-women-in-science","status":"publish","type":"page","link":"https:\/\/confolab.sav.sk\/ovsb\/en\/activities\/events\/creative-resilience-art-by-women-in-science\/","title":{"rendered":"Creative Resilience \u2013 Art by Women in Science"},"content":{"rendered":"<p><script type=\"text\/javascript\">\n<!--\nfunction launch(newURL, newName, newFeatures, orgName) {\n  var remote = open(newURL, newName, newFeatures);\n  if (remote.opener == null)\n    remote.opener = window;\n  remote.opener.name = orgName;\n  return remote;\n}\n\nfunction launchRemote(name) {\n  var address =  name;\n  myRemote = launch(address ,\n                    \"Okno\",\n                    \"height=500, width=850, left=50, top=50, alwaysLowered=0, alwaysRaised=0, channelmode=0, dependent=0, directories=0, fullscreen=0, hotkeys=1, location=0, menubar=0, resizable=0, scrollbars=0, status=0, titlebar=1, toolbar=0, z-lock=0\",\n                    \"myWindow\");\n}\n\/\/ -->>\n<\/script><button onclick=\"goBack()\">Back<\/button><br \/>\n<script>\t \t \nfunction goBack() { window.history.go(-1); }\t \t \n<\/script><\/p>\n<p>The electron microscopy images titled &#8220;The Virus in Us and I in Science,&#8221; which were created in response to the COVID-19 pandemic, were exhibited at the UNESCO exhibition &#8220;Creative Resilience \u2013 Art by Women in Science&#8221; in Paris, showcasing the artistic works of 54 female scientists from 31 countries (October 28 to December 1, 2021) \u2013 M. Novotov\u00e1 https:\/\/unesdoc.unesco.org\/ark:\/48223\/pf0000379451<\/p>\n<table border=\"0\" width=\"100%\" cellspacing=\"1\" cellpadding=\"2\">\n<\/table>\n<p><img decoding=\"async\" loading=\"lazy\" title=\"\" src=\"https:\/\/confolab.sav.sk\/ovsb\/en\/wp-content\/uploads\/sites\/2\/UNESCO-Covid.png\" alt=\"\" width=\"600\" height=\"600\" hspace=\"3\" vspace=\"3\" \/> <\/p>\n","protected":false},"excerpt":{"rendered":"<p>Back The electron microscopy images titled &#8220;The Virus in Us and I in Science,&#8221; which were created in response to the COVID-19 pandemic, were exhibited&#8230;<span class=\"excerpt_more\"><a href=\"https:\/\/confolab.sav.sk\/ovsb\/en\/activities\/events\/creative-resilience-art-by-women-in-science\/\">\u010d\u00edta\u0165 \u010falej &raquo;<\/a><\/span><\/p>\n","protected":false},"author":1,"featured_media":0,"parent":122,"menu_order":0,"comment_status":"closed","ping_status":"closed","template":"","meta":[],"_links":{"self":[{"href":"https:\/\/confolab.sav.sk\/ovsb\/en\/wp-json\/wp\/v2\/pages\/1849"}],"collection":[{"href":"https:\/\/confolab.sav.sk\/ovsb\/en\/wp-json\/wp\/v2\/pages"}],"about":[{"href":"https:\/\/confolab.sav.sk\/ovsb\/en\/wp-json\/wp\/v2\/types\/page"}],"author":[{"embeddable":true,"href":"https:\/\/confolab.sav.sk\/ovsb\/en\/wp-json\/wp\/v2\/users\/1"}],"replies":[{"embeddable":true,"href":"https:\/\/confolab.sav.sk\/ovsb\/en\/wp-json\/wp\/v2\/comments?post=1849"}],"version-history":[{"count":8,"href":"https:\/\/confolab.sav.sk\/ovsb\/en\/wp-json\/wp\/v2\/pages\/1849\/revisions"}],"predecessor-version":[{"id":1859,"href":"https:\/\/confolab.sav.sk\/ovsb\/en\/wp-json\/wp\/v2\/pages\/1849\/revisions\/1859"}],"up":[{"embeddable":true,"href":"https:\/\/confolab.sav.sk\/ovsb\/en\/wp-json\/wp\/v2\/pages\/122"}],"wp:attachment":[{"href":"https:\/\/confolab.sav.sk\/ovsb\/en\/wp-json\/wp\/v2\/media?parent=1849"}],"curies":[{"name":"wp","href":"https:\/\/api.w.org\/{rel}","templated":true}]}}