{"id":184,"date":"2018-01-08T13:36:49","date_gmt":"2018-01-08T13:36:49","guid":{"rendered":"http:\/\/confolab.sav.sk\/ovsb\/en\/?page_id=184"},"modified":"2024-07-24T15:54:20","modified_gmt":"2024-07-24T13:54:20","slug":"recent-publications","status":"publish","type":"page","link":"https:\/\/confolab.sav.sk\/ovsb\/en\/publications\/recent-publications\/","title":{"rendered":"Recent publications"},"content":{"rendered":"<p><script type=\"text\/javascript\">\n<!--\nfunction launch(newURL, newName, newFeatures, orgName) {\n  var remote = open(newURL, newName, newFeatures);\n  if (remote.opener == null)\n    remote.opener = window;\n  remote.opener.name = orgName;\n  return remote;\n}\n\nfunction launchRemote(name) {\n  var address =  name;\n  myRemote = launch(address ,\n                    \"Okno\",\n                    \"height=500, width=850, left=50, top=50, alwaysLowered=0, alwaysRaised=0, channelmode=0, dependent=0, directories=0, fullscreen=0, hotkeys=1, location=0, menubar=0, resizable=0, scrollbars=0, status=0, titlebar=1, toolbar=0, z-lock=0\",\n                    \"myWindow\");\n}\n\/\/ -->>\n<\/script><\/p>\n<h2>In this section the papers published in the last five years are shown. The list shows both, publications conceived in the department, and publications where members of the department collaborated with colleagues.&nbsp;&nbsp;&nbsp;&nbsp;&nbsp;<button onclick=\"goBack()\">Back<\/button><br \/>\n<script>\t \t \nfunction goBack() { window.history.go(-1); }\t \t \n<\/script><\/h2>\n<table class=\"list\" border=\"0\" width=\"100%\" cellspacing=\"0\" cellpadding=\"4\">\n<tbody>\n<tr>\n<td class=\"small\"><a href='javascript:launchRemote(\"https:\/\/pubmed.ncbi.nlm.nih.gov\/39034309\/\")'><img decoding=\"async\" class=\"alignnone wp-image-1111\" src=\"https:\/\/confolab.sav.sk\/ovsb\/wp-content\/uploads\/NatureComunication.jpg\" alt=\"FrontiersPhysiol\" width=\"75\" \/><\/a><\/td>\n<td class=\"two\">Liiv M, Vaarmann A, Safiulina D, Choubey V, Gupta R, Kuum M, Janickova L, Hodurova Z, <strong>Cagalinec M<\/strong>, Zeb A, Hickey MA, Huang YL, Gogichaishvili N, Mandel M, Plaas M, Vasar E, Loncke J, Vervliet T, Tsai TF, Bultynck G, Veksler V, Kaasik A (2024). <a href='javascript:launchRemote(\"https:\/\/pubmed.ncbi.nlm.nih.gov\/39034309\/\")'>ER calcium depletion as a key driver for impaired ER-to-mitochondria calcium transfer and mitochondrial dysfunction in Wolfram syndrome.<\/a>. <i>Nat Commun<\/i> 15: 6143. doi: 10.1038\/s41467-024-50502-x.<\/td>\n<\/tr>\n<tr>\n<td class=\"small\"><a href='javascript:launchRemote(\"https:\/\/pubmed.ncbi.nlm.nih.gov\/38736658\/\")'><img decoding=\"async\" class=\"alignnone wp-image-1111\" src=\"\" alt=\"\" width=\"75\" \/><\/a><\/td>\n<td class=\"two\">Jakic K, Selc M, Razga F, Nemethova V, Mazancova P, Havel F, Sramek M, Zarska M, Proska J, Masanova V, Uhnakova I, Makovicky P, <strong>Novotova M<\/strong>, Vykoukal V, Babelova A (2024). <a href='javascript:launchRemote(\"https:\/\/pubmed.ncbi.nlm.nih.gov\/38736658\/\")'>Long-term accumulation, biological effects and toxicity of BSA-coated gold nanoparticles in the mouse liver, spleen, and kidneys<\/a>. <i>Int J Nanomedicine<\/i> 19: 4103-4120. doi: 10.2147\/IJN.S443168.<\/td>\n<\/tr>\n<tr>\n<td class=\"small\"><a href='javascript:launchRemote(\"https:\/\/pubmed.ncbi.nlm.nih.gov\/38235041\/\")'><img decoding=\"async\" class=\"alignnone wp-image-1111\" src=\"https:\/\/confolab.sav.sk\/ovsb\/wp-content\/uploads\/NeurologyGenetics.jpg\" alt=\"FrontiersPhysiol\" width=\"75\" \/><\/a><\/td>\n<td class=\"two\">Rambani V, Kolnikova M, <strong>Cagalinec M<\/strong>, Skopkova M, Gasperikova D (2023). <a href='javascript:launchRemote(\"https:\/\/pubmed.ncbi.nlm.nih.gov\/38235041\/\")'>PMPCA-related encephalopathy: Novel variants, phenotype extension, and mitochondrial morphology<\/a>. <i>Neurol Genet<\/i> 9: e200106. doi: 10.1212\/NXG.0000000000200106. eCollection 2023 Dec.<\/td>\n<\/tr>\n<tr>\n<td class=\"small\"><a href='javascript:launchRemote(\"https:\/\/pubmed.ncbi.nlm.nih.gov\/36609141\/\")'><img decoding=\"async\" class=\"alignnone wp-image-1111\" src=\"http:\/\/confolab.sav.sk\/ovsb\/wp-content\/uploads\/BiophysJnew.jpg\" alt=\"FrontiersPhysiol\" width=\"75\" \/><\/a><\/td>\n<td class=\"two\"><strong>Baglaeva I<\/strong>, <strong>Iaparov B<\/strong>, <strong>Zahradnik I<\/strong>, <strong>Zahradnikova A<\/strong> (2023). <a href='javascript:launchRemote(\"https:\/\/pubmed.ncbi.nlm.nih.gov\/36609141\/\")'>Analysis of noisy transient signals based on Gaussian process regression<\/a>. <i>Biophys J<\/i> 122: 451\u2013459. doi: 10.1016\/j.bpj.2023.01.003.<\/td>\n<\/tr>\n<tr>\n<td class=\"small\"><a href='javascript:launchRemote(\"https:\/\/pubmed.ncbi.nlm.nih.gov\/36558869\/\")'><img decoding=\"async\" loading=\"lazy\" class=\"alignnone wp-image-1111\" src=\"http:\/\/confolab.sav.sk\/ovsb\/wp-content\/uploads\/pathogens-logo.png\" alt=\"FrontiersPhysiol\" width=\"75\" height=\"17\" \/><\/a><\/td>\n<td class=\"two\">Koci J, <strong>Novotova M<\/strong>, Slavikova M, Klempa B, <strong>Zahradnik I<\/strong><\/strong> (2022). <a href='javascript:launchRemote(\"https:\/\/pubmed.ncbi.nlm.nih.gov\/36558869\/\")'>SARS-CoV-2 Exploits Non-Canonical Autophagic Processes to Replicate, Mature, and Egress the Infected Vero E6 Cells<\/a>. <i>Pathogens<\/i> 11: 1535. doi: 10.3390\/pathogens11121535.<\/td>\n<\/tr>\n<tr>\n<td class=\"small\"><a href='javascript:launchRemote(\"https:\/\/pubmed.ncbi.nlm.nih.gov\/35145426\/\")'><img decoding=\"async\" loading=\"lazy\" class=\"alignnone wp-image-1111\" src=\"https:\/\/confolab.sav.sk\/ovsb\/wp-content\/uploads\/FrontiersPhysiol.jpg\" alt=\"FrontiersPhysiol\" width=\"75\" height=\"17\" \/><\/a><\/td>\n<td class=\"two\"><strong>Iaparov B<\/strong>, <strong>Baglaeva I<\/strong>, <strong>Zahradnik I<\/strong>, <strong>Zahradnikova A<\/strong> (2022). <a href='javascript:launchRemote(\"https:\/\/pubmed.ncbi.nlm.nih.gov\/35145426\/\")'>Magnesium ions moderate calcium-induced calcium release in cardiac calcium release sites by binding to ryanodine receptor activation and inhibition sites<\/a>. <i>Front Physiol<\/i> 12: 805956. doi: 10.3389\/fphys.2021.805956.<\/td>\n<\/tr>\n<tr>\n<td class=\"small\"><a href='javascript:launchRemote(\"https:\/\/pubmed.ncbi.nlm.nih.gov\/34535195\/\")'><img decoding=\"async\" loading=\"lazy\" width=\"75\" height=\"20\" class=\"alignnone\" src=\"http:\/\/confolab.sav.sk\/ovsb\/wp-content\/uploads\/BiolSexDiffer.png\"><\/a><\/td>\n<td class=\"two\">Grimbert L, Sanz MN, Gressette M, Rucker-Martin C, <strong>Novotova M<\/strong>, Solgadi A, Karoui A, Gomez S, Bedouet K, Jacquet E, Lemaire C, Veksler V, Mericskay M, Ventura-Clapier R, Piquereau JM, Garnier A (2021): <a href='javascript:launchRemote(\"https:\/\/pubmed.ncbi.nlm.nih.gov\/34535195\/\")'>Spatiotemporal AMPK alpha 2 deletion in mice induces cardiac dysfunction, fibrosis and cardiolipin remodeling associated with mitochondrial dysfunction in males only<\/a>. <i>Biol Sex Differ<\/i>, vol 12: 52. doi: 10.1186\/s13293-021-00394-z.<\/td>\n<\/tr>\n<tr>\n<td class=\"small\"><a href='javascript:launchRemote(\"https:\/\/pubmed.ncbi.nlm.nih.gov\/34118053\/\")'><img decoding=\"async\" loading=\"lazy\" width=\"75\" height=\"104\" class=\"alignnone\" src=\"http:\/\/confolab.sav.sk\/ovsb\/wp-content\/uploads\/Mitochondrial_Medicine.jpg\"><\/a><\/td>\n<td class=\"two\">Marcek Chorvatova A, <strong>Cagalinec M<\/strong>, Chorvat D Jr (2021): <a href='javascript:launchRemote(\"https:\/\/pubmed.ncbi.nlm.nih.gov\/34118053\/\")'>Time-resolved imaging of mitochondrial flavin fluorescence and its applications for evaluating the oxidative state in living cardiac cells<\/a>. <i>Mitochondrial Medicine. Methods in Molecular Biology<\/i>, vol 2275, chapter 26: 403-414. Humana, New York, NY. Volume 1: Targeting Mitochondria, Weissig V., Edeas M. (eds), ISBN 978-1-0716-1262-0, doi: 10.1007\/978-1-0716-1262-0_26.<\/td>\n<\/tr>\n<tr>\n<td class=\"small\"><a href='javascript:launchRemote(\"https:\/\/pubmed.ncbi.nlm.nih.gov\/34111951\/\")'><img decoding=\"async\" loading=\"lazy\" width=\"80\" height=\"104\" alt=\"Circ Res\" src=\"http:\/\/confolab.sav.sk\/ovsb\/wp-content\/uploads\/Circulation_Research.gif\"><\/a><\/td>\n<td class=\"two\">Yin L, <strong>Zahradnikova A Jr<\/strong>, Rizzetto R, Boncompani S, Rabesahala de Meritens C, Zhang Y, Joanne P, Marques Sule E, Aguilar-Torres Y, Fernandez-Tenorio M, Villejoubert O, Li L, Wang YY, Mateo P, Nicolas V, Gerbaud P, Lai FA, Perrier R, Alvarez JL, Niggli E, Valdivia HH, Valdivia CR, Ramos-Franco J, Zorio E, Zissimopoulos S, Protasi F, Benitah JP, Gomez AM  (2021): <a href='javascript:launchRemote(\"https:\/\/pubmed.ncbi.nlm.nih.gov\/34111951\/\")'>Impaired binding to junctophilin2 and nanostructural alteration in CPVT mutation<\/a>. <i>Circ Res<\/i> 129: e35-e52 doi: 10.1161\/CIRCRESAHA.121.319094.<\/td>\n<\/tr>\n<tr>\n<td class=\"small\" width=\"5%\"><a href='javascript:launchRemote(\"https:\/\/pubmed.ncbi.nlm.nih.gov\/33735373\/\")'><img decoding=\"async\" loading=\"lazy\" class=\"alignnone wp-image-1114\" src=\"http:\/\/confolab.sav.sk\/ovsb\/wp-content\/uploads\/m_jgp_2021_153_4.cover_.png\" alt=\"JGP\" width=\"80\" height=\"104\" \/><\/a><\/td>\n<td class=\"two\"><strong>Iaparov B<\/strong>, <strong>Zahradnik I<\/strong>, Moskvin AS, <strong>Zahradnikova A<\/strong> (2021): <a href='javascript:launchRemote(\"https:\/\/pubmed.ncbi.nlm.nih.gov\/33735373\/\")'>In silico simulations reveal that RYR distribution affects the dynamics of calcium release in cardiac myocytes<\/a>. <i>J Gen Physiol<\/i> 153: e202012685 doi: 10.1085\/jgp.202012685.<\/td>\n<\/tr>\n<tr>\n<td class=\"small\"><a href='javascript:launchRemote(\"https:\/\/pubmed.ncbi.nlm.nih.gov\/33084603\/\")'><img decoding=\"async\" loading=\"lazy\" width=\"75\" height=\"104\" class=\"alignnone\" src=\"http:\/\/confolab.sav.sk\/ovsb\/wp-content\/uploads\/GPB-1.jpg\"><\/a><\/td>\n<td class=\"two\">Kurekova S, Plaas M, <strong>Cagalinec M<\/strong> (2020): <a href='javascript:launchRemote(\"https:\/\/pubmed.ncbi.nlm.nih.gov\/33084603\/\")'>Short Communication: Lack of functional wolframin causes drop in  plasmalemmal sodium-calcium exchanger type  1 expression at  early stage in  rat model of  Wolfram syndrome<\/a>. <i>Gen Physiol Biophys<\/i> 39: 499\u2013503 doi: 10.4149\/gpb_2020017.<\/td>\n<\/tr>\n<tr>\n<td class=\"small\"><a href='javascript:launchRemote(\"https:\/\/pubmed.ncbi.nlm.nih.gov\/32590063\/\")'><img decoding=\"async\" class=\"alignnone wp-image-1111\" src=\"http:\/\/confolab.sav.sk\/ovsb\/wp-content\/uploads\/ProgBiophysMolBiol-e1590139461171.jpg\" alt=\"Prog Biophys Mol Biol\" width=\"75\" \/><\/a><\/td>\n<td class=\"two\">Bebarova M, Pasek M, <strong>Zahradnik I<\/strong> (2020): <a href='javascript:launchRemote(\"https:\/\/pubmed.ncbi.nlm.nih.gov\/32590063\/\")'>Editorial: Toward more accurate data in cardiac cellular electrophysiology<\/a>. <i>Prog Biophys Mol Biol<\/i> 157: 1-2 doi: 10.1016\/j.pbiomolbio.2020.06.006.<\/td>\n<\/tr>\n<tr>\n<td class=\"small\"><a href='javascript:launchRemote(\"https:\/\/pubmed.ncbi.nlm.nih.gov\/33134298\/\")'><img decoding=\"async\" class=\"alignnone wp-image-1111\" src=\"http:\/\/confolab.sav.sk\/ovsb\/wp-content\/uploads\/FrontCellDevBiol.jpg\" alt=\"Front Cell Dev Biol\" width=\"75\" \/><\/a><\/td>\n<td class=\"two\"> Piquereau J, Veksler V, <strong>Novotova M<\/strong>, Ventura-Clapier R (2020): <a href='javascript:launchRemote(\"https:\/\/pubmed.ncbi.nlm.nih.gov\/33134298\/\")'>Energetic interactions between subcellular organelles in striated muscles<\/a>. <i>Front Cell Dev Biol<\/i> 8: 581045 doi: 10.3389\/fcell.2020.581045.<\/td>\n<\/tr>\n<tr>\n<td class=\"small\"><a href='javascript:launchRemote(\"https:\/\/www.biorxiv.org\/content\/10.1101\/2020.08.26.260968v1\")'><img decoding=\"async\" class=\"alignnone wp-image-1111\" src=\"http:\/\/confolab.sav.sk\/ovsb\/wp-content\/uploads\/bioRxiv_article.jpg\" alt=\"Prog Biophys Mol Biol\" width=\"75\" \/><\/a><\/td>\n<td class=\"two\"> <strong>Iaparov B<\/strong>, <strong>Zahradnik I<\/strong>, Moskvin AS, <strong>Zahradnikova A<\/strong> (2020): <a href='javascript:launchRemote(\"https:\/\/www.biorxiv.org\/content\/10.1101\/2020.08.26.260968v1\")'>Synergy of calcium release site determinants in control of calcium release events in cardiac myocytes<\/a>. <i>bioRXiv<\/i> :  doi: https:\/\/doi.org\/10.1101\/2020.08.26.260968.<\/td>\n<\/tr>\n<tr>\n<td class=\"small\"><a href='javascript:launchRemote(\"https:\/\/pubmed.ncbi.nlm.nih.gov\/32790800\/\")'><img decoding=\"async\" loading=\"lazy\" width=\"75\" height=\"54\" class=\"alignnone wp-image-1110\" alt=\"PLoSOne\" src=\"https:\/\/confolab.sav.sk\/ovsb\/wp-content\/uploads\/PLoSOne.jpg\"><\/a><\/td>\n<td class=\"two\">Leskova A, Labajova M, Krausko M, <strong>Zahradnikova A Jr<\/strong>, Baluska F, Micieta K, Tur\u0148a K, Jasik J  (2020): <a href='javascript:launchRemote(\"https:\/\/pubmed.ncbi.nlm.nih.gov\/32790800\/\")'>Endosidin 2 accelerates PIN2 endocytosis and disturbs intracellular trafficking of PIN2, PIN3, and PIN4 but not of SYT1<\/a>. <i>PLoS One<\/i> 15: e0237448, doi: 10.1371\/journal.pone.0237448. eCollection 2020.<\/td>\n<\/tr>\n<tr>\n<td class=\"small\"><a href='javascript:launchRemote(\"https:\/\/pubs.rsc.org\/en\/content\/articlepdf\/2020\/ra\/d0ra03133j\")'><img decoding=\"async\" class=\"alignnone wp-image-1111\" src=\"http:\/\/confolab.sav.sk\/ovsb\/wp-content\/uploads\/RSC_Adv_logo.png\" alt=\"Prog Biophys Mol Biol\" width=\"75\" \/><\/a><\/td>\n<td class=\"two\">Selc M, Razga F, Nemethova V, Mazancova P, Ursinyova M, <strong>Novotova M<\/strong>, Kopecka K, Gabelova A, Babelova A (2020): <a href='javascript:launchRemote(\"https:\/\/pubs.rsc.org\/en\/content\/articlepdf\/2020\/ra\/d0ra03133j\")'>Surface coating determines the inflammatory potential of magnetite nanoparticles in murine renal podocytes and mesangial cells<\/a>. <i>RSC Adv<\/i> 10: 23916\u201323929 doi: 10.1039\/d0ra03133j.<\/td>\n<\/tr>\n<tr>\n<td class=\"small\"><a href='javascript:launchRemote(\"https:\/\/www.ncbi.nlm.nih.gov\/pubmed\/32416189\")'><img decoding=\"async\" class=\"alignnone wp-image-1111\" src=\"http:\/\/confolab.sav.sk\/ovsb\/wp-content\/uploads\/ProgBiophysMolBiol-e1590139461171.jpg\" alt=\"Prog Biophys Mol Biol\" width=\"75\" \/><\/a><\/td>\n<td class=\"two\"><strong>Zahradnikova A<\/strong>, <strong>Iaparov B<\/strong>, <strong>Zahradnik I<\/strong> (2020): <a href='javascript:launchRemote(\"https:\/\/www.ncbi.nlm.nih.gov\/pubmed\/32416189\")'>The problem of accuracy in single-channel open probability measurements<\/a>. <i>Prog Biophys Mol Biol<\/i> 157: 94-106 doi: 10.1016\/j.pbiomolbio.2020.05.002.<\/td>\n<\/tr>\n<tr>\n<td class=\"small\"><a href='javascript:launchRemote(\"https:\/\/www.ncbi.nlm.nih.gov\/pubmed\/32415205\")'><img decoding=\"async\" width=\"75\" class=\"alignnone wp-image-1110\" alt=\"SciRep\" src=\"http:\/\/confolab.sav.sk\/ovsb\/wp-content\/uploads\/SciRep-1-300x111.jpg\"><\/a><\/td>\n<td class=\"two\"><strong>Novotova M<\/strong>, <strong>Zahradnikova A Jr<\/strong>, Nichtova Z, Kovac R, Kralova E, Stankovicova T, <strong>Zahradnikova A<\/strong>, <strong>Zahradnik I<\/strong> (2020): <a href='javascript:launchRemote(\"https:\/\/www.ncbi.nlm.nih.gov\/pubmed\/32415205\")'>Structural variability of dyads relates to calcium release in rat ventricular myocytes<\/a>. <i>Sci Rep<\/i> 10: 8076 doi: 10.1038\/s41598-020-64840-5.<\/td>\n<\/tr>\n<tr>\n<td class=\"small\"><a href='javascript:launchRemote(\"https:\/\/www.ncbi.nlm.nih.gov\/pubmed\/32059483\")'><img decoding=\"async\" class=\"alignnone wp-image-1111\" src=\"http:\/\/confolab.sav.sk\/ovsb\/wp-content\/uploads\/cells-logo-1.png\"  width=\"75\" \/><\/a><\/td>\n<td class=\"two\">Pires Da Silva J, Monceaux K, Guilbert A, Gressette M, Piquereau J, <strong>Novotova M<\/strong>, Ventura-Clapier R, Garnier A, Lemaire C (2020): <a href='javascript:launchRemote(\"https:\/\/www.ncbi.nlm.nih.gov\/pubmed\/32059483\")'>SIRT1 Protects the Heart from ER Stress-Induced Injury by Promoting eEF2K\/eEF2-Dependent Autophagy<\/a>. <i>Cells.<\/i> 9: E426 doi: 10.3390\/cells9020426.<\/td>\n<\/tr>\n<tr>\n<td class=\"small\"><a href='javascript:launchRemote(\"https:\/\/www.ncbi.nlm.nih.gov\/pubmed\/32047116\")'><img decoding=\"async\" class=\"alignnone wp-image-1111\" src=\"http:\/\/confolab.sav.sk\/ovsb\/wp-content\/uploads\/SciSignal.gif\"  width=\"75\" \/><\/a><\/td>\n<td class=\"two\">Hotka M, <strong>Cagalinec M<\/strong>, Hilber K, Hool L, Boehm S, Kubista H (2020): <a href='javascript:launchRemote(\"https:\/\/www.ncbi.nlm.nih.gov\/pubmed\/32047116\")'>L-type Ca2+ channel-mediated Ca2+ influx adjusts neuronal mitochondrial function to physiological and pathophysiological conditions<\/a>. <i>Sci Signal.<\/i> 13: eaaw6923 doi: 10.1126\/scisignal.aaw6923.<\/td>\n<\/tr>\n<tr>\n<td class=\"small\"><a href='javascript:launchRemote(\"https:\/\/www.ncbi.nlm.nih.gov\/pubmed\/31822999\")'><img decoding=\"async\" class=\"alignnone wp-image-1111\" src=\"http:\/\/confolab.sav.sk\/ovsb\/wp-content\/uploads\/Pflugers-1.jpg\"  width=\"75\" \/><\/a><\/td>\n<td class=\"two\">Ebner J, <strong>Cagalinec M<\/strong>, Kubista H, Todt H, Szabo PL, Kiss A, Podesser BK, Cserne Szappanos H, Hool LC, Hilber K, Koenig X (2020): <a href='javascript:launchRemote(\"https:\/\/www.ncbi.nlm.nih.gov\/pubmed\/31822999\")'>Neuronal nitric oxide synthase regulation of calcium cycling in ventricular cardiomyocytes is independent of Cav1.2 channel modulation under basal conditions<\/a>. <i>Pflugers Arch.<\/i> 472: 61-74 doi: 10.1007\/s00424-019-02335-7.<\/td>\n<\/tr>\n<\/tbody>\n<\/table>\n","protected":false},"excerpt":{"rendered":"<p>In this section the papers published in the last five years are shown. The list shows both, publications conceived in the department, and publications where&#8230;<span class=\"excerpt_more\"><a href=\"https:\/\/confolab.sav.sk\/ovsb\/en\/publications\/recent-publications\/\">\u010d\u00edta\u0165 \u010falej &raquo;<\/a><\/span><\/p>\n","protected":false},"author":1,"featured_media":0,"parent":18,"menu_order":10,"comment_status":"closed","ping_status":"closed","template":"","meta":[],"_links":{"self":[{"href":"https:\/\/confolab.sav.sk\/ovsb\/en\/wp-json\/wp\/v2\/pages\/184"}],"collection":[{"href":"https:\/\/confolab.sav.sk\/ovsb\/en\/wp-json\/wp\/v2\/pages"}],"about":[{"href":"https:\/\/confolab.sav.sk\/ovsb\/en\/wp-json\/wp\/v2\/types\/page"}],"author":[{"embeddable":true,"href":"https:\/\/confolab.sav.sk\/ovsb\/en\/wp-json\/wp\/v2\/users\/1"}],"replies":[{"embeddable":true,"href":"https:\/\/confolab.sav.sk\/ovsb\/en\/wp-json\/wp\/v2\/comments?post=184"}],"version-history":[{"count":60,"href":"https:\/\/confolab.sav.sk\/ovsb\/en\/wp-json\/wp\/v2\/pages\/184\/revisions"}],"predecessor-version":[{"id":1662,"href":"https:\/\/confolab.sav.sk\/ovsb\/en\/wp-json\/wp\/v2\/pages\/184\/revisions\/1662"}],"up":[{"embeddable":true,"href":"https:\/\/confolab.sav.sk\/ovsb\/en\/wp-json\/wp\/v2\/pages\/18"}],"wp:attachment":[{"href":"https:\/\/confolab.sav.sk\/ovsb\/en\/wp-json\/wp\/v2\/media?parent=184"}],"curies":[{"name":"wp","href":"https:\/\/api.w.org\/{rel}","templated":true}]}}