{"id":1838,"date":"2024-11-28T15:32:21","date_gmt":"2024-11-28T14:32:21","guid":{"rendered":"https:\/\/confolab.sav.sk\/ovsb\/en\/?page_id=1838"},"modified":"2024-11-28T15:38:59","modified_gmt":"2024-11-28T14:38:59","slug":"book-publication-rozvoj-biofyziky-na-slovensku","status":"publish","type":"page","link":"https:\/\/confolab.sav.sk\/ovsb\/en\/activities\/events\/book-publication-rozvoj-biofyziky-na-slovensku\/","title":{"rendered":"Book publication: Rozvoj biofyziky na Slovensku"},"content":{"rendered":"<p><script type=\"text\/javascript\">\n<!--\nfunction launch(newURL, newName, newFeatures, orgName) {\n  var remote = open(newURL, newName, newFeatures);\n  if (remote.opener == null)\n    remote.opener = window;\n  remote.opener.name = orgName;\n  return remote;\n}\n\nfunction launchRemote(name) {\n  var address =  name;\n  myRemote = launch(address ,\n                    \"Okno\",\n                    \"height=500, width=850, left=50, top=50, alwaysLowered=0, alwaysRaised=0, channelmode=0, dependent=0, directories=0, fullscreen=0, hotkeys=1, location=0, menubar=0, resizable=0, scrollbars=0, status=0, titlebar=1, toolbar=0, z-lock=0\",\n                    \"myWindow\");\n}\n\/\/ -->>\n<\/script><button onclick=\"goBack()\">Back<\/button><br \/>\n<script>\t \t \nfunction goBack() { window.history.go(-1); }\t \t \n<\/script><\/p>\n<p>Book publication: A. Mar\u010dek Chorv\u00e1tov\u00e1, M. Klacsov\u00e1, I. Zahradn\u00edk, \u201cRozvoj biofyziky na Slovensku\u201d (https:\/\/skbs.sk\/wp-content\/uploads\/2024\/02\/FAF_biofyzika_slovensko_1923-2023.pdf ) mapping the history and current status of biophysics in Slovakia, written for lay audience.<\/p>\n<table border=\"0\" width=\"100%\" cellspacing=\"1\" cellpadding=\"2\">\n<\/table>\n<p><img decoding=\"async\" loading=\"lazy\" title=\"\" src=\"https:\/\/confolab.sav.sk\/ovsb\/en\/wp-content\/uploads\/sites\/2\/Book.png\" alt=\"\" width=\"250\" height=\"360\" hspace=\"3\" vspace=\"3\" \/> <\/p>\n","protected":false},"excerpt":{"rendered":"<p>Back Book publication: A. Mar\u010dek Chorv\u00e1tov\u00e1, M. Klacsov\u00e1, I. Zahradn\u00edk, \u201cRozvoj biofyziky na Slovensku\u201d (https:\/\/skbs.sk\/wp-content\/uploads\/2024\/02\/FAF_biofyzika_slovensko_1923-2023.pdf ) mapping the history and current status of biophysics in&#8230;<span class=\"excerpt_more\"><a href=\"https:\/\/confolab.sav.sk\/ovsb\/en\/activities\/events\/book-publication-rozvoj-biofyziky-na-slovensku\/\">\u010d\u00edta\u0165 \u010falej &raquo;<\/a><\/span><\/p>\n","protected":false},"author":1,"featured_media":0,"parent":122,"menu_order":0,"comment_status":"closed","ping_status":"closed","template":"","meta":[],"_links":{"self":[{"href":"https:\/\/confolab.sav.sk\/ovsb\/en\/wp-json\/wp\/v2\/pages\/1838"}],"collection":[{"href":"https:\/\/confolab.sav.sk\/ovsb\/en\/wp-json\/wp\/v2\/pages"}],"about":[{"href":"https:\/\/confolab.sav.sk\/ovsb\/en\/wp-json\/wp\/v2\/types\/page"}],"author":[{"embeddable":true,"href":"https:\/\/confolab.sav.sk\/ovsb\/en\/wp-json\/wp\/v2\/users\/1"}],"replies":[{"embeddable":true,"href":"https:\/\/confolab.sav.sk\/ovsb\/en\/wp-json\/wp\/v2\/comments?post=1838"}],"version-history":[{"count":6,"href":"https:\/\/confolab.sav.sk\/ovsb\/en\/wp-json\/wp\/v2\/pages\/1838\/revisions"}],"predecessor-version":[{"id":1846,"href":"https:\/\/confolab.sav.sk\/ovsb\/en\/wp-json\/wp\/v2\/pages\/1838\/revisions\/1846"}],"up":[{"embeddable":true,"href":"https:\/\/confolab.sav.sk\/ovsb\/en\/wp-json\/wp\/v2\/pages\/122"}],"wp:attachment":[{"href":"https:\/\/confolab.sav.sk\/ovsb\/en\/wp-json\/wp\/v2\/media?parent=1838"}],"curies":[{"name":"wp","href":"https:\/\/api.w.org\/{rel}","templated":true}]}}