{"id":1806,"date":"2024-11-28T14:25:18","date_gmt":"2024-11-28T13:25:18","guid":{"rendered":"https:\/\/confolab.sav.sk\/ovsb\/en\/?page_id=1806"},"modified":"2024-11-28T15:06:01","modified_gmt":"2024-11-28T14:06:01","slug":"organization-of-the-slovak-biophysical-society-congress","status":"publish","type":"page","link":"https:\/\/confolab.sav.sk\/ovsb\/en\/activities\/events\/organization-of-the-slovak-biophysical-society-congress\/","title":{"rendered":"Organization of the Slovak Biophysical Society congress"},"content":{"rendered":"<p><script type=\"text\/javascript\">\n<!--\nfunction launch(newURL, newName, newFeatures, orgName) {\n  var remote = open(newURL, newName, newFeatures);\n  if (remote.opener == null)\n    remote.opener = window;\n  remote.opener.name = orgName;\n  return remote;\n}\n\nfunction launchRemote(name) {\n  var address =  name;\n  myRemote = launch(address ,\n                    \"Okno\",\n                    \"height=500, width=850, left=50, top=50, alwaysLowered=0, alwaysRaised=0, channelmode=0, dependent=0, directories=0, fullscreen=0, hotkeys=1, location=0, menubar=0, resizable=0, scrollbars=0, status=0, titlebar=1, toolbar=0, z-lock=0\",\n                    \"myWindow\");\n}\n\/\/ -->>\n<\/script><button onclick=\"goBack()\">Back<\/button><br \/>\n<script>\t \t \nfunction goBack() { window.history.go(-1); }\t \t \n<\/script><\/p>\n<p>Organization of the Slovak Biophysical Society (SKBS) congress, May 3-5, 2022, Smolenice, Slovakia.<br \/>\nHead of the organizing committee: M. Cagalinec<br \/>\nOrganizing Committee: Head, M. Cagalinec. Members, A. Zahradn\u00edkov\u00e1 Jr, A. Zahradn\u00edkov\u00e1, J. Pavelkov\u00e1, B. Iaparov, I. Baglaeva.<br \/>\nMembers of the Scientific Committee: M. Cagalinec, A. Zahradn\u00edkov\u00e1<\/p>\n<table border=\"0\" width=\"100%\" cellspacing=\"1\" cellpadding=\"2\">\n<\/table>\n<p><img decoding=\"async\" loading=\"lazy\" title=\"\" src=\"https:\/\/confolab.sav.sk\/ovsb\/en\/wp-content\/uploads\/sites\/2\/SKBS-symposium-2022.png\" alt=\"\" width=\"500\" height=\"240\" hspace=\"3\" vspace=\"3\" \/> <\/p>\n","protected":false},"excerpt":{"rendered":"<p>Back Organization of the Slovak Biophysical Society (SKBS) congress, May 3-5, 2022, Smolenice, Slovakia. Head of the organizing committee: M. Cagalinec Organizing Committee: Head, M&#8230;.<span class=\"excerpt_more\"><a href=\"https:\/\/confolab.sav.sk\/ovsb\/en\/activities\/events\/organization-of-the-slovak-biophysical-society-congress\/\">\u010d\u00edta\u0165 \u010falej &raquo;<\/a><\/span><\/p>\n","protected":false},"author":1,"featured_media":0,"parent":122,"menu_order":0,"comment_status":"closed","ping_status":"closed","template":"","meta":[],"_links":{"self":[{"href":"https:\/\/confolab.sav.sk\/ovsb\/en\/wp-json\/wp\/v2\/pages\/1806"}],"collection":[{"href":"https:\/\/confolab.sav.sk\/ovsb\/en\/wp-json\/wp\/v2\/pages"}],"about":[{"href":"https:\/\/confolab.sav.sk\/ovsb\/en\/wp-json\/wp\/v2\/types\/page"}],"author":[{"embeddable":true,"href":"https:\/\/confolab.sav.sk\/ovsb\/en\/wp-json\/wp\/v2\/users\/1"}],"replies":[{"embeddable":true,"href":"https:\/\/confolab.sav.sk\/ovsb\/en\/wp-json\/wp\/v2\/comments?post=1806"}],"version-history":[{"count":16,"href":"https:\/\/confolab.sav.sk\/ovsb\/en\/wp-json\/wp\/v2\/pages\/1806\/revisions"}],"predecessor-version":[{"id":1830,"href":"https:\/\/confolab.sav.sk\/ovsb\/en\/wp-json\/wp\/v2\/pages\/1806\/revisions\/1830"}],"up":[{"embeddable":true,"href":"https:\/\/confolab.sav.sk\/ovsb\/en\/wp-json\/wp\/v2\/pages\/122"}],"wp:attachment":[{"href":"https:\/\/confolab.sav.sk\/ovsb\/en\/wp-json\/wp\/v2\/media?parent=1806"}],"curies":[{"name":"wp","href":"https:\/\/api.w.org\/{rel}","templated":true}]}}