{"id":1783,"date":"2024-11-28T09:58:28","date_gmt":"2024-11-28T08:58:28","guid":{"rendered":"https:\/\/confolab.sav.sk\/ovsb\/en\/?page_id=1783"},"modified":"2024-11-28T11:54:41","modified_gmt":"2024-11-28T10:54:41","slug":"summer-school-2022","status":"publish","type":"page","link":"https:\/\/confolab.sav.sk\/ovsb\/en\/activities\/they-said-about-us\/on-tv-and-on-radio\/summer-school-2022\/","title":{"rendered":"Summer School 2022"},"content":{"rendered":"<p><script type=\"text\/javascript\">\n<!--\nfunction launch(newURL, newName, newFeatures, orgName) {\n  var remote = open(newURL, newName, newFeatures);\n  if (remote.opener == null)\n    remote.opener = window;\n  remote.opener.name = orgName;\n  return remote;\n}\n\nfunction launchRemote(name) {\n  var address =  name;\n  myRemote = launch(address ,\n                    \"Okno\",\n                    \"height=500, width=850, left=50, top=50, alwaysLowered=0, alwaysRaised=0, channelmode=0, dependent=0, directories=0, fullscreen=0, hotkeys=1, location=0, menubar=0, resizable=0, scrollbars=0, status=0, titlebar=1, toolbar=0, z-lock=0\",\n                    \"myWindow\");\n}\n\/\/ -->>\n<\/script><button onclick=\"goBack()\">Back<\/button><br \/>\n<script>\t \t \nfunction goBack() { window.history.go(-1); }\t \t \n<\/script><\/p>\n<p>The Summer school for young scientists was organized by Marta Novotov\u00e1 and Ivan Zahradn\u00edk.<br \/>\nIt was focused on the topic: The journey to the heart cell.<\/p>\n<table border=\"0\" width=\"100%\" cellspacing=\"1\" cellpadding=\"2\">\n<\/table>\n<p><img decoding=\"async\" loading=\"lazy\" title=\"\" src=\"https:\/\/confolab.sav.sk\/ovsb\/en\/wp-content\/uploads\/sites\/2\/Summer-school-2022-1.png\" alt=\"\" width=\"335\" height=\"245\" hspace=\"3\" vspace=\"3\" \/> <img decoding=\"async\" loading=\"lazy\" title=\"\" src=\"https:\/\/confolab.sav.sk\/ovsb\/en\/wp-content\/uploads\/sites\/2\/Summer-school-2022-2.png\" alt=\"\" width=\"335\" height=\"245\" hspace=\"3\" vspace=\"3\" \/> <\/p>\n","protected":false},"excerpt":{"rendered":"<p>Back The Summer school for young scientists was organized by Marta Novotov\u00e1 and Ivan Zahradn\u00edk. It was focused on the topic: The journey to the&#8230;<span class=\"excerpt_more\"><a href=\"https:\/\/confolab.sav.sk\/ovsb\/en\/activities\/they-said-about-us\/on-tv-and-on-radio\/summer-school-2022\/\">\u010d\u00edta\u0165 \u010falej &raquo;<\/a><\/span><\/p>\n","protected":false},"author":1,"featured_media":0,"parent":121,"menu_order":0,"comment_status":"closed","ping_status":"closed","template":"","meta":[],"_links":{"self":[{"href":"https:\/\/confolab.sav.sk\/ovsb\/en\/wp-json\/wp\/v2\/pages\/1783"}],"collection":[{"href":"https:\/\/confolab.sav.sk\/ovsb\/en\/wp-json\/wp\/v2\/pages"}],"about":[{"href":"https:\/\/confolab.sav.sk\/ovsb\/en\/wp-json\/wp\/v2\/types\/page"}],"author":[{"embeddable":true,"href":"https:\/\/confolab.sav.sk\/ovsb\/en\/wp-json\/wp\/v2\/users\/1"}],"replies":[{"embeddable":true,"href":"https:\/\/confolab.sav.sk\/ovsb\/en\/wp-json\/wp\/v2\/comments?post=1783"}],"version-history":[{"count":13,"href":"https:\/\/confolab.sav.sk\/ovsb\/en\/wp-json\/wp\/v2\/pages\/1783\/revisions"}],"predecessor-version":[{"id":1801,"href":"https:\/\/confolab.sav.sk\/ovsb\/en\/wp-json\/wp\/v2\/pages\/1783\/revisions\/1801"}],"up":[{"embeddable":true,"href":"https:\/\/confolab.sav.sk\/ovsb\/en\/wp-json\/wp\/v2\/pages\/121"}],"wp:attachment":[{"href":"https:\/\/confolab.sav.sk\/ovsb\/en\/wp-json\/wp\/v2\/media?parent=1783"}],"curies":[{"name":"wp","href":"https:\/\/api.w.org\/{rel}","templated":true}]}}