{"id":174,"date":"2018-01-08T13:32:11","date_gmt":"2018-01-08T13:32:11","guid":{"rendered":"http:\/\/confolab.sav.sk\/ovsb\/en\/?page_id=174"},"modified":"2018-08-01T17:50:54","modified_gmt":"2018-08-01T15:50:54","slug":"technicians","status":"publish","type":"page","link":"https:\/\/confolab.sav.sk\/ovsb\/en\/people\/technicians\/","title":{"rendered":"Technicians"},"content":{"rendered":"<table class=\"list\">\n<tbody>\n<tr class=\"list_header\">\n<td>Name \/ Position<\/td>\n<td>E-mail<\/td>\n<td>Phone<\/td>\n<\/tr>\n<tr>\n<td width=\"50%\"><a class=\"bold\" href=\"http:\/\/confolab.sav.sk\/ovsb\/en\/people\/technicians\/gizela-gajdosikova\/\">Gajdo\u0161\u00edkov\u00e1, Gizela <\/a><br \/>\nTechnician<\/td>\n<td width=\"35%\"><a href=\"mailto:gizela.gajdosikova@savba.sk\">gizela.gajdosikova@savba.sk<\/a><\/td>\n<td width=\"15%\">02\/ 32295039<\/td>\n<\/tr>\n<tr>\n<td width=\"50%\"><a class=\"bold\" href=\"http:\/\/confolab.sav.sk\/ovsb\/en\/people\/technicians\/ladislav-novota\/\">Novota, Ladislav <\/a><br \/>\nTechnician<\/td>\n<td width=\"35%\"><a href=\"mailto:Ladislav.Novota@savba.sk\">Ladislav.Novota@savba.sk<\/a><\/td>\n<td width=\"15%\">02\/ 32295036<\/td>\n<\/tr>\n<\/tbody>\n<\/table>\n","protected":false},"excerpt":{"rendered":"<p>Name \/ Position E-mail Phone Gajdo\u0161\u00edkov\u00e1, Gizela Technician gizela.gajdosikova@savba.sk 02\/ 32295039 Novota, Ladislav Technician Ladislav.Novota@savba.sk 02\/ 32295036<\/p>\n","protected":false},"author":1,"featured_media":0,"parent":16,"menu_order":20,"comment_status":"closed","ping_status":"closed","template":"","meta":[],"_links":{"self":[{"href":"https:\/\/confolab.sav.sk\/ovsb\/en\/wp-json\/wp\/v2\/pages\/174"}],"collection":[{"href":"https:\/\/confolab.sav.sk\/ovsb\/en\/wp-json\/wp\/v2\/pages"}],"about":[{"href":"https:\/\/confolab.sav.sk\/ovsb\/en\/wp-json\/wp\/v2\/types\/page"}],"author":[{"embeddable":true,"href":"https:\/\/confolab.sav.sk\/ovsb\/en\/wp-json\/wp\/v2\/users\/1"}],"replies":[{"embeddable":true,"href":"https:\/\/confolab.sav.sk\/ovsb\/en\/wp-json\/wp\/v2\/comments?post=174"}],"version-history":[{"count":8,"href":"https:\/\/confolab.sav.sk\/ovsb\/en\/wp-json\/wp\/v2\/pages\/174\/revisions"}],"predecessor-version":[{"id":605,"href":"https:\/\/confolab.sav.sk\/ovsb\/en\/wp-json\/wp\/v2\/pages\/174\/revisions\/605"}],"up":[{"embeddable":true,"href":"https:\/\/confolab.sav.sk\/ovsb\/en\/wp-json\/wp\/v2\/pages\/16"}],"wp:attachment":[{"href":"https:\/\/confolab.sav.sk\/ovsb\/en\/wp-json\/wp\/v2\/media?parent=174"}],"curies":[{"name":"wp","href":"https:\/\/api.w.org\/{rel}","templated":true}]}}