{"id":173,"date":"2018-01-08T13:32:11","date_gmt":"2018-01-08T13:32:11","guid":{"rendered":"http:\/\/confolab.sav.sk\/ovsb\/en\/?page_id=173"},"modified":"2024-11-26T15:30:09","modified_gmt":"2024-11-26T14:30:09","slug":"researchers","status":"publish","type":"page","link":"https:\/\/confolab.sav.sk\/ovsb\/en\/people\/researchers\/","title":{"rendered":"Researchers"},"content":{"rendered":"<table class=\"list\">\n<tbody>\n<tr class=\"list_header\">\n<td>Name \/ Position<\/td>\n<td>E-mail<\/td>\n<td>Phone<\/td>\n<\/tr>\n<tr>\n<td width=\"50%\"><a class=\"bold\" href=\"https:\/\/confolab.sav.sk\/ovsb\/en\/people\/researchers\/mgr-iuliia-baglaeva-phd\/\">Baglaeva, Iuliia, Mgr., PhD.<\/a><br \/>\nResearch Fellow<\/td>\n<td width=\"35%\"><a href=\"mailto:iuliia.baglaeva@savba.sk\">iuliia.baglaeva@savba.sk<\/a><\/td>\n<td width=\"15%\">02\/ 32295043<\/td>\n<\/tr>\n<tr>\n<td width=\"50%\"><a class=\"bold\" href=\"http:\/\/confolab.sav.sk\/ovsb\/en\/people\/researchers\/rndr-michal-cagalinec-phd\/\">Cagalinec, Michal RNDr., PhD.<\/a><br \/>\nSenior Research Fellow, Head of Department<\/td>\n<td width=\"35%\"><a href=\"mailto:michal.cagalinec@savba.sk\">michal.cagalinec@savba.sk<\/a><\/td>\n<td width=\"15%\">02\/ 32295040<\/td>\n<\/tr>\n<tr>\n<td width=\"50%\"><a class=\"bold\" href=\"http:\/\/confolab.sav.sk\/ovsb\/en\/people\/researchers\/rndr-marta-novotova-csc\/\">Novotov\u00e1, Marta RNDr., CSc.<\/a><br \/>\nSenior Research Fellow<\/td>\n<td width=\"35%\"><a href=\"mailto:marta.novotova@savba.sk\">marta.novotova@savba.sk<\/a><\/td>\n<td width=\"15%\">02\/ 32295037<\/td>\n<\/tr>\n<tr>\n<td width=\"50%\"><a class=\"bold\" href=\"http:\/\/confolab.sav.sk\/ovsb\/en\/people\/researchers\/rndr-jana-pavelkova-csc\/\">Pavelkov\u00e1, Jana RNDr., CSc.<\/a><br \/>\nResearch Fellow<\/td>\n<td width=\"35%\"><a href=\"mailto:jana.pavelkova@savba.sk\">jana.pavelkova@savba.sk<\/a><\/td>\n<td width=\"15%\">02\/ 32295038<\/td>\n<\/tr>\n<tr>\n<td width=\"50%\"><a class=\"bold\" href=\"http:\/\/confolab.sav.sk\/ovsb\/en\/people\/researchers\/rndr-ivan-zahradnik-csc\/\">Zahradn\u00edk, Ivan RNDr., CSc.<\/a><br \/>\nSenior Research Fellow<\/td>\n<td width=\"35%\"><a href=\"mailto:ivan.zahradnik@savba.sk\">ivan.zahradnik@savba.sk<\/a><\/td>\n<td width=\"15%\">02\/ 32295041<\/td>\n<\/tr>\n<tr>\n<td width=\"50%\"><a class=\"bold\" href=\"http:\/\/confolab.sav.sk\/ovsb\/en\/people\/researchers\/ing-alexandra-zahradnikova-drsc\/\">Zahradn\u00edkov\u00e1, Alexandra Ing., DrSc.<\/a><br \/>\nChief Research Fellow<\/td>\n<td width=\"35%\"><a href=\"mailto:alexandra.zahradnikova@savba.sk\">alexandra.zahradnikova@savba.sk<\/a><\/td>\n<td width=\"15%\">02\/32295034, 0908\/069796<\/td>\n<\/tr>\n<tr>\n<td width=\"50%\"><a class=\"bold\" href=\"http:\/\/confolab.sav.sk\/ovsb\/en\/people\/researchers\/rndr-alexandra-zahradnikova-jr-phd\/\">Zahradn\u00edkov\u00e1, ml., Alexandra RNDr., PhD.<\/a><br \/>\nSenior Research Fellow<\/td>\n<td width=\"35%\"><a href=\"mailto:saschia.zahradnikova@savba.sk\">saschia.zahradnikova@savba.sk<\/a><\/td>\n<td width=\"15%\">02\/ 32295035<\/td>\n<\/tr>\n<\/tbody>\n<\/table>\n","protected":false},"excerpt":{"rendered":"<p>Name \/ Position E-mail Phone Baglaeva, Iuliia, Mgr., PhD. Research Fellow iuliia.baglaeva@savba.sk 02\/ 32295043 Cagalinec, Michal RNDr., PhD. Senior Research Fellow, Head of Department michal.cagalinec@savba.sk&#8230;<span class=\"excerpt_more\"><a href=\"https:\/\/confolab.sav.sk\/ovsb\/en\/people\/researchers\/\">\u010d\u00edta\u0165 \u010falej &raquo;<\/a><\/span><\/p>\n","protected":false},"author":1,"featured_media":0,"parent":16,"menu_order":10,"comment_status":"closed","ping_status":"closed","template":"","meta":[],"_links":{"self":[{"href":"https:\/\/confolab.sav.sk\/ovsb\/en\/wp-json\/wp\/v2\/pages\/173"}],"collection":[{"href":"https:\/\/confolab.sav.sk\/ovsb\/en\/wp-json\/wp\/v2\/pages"}],"about":[{"href":"https:\/\/confolab.sav.sk\/ovsb\/en\/wp-json\/wp\/v2\/types\/page"}],"author":[{"embeddable":true,"href":"https:\/\/confolab.sav.sk\/ovsb\/en\/wp-json\/wp\/v2\/users\/1"}],"replies":[{"embeddable":true,"href":"https:\/\/confolab.sav.sk\/ovsb\/en\/wp-json\/wp\/v2\/comments?post=173"}],"version-history":[{"count":22,"href":"https:\/\/confolab.sav.sk\/ovsb\/en\/wp-json\/wp\/v2\/pages\/173\/revisions"}],"predecessor-version":[{"id":1731,"href":"https:\/\/confolab.sav.sk\/ovsb\/en\/wp-json\/wp\/v2\/pages\/173\/revisions\/1731"}],"up":[{"embeddable":true,"href":"https:\/\/confolab.sav.sk\/ovsb\/en\/wp-json\/wp\/v2\/pages\/16"}],"wp:attachment":[{"href":"https:\/\/confolab.sav.sk\/ovsb\/en\/wp-json\/wp\/v2\/media?parent=173"}],"curies":[{"name":"wp","href":"https:\/\/api.w.org\/{rel}","templated":true}]}}