{"id":1711,"date":"2024-09-12T10:13:33","date_gmt":"2024-09-12T08:13:33","guid":{"rendered":"https:\/\/confolab.sav.sk\/ovsb\/en\/?page_id=1711"},"modified":"2024-09-12T10:17:17","modified_gmt":"2024-09-12T08:17:17","slug":"european-joint-program-for-rare-diseases-ejp-rd-no-40-46300-98-1074","status":"publish","type":"page","link":"https:\/\/confolab.sav.sk\/ovsb\/en\/projects\/completed-projects\/european-joint-program-for-rare-diseases-ejp-rd-no-40-46300-98-1074\/","title":{"rendered":"European Joint Program for Rare Diseases (EJP-RD) No 40-46300-98-1074"},"content":{"rendered":"<p><script type=\"text\/javascript\">\n<!--\nfunction launch(newURL, newName, newFeatures, orgName) {\n  var remote = open(newURL, newName, newFeatures);\n  if (remote.opener == null)\n    remote.opener = window;\n  remote.opener.name = orgName;\n  return remote;\n}\n\nfunction launchRemote(name) {\n  var address =  name;\n  myRemote = launch(address ,\n                    \"Okno\",\n                    \"height=500, width=850, left=50, top=50, alwaysLowered=0, alwaysRaised=0, channelmode=0, dependent=0, directories=0, fullscreen=0, hotkeys=1, location=0, menubar=0, resizable=0, scrollbars=0, status=0, titlebar=1, toolbar=0, z-lock=0\",\n                    \"myWindow\");\n}\n\/\/ -->>\n<\/script><\/p>\n<h2>Funding to organize the symposium SIRMAMTHERA\u201922 \u2013 Mitochondria-associated membranes as a therapeutic target in rare neurodegenerative diseases&nbsp;&nbsp;&nbsp;&nbsp;&nbsp;<button onclick=\"goBack()\">Back<\/button> <\/h2>\n<p><script>\t \t \nfunction goBack() { window.history.go(-1); }\t \t \n<\/script><\/p>\n<table border=\"0\" width=\"100%\" cellspacing=\"1\" cellpadding=\"2\">\n<tbody>\n<tr>\n<td>\n<h3>Principal Investigator: <a href=\"http:\/\/confolab.sav.sk\/ovsb\/en\/people\/researchers\/rndr-michal-cagalinec-phd\/\">Michal Cagalinec<\/a><\/h3>\n<h3>Duration: 26.-27. 10. 2022<br \/>\nCoordinating Organization: Institute of Experimental Endocrinology BRC SAS<\/h3>\n<\/td>\n<\/tr>\n<\/tbody>\n<\/table>\n","protected":false},"excerpt":{"rendered":"<p>Funding to organize the symposium SIRMAMTHERA\u201922 \u2013 Mitochondria-associated membranes as a therapeutic target in rare neurodegenerative diseases&nbsp;&nbsp;&nbsp;&nbsp;&nbsp;Back Principal Investigator: Michal Cagalinec Duration: 26.-27. 10. 2022&#8230;<span class=\"excerpt_more\"><a href=\"https:\/\/confolab.sav.sk\/ovsb\/en\/projects\/completed-projects\/european-joint-program-for-rare-diseases-ejp-rd-no-40-46300-98-1074\/\">\u010d\u00edta\u0165 \u010falej &raquo;<\/a><\/span><\/p>\n","protected":false},"author":1,"featured_media":0,"parent":199,"menu_order":0,"comment_status":"closed","ping_status":"closed","template":"","meta":[],"_links":{"self":[{"href":"https:\/\/confolab.sav.sk\/ovsb\/en\/wp-json\/wp\/v2\/pages\/1711"}],"collection":[{"href":"https:\/\/confolab.sav.sk\/ovsb\/en\/wp-json\/wp\/v2\/pages"}],"about":[{"href":"https:\/\/confolab.sav.sk\/ovsb\/en\/wp-json\/wp\/v2\/types\/page"}],"author":[{"embeddable":true,"href":"https:\/\/confolab.sav.sk\/ovsb\/en\/wp-json\/wp\/v2\/users\/1"}],"replies":[{"embeddable":true,"href":"https:\/\/confolab.sav.sk\/ovsb\/en\/wp-json\/wp\/v2\/comments?post=1711"}],"version-history":[{"count":4,"href":"https:\/\/confolab.sav.sk\/ovsb\/en\/wp-json\/wp\/v2\/pages\/1711\/revisions"}],"predecessor-version":[{"id":1716,"href":"https:\/\/confolab.sav.sk\/ovsb\/en\/wp-json\/wp\/v2\/pages\/1711\/revisions\/1716"}],"up":[{"embeddable":true,"href":"https:\/\/confolab.sav.sk\/ovsb\/en\/wp-json\/wp\/v2\/pages\/199"}],"wp:attachment":[{"href":"https:\/\/confolab.sav.sk\/ovsb\/en\/wp-json\/wp\/v2\/media?parent=1711"}],"curies":[{"name":"wp","href":"https:\/\/api.w.org\/{rel}","templated":true}]}}