{"id":1585,"date":"2024-02-15T16:01:17","date_gmt":"2024-02-15T15:01:17","guid":{"rendered":"https:\/\/confolab.sav.sk\/ovsb\/en\/?page_id=1585"},"modified":"2024-11-26T07:48:30","modified_gmt":"2024-11-26T06:48:30","slug":"msc-adnan-mohammad","status":"publish","type":"page","link":"https:\/\/confolab.sav.sk\/ovsb\/en\/people\/students\/msc-adnan-mohammad\/","title":{"rendered":"MSc. Adnan Mohammad"},"content":{"rendered":"<p><script type=\"text\/javascript\">\n<!--\nfunction launch(newURL, newName, newFeatures, orgName) {\n  var remote = open(newURL, newName, newFeatures);\n  if (remote.opener == null)\n    remote.opener = window;\n  remote.opener.name = orgName;\n  return remote;\n}\n\nfunction launchRemoteCV(name) {\n  var address =  name;\n  myRemote = launch(address ,\n                    \"OknoCV\",\n                    \"height=500, width=850, left=50, top=50, alwaysLowered=0, alwaysRaised=0, channelmode=0, dependent=0, directories=0, fullscreen=0, hotkeys=1, location=0, menubar=0, resizable=0, scrollbars=0, status=0, titlebar=1, toolbar=0, z-lock=0\",\n                    \"myWindowCV\");\n}\n\nfunction launchRemotePub(name) {\n  var address =  name;\n  myRemote = launch(address ,\n                    \"OknoPub\",\n                    \"height=500, width=850, left=150, top=150, alwaysLowered=0, alwaysRaised=0, channelmode=0, dependent=0, directories=0, fullscreen=0, hotkeys=1, location=0, menubar=0, resizable=0, scrollbars=0, status=0, titlebar=1, toolbar=0, z-lock=0\",\n                    \"myWindowPub\");\n}\n\n\/\/ -->>\n<\/script><button onclick=\"goBack()\">Back<\/button><br \/>\n<script>\t \t \nfunction goBack() { window.history.go(-1); }\t \t \n<\/script><\/p>\n<table width=\"100%\">\n<tbody>\n<tr>\n<td colspan=\"4\" width=\"80%\"><a href='javascript:launchRemoteCV(\"https:\/\/confolab.sav.sk\/ovsb\/en\/wp-content\/uploads\/sites\/2\/Adnan_CV.pdf\")'>Full CV<\/a><br \/>\n<a href='javascript:launchRemotePub(\"https:\/\/confolab.sav.sk\/ovsb\/en\/wp-content\/uploads\/sites\/2\/Adnan_pub_eng.pdf\")'>List of publications<\/a>\n<\/td>\n<td rowspan=\"2\"><img decoding=\"async\" class=\"alignright\" src=\"https:\/\/confolab.sav.sk\/ovsb\/wp-content\/uploads\/Adnan.png\" alt=\"photo\" width=\"100\" border=\"0\" hspace=\"10\" vspace=\"5\" \/><\/td>\n<\/tr>\n<tr>\n<td width=\"5%\" >\n<a href=\"http:\/\/orcid.org\/0009-0007-1574-7317\" target=\"_blank\" rel=\"noopener noreferrer\"> <img decoding=\"async\" src=\"http:\/\/confolab.sav.sk\/ovsb\/en\/wp-content\/uploads\/sites\/2\/orcid.jpg\" height=\"32\"><\/a> &nbsp;&nbsp;&nbsp;&nbsp;&nbsp;<\/td>\n<td width=\"5%\">\n&nbsp;&nbsp;&nbsp;&nbsp;&nbsp;<\/td>\n<td width=\"5%\">\n&nbsp;&nbsp;&nbsp;&nbsp;&nbsp; <\/td>\n<\/tr>\n<\/tbody>\n<\/table>\n<table width=\"100%\">\n<tbody>\n<tr>\n<td colspan=\"2\">\n<table class=\"list\" width=\"100%\" cellspacing=\"0\" cellpadding=\"2\">\n<tbody>\n<tr>\n<td colspan=\"2\">\n<h2>Position:<\/h2>\n<\/td>\n<\/tr>\n<tr>\n<td colspan=\"2\">Institute of Experimental Endocrinology, Biomedical Research Center, Slovak Academy of Sciences, Bratislava, Slovak Republic, PhD Student<br \/>\nDepartment of Animal Physiolog, Faculty of Natural Sciences, Pavol Jozef \u0160af\u00e1rik University, Ko\u0161ice, Slovak Republic <\/td>\n<\/tr>\n<tr>\n<td colspan=\"2\">\n<h2>Qualification:<\/h2>\n<\/td>\n<\/tr>\n<tr>\n<td width=\"10%\">2019<\/td>\n<td>B.Voc in Medical laboratory science, Jamia Millia Islamia University, New Delhi, India (supervisor: Ms. Shahnaz Parveen)<br \/>\nBachelor project: \u201cA case study on breast cancer\u201d\n<\/td>\n<\/tr>\n<tr>\n<td>2022<\/td>\n<td>MSc in Biotechnology<br \/>\nHungarian University of Agriculture and Life Sciences, G\u00f6d\u00f6ll\u0151, Hungary (supervisor: Mr. Ecker Andras).<br \/>\nMaster Thesis: \u201cCombined effect of toxins on the proliferation rate of chicken primordial germ cells\u201d<\/td>\n<\/tr>\n<tr>\n<td colspan=\"2\">\n<h2>Techniques:<\/h2>\n<\/td>\n<\/tr>\n<tr>\n<td colspan=2>\n<ul>\n<li>Isolation of PGCs and Stem cell from chicken embryo<\/li>\n<li>Mammalian tissue and cell culture<\/li>\n<li>PAGE, gel electrophoresis, western blotting method, qPCR<\/li>\n<li>Calorimetry, spectrophotometer, ELISA<\/li>\n<li>Histology techniques, immunostaining, microscopy<\/li>\n<li>Animal handling: Rodent, and experience with chicken embryo<\/li>\n<\/ul>\n<\/td>\n<\/tr>\n<tr>\n<td colspan=\"2\">\n<h2>Support:<\/h2>\n<\/td>\n<\/tr>\n<\/tbody>\n<\/table>\n<\/td>\n<\/tr>\n<\/tbody>\n<\/table>\n<table class=\"list\" width=\"100%\">\n<tbody>\n<tr>\n<td width=\"10%\"><\/td>\n<td>\n<h3>Slovak Research and Development Agency (APVV):<\/h3>\n<\/td>\n<\/tr>\n<tr>\n<td> <a href=\"http:\/\/confolab.sav.sk\/ovsb\/en\/projects\/active-projects\/apvv-21-0473\/\"><img decoding=\"async\" loading=\"lazy\" class=\"wp-image-428 alignnone\" src=\"http:\/\/confolab.sav.sk\/ovsb\/wp-content\/uploads\/pictogram-image-for-web-page-Wfs1-recessive-dominant-v1.jpg\" alt=\"wave\" width=\"80\" height=\"80\" \/><\/a><\/td>\n<td>APVV-21-0473<br \/>\n<a href=\"http:\/\/confolab.sav.sk\/ovsb\/en\/projects\/active-projects\/apvv-21-0473\/\"><i>Mutations associated with Wolfram syndrome: alternative signaling pathways for calcium and mitochondrial physiology<\/i><\/a> (2022 \u2013 2026)<br \/>\n<strong>team member<\/strong>; principal investigator: Michal Cagalinec<\/td>\n<\/tr>\n<tr>\n<td><a href=\"http:\/\/confolab.sav.sk\/ovsb\/en\/projects\/active-projects\/apvv-21-0443\/\"><img decoding=\"async\" loading=\"lazy\" class=\"\" title=\"Patch-clamped cardiac myocyte\" src=\"http:\/\/confolab.sav.sk\/ovsb\/wp-content\/uploads\/ERANET-1.png\" alt=\"image\" width=\"80\" height=\"74\" align=\"left\" hspace=\"3\" vspace=\"1\" \/><\/a><\/td>\n<td>APVV-21-0443<br \/>\n<a href=\"http:\/\/confolab.sav.sk\/ovsb\/en\/projects\/active-projects\/apvv-21-0443\/\"><i>Mitochondrial disease in heart failure <\/i><\/a>(2022 \u2013 2026)<br \/>\n<strong>team member<\/strong>; principal investigator: Alexandra Zahradn\u00edkov\u00e1 jr.<\/td>\n<\/tr>\n<tr>\n<td width=\"10%\"><\/td>\n<td>\n<h3>Grant Agency for Science (VEGA):<\/h3>\n<\/td>\n<\/tr>\n<tr>\n<td><a href=\"http:\/\/confolab.sav.sk\/ovsb\/en\/projects\/active-projects\/vega-2-0182-21\/\"><img decoding=\"async\" loading=\"lazy\" class=\"\" title=\"Patch-clamped cardiac myocyte\" src=\"http:\/\/confolab.sav.sk\/ovsb\/wp-content\/uploads\/ERANET-1.png\" alt=\"image\" width=\"80\" height=\"74\" align=\"left\" hspace=\"3\" vspace=\"1\" \/><\/a><\/td>\n<td>VEGA 2\/20182\/21<br \/>\n<a href=\"http:\/\/confolab.sav.sk\/ovsb\/en\/projects\/active-projects\/vega-2-0182-21\/\"><i>Dyad remodelling in cardiomyocytes in experimental therapy of failing heart <\/i><\/a>(2021 \u2013 2024)<br \/>\n<strong>team member<\/strong>; principal investigator: Alexandra Zahradn\u00edkov\u00e1 jr. <\/td>\n<\/tr>\n<\/tbody>\n<\/table>\n","protected":false},"excerpt":{"rendered":"<p>Back Full CV List of publications &nbsp;&nbsp;&nbsp;&nbsp;&nbsp; &nbsp;&nbsp;&nbsp;&nbsp;&nbsp; &nbsp;&nbsp;&nbsp;&nbsp;&nbsp; Position: Institute of Experimental Endocrinology, Biomedical Research Center, Slovak Academy of Sciences, Bratislava, Slovak Republic, PhD&#8230;<span class=\"excerpt_more\"><a href=\"https:\/\/confolab.sav.sk\/ovsb\/en\/people\/students\/msc-adnan-mohammad\/\">\u010d\u00edta\u0165 \u010falej &raquo;<\/a><\/span><\/p>\n","protected":false},"author":1,"featured_media":0,"parent":175,"menu_order":0,"comment_status":"closed","ping_status":"closed","template":"","meta":[],"_links":{"self":[{"href":"https:\/\/confolab.sav.sk\/ovsb\/en\/wp-json\/wp\/v2\/pages\/1585"}],"collection":[{"href":"https:\/\/confolab.sav.sk\/ovsb\/en\/wp-json\/wp\/v2\/pages"}],"about":[{"href":"https:\/\/confolab.sav.sk\/ovsb\/en\/wp-json\/wp\/v2\/types\/page"}],"author":[{"embeddable":true,"href":"https:\/\/confolab.sav.sk\/ovsb\/en\/wp-json\/wp\/v2\/users\/1"}],"replies":[{"embeddable":true,"href":"https:\/\/confolab.sav.sk\/ovsb\/en\/wp-json\/wp\/v2\/comments?post=1585"}],"version-history":[{"count":14,"href":"https:\/\/confolab.sav.sk\/ovsb\/en\/wp-json\/wp\/v2\/pages\/1585\/revisions"}],"predecessor-version":[{"id":1726,"href":"https:\/\/confolab.sav.sk\/ovsb\/en\/wp-json\/wp\/v2\/pages\/1585\/revisions\/1726"}],"up":[{"embeddable":true,"href":"https:\/\/confolab.sav.sk\/ovsb\/en\/wp-json\/wp\/v2\/pages\/175"}],"wp:attachment":[{"href":"https:\/\/confolab.sav.sk\/ovsb\/en\/wp-json\/wp\/v2\/media?parent=1585"}],"curies":[{"name":"wp","href":"https:\/\/api.w.org\/{rel}","templated":true}]}}