{"id":1571,"date":"2024-02-15T13:09:18","date_gmt":"2024-02-15T12:09:18","guid":{"rendered":"https:\/\/confolab.sav.sk\/ovsb\/en\/?page_id=1571"},"modified":"2024-02-15T13:17:03","modified_gmt":"2024-02-15T12:17:03","slug":"the-medal-medaila-zalozenia-spolecnosti-lekarsko-slowanskej","status":"publish","type":"page","link":"https:\/\/confolab.sav.sk\/ovsb\/en\/activities\/awards\/the-medal-medaila-zalozenia-spolecnosti-lekarsko-slowanskej\/","title":{"rendered":"The medal \u201cMedaila zalo\u017eenia spole\u010dnosti l\u00e9ka\u0159sko-slowanskej\u201d"},"content":{"rendered":"<p><button onclick=\"goBack()\">Back<\/button> <\/h2>\n<p><script>\t \t \nfunction goBack() { window.history.go(-1); }\t \t \n<\/script><br \/>\nawarded by the Slovak Medical Society was given to <strong>Ing. Alexandra Zahradn\u00edkov\u00e1, DrSc.<\/strong> for her contribution to the development of medical and pharmaceutical sciences and international collaboration. She received the award from the President of Slovak Physiological Society Prof. MUDr. Andrea \u010calkovsk\u00e1, DrSc. and the Scientific Secretary of the Slovak Physiological Society Prof. MUDr. Kamil Javorka, DrSc. at the plenary meeting of the Slovak Physiological Society of the Slovak Medical Society during the conference 99th Physiological Days in Bratislava on February 7, 2024.<\/p>\n<table>\n<tbody>\n<tr>\n<td><img decoding=\"async\" class=\"alignnone\" src=\"\" height=\"200\" \/><\/td>\n<\/tr>\n<\/tbody>\n<\/table>\n","protected":false},"excerpt":{"rendered":"<p>Back awarded by the Slovak Medical Society was given to Ing. Alexandra Zahradn\u00edkov\u00e1, DrSc. for her contribution to the development of medical and pharmaceutical sciences&#8230;<span class=\"excerpt_more\"><a href=\"https:\/\/confolab.sav.sk\/ovsb\/en\/activities\/awards\/the-medal-medaila-zalozenia-spolecnosti-lekarsko-slowanskej\/\">\u010d\u00edta\u0165 \u010falej &raquo;<\/a><\/span><\/p>\n","protected":false},"author":1,"featured_media":0,"parent":117,"menu_order":0,"comment_status":"closed","ping_status":"closed","template":"","meta":[],"_links":{"self":[{"href":"https:\/\/confolab.sav.sk\/ovsb\/en\/wp-json\/wp\/v2\/pages\/1571"}],"collection":[{"href":"https:\/\/confolab.sav.sk\/ovsb\/en\/wp-json\/wp\/v2\/pages"}],"about":[{"href":"https:\/\/confolab.sav.sk\/ovsb\/en\/wp-json\/wp\/v2\/types\/page"}],"author":[{"embeddable":true,"href":"https:\/\/confolab.sav.sk\/ovsb\/en\/wp-json\/wp\/v2\/users\/1"}],"replies":[{"embeddable":true,"href":"https:\/\/confolab.sav.sk\/ovsb\/en\/wp-json\/wp\/v2\/comments?post=1571"}],"version-history":[{"count":4,"href":"https:\/\/confolab.sav.sk\/ovsb\/en\/wp-json\/wp\/v2\/pages\/1571\/revisions"}],"predecessor-version":[{"id":1576,"href":"https:\/\/confolab.sav.sk\/ovsb\/en\/wp-json\/wp\/v2\/pages\/1571\/revisions\/1576"}],"up":[{"embeddable":true,"href":"https:\/\/confolab.sav.sk\/ovsb\/en\/wp-json\/wp\/v2\/pages\/117"}],"wp:attachment":[{"href":"https:\/\/confolab.sav.sk\/ovsb\/en\/wp-json\/wp\/v2\/media?parent=1571"}],"curies":[{"name":"wp","href":"https:\/\/api.w.org\/{rel}","templated":true}]}}