{"id":146,"date":"2018-01-08T12:46:44","date_gmt":"2018-01-08T12:46:44","guid":{"rendered":"http:\/\/confolab.sav.sk\/ovsb\/en\/?page_id=146"},"modified":"2024-02-16T14:05:42","modified_gmt":"2024-02-16T13:05:42","slug":"confocal-microscopy","status":"publish","type":"page","link":"https:\/\/confolab.sav.sk\/ovsb\/en\/laboratories\/confocal-microscopy\/","title":{"rendered":"Confocal Microscopy"},"content":{"rendered":"<h2>Laser scanning confocal fluorescence system TCS SP2 AOBS (Leica Microsystems) with inverted microscope DMIRE-2 (Leica)&nbsp;&nbsp;&nbsp;&nbsp;&nbsp;<button onclick=\"goBack()\">Back<\/button> <\/h2>\n<p><script>\t \t \nfunction goBack() { window.history.go(-1); }\t \t \n<\/script><\/p>\n<h3>Contact: RNDr. Alexandra Zahradn\u00edkov\u00e1 jr., PhD.<\/h3>\n<table border=\"0\" width=\"100%\" cellspacing=\"1\" cellpadding=\"2\" style=\"line-height:1.3\">\n<body style=\"line-height:1.3\"><\/p>\n<tr>\n<td colspan=\"2\">Confocal microscope Leica TCS SP2 is used primarily for measuring local calcium signals during calcium release in the xt mode, when a single line is repeatedly scanned at a rate of up to 2000 lines per second  (left image). The recorded image provides data on space (x) and time (t).  The confocal microscope is connected to a patch-clamp setup by means of a synchronizer.  This arrangement allows controlled stimulation of cells and measurement of the current response and calcium release of the cell in parallel. Fluorescent calcium indicators in combination with non-fluorescent calcium chelators allow imaging of spatially resolved events also when calcium is released in the whole cell volume synchronously.<\/td>\n<\/tr>\n<tr>\n<td colspan=\"2\"><img decoding=\"async\" loading=\"lazy\" class=\"\" title=\"line-scan image of calcium spikes in rat cardiac myocytes\" src=\"http:\/\/confolab.sav.sk\/sk\/images\/spikes.gif\" alt=\"line-scan image of calcium spikes in rat cardiac myocytes\" width=\"198\" height=\"99\" hspace=\"1\" vspace=\"1\" \/> <img decoding=\"async\" loading=\"lazy\" class=\"\" title=\"labeling of surface membrane and t-tubules by di-8-ANEPPS\" src=\"http:\/\/confolab.sav.sk\/sk\/images\/ANEPPS.gif\" alt=\"labeling of surface membrane and t-tubules by di-8-ANEPPS\" width=\"343\" height=\"99\" hspace=\"1\" vspace=\"1\" \/><\/td>\n<\/tr>\n<tr>\n<td colspan=\"2\">The confocal microscope Leica TCS SP2 can be also used for measuring of static or slow events in the standard  xy mode. Fluorescent probes are used to image specific sub-cellular structures such as the surface membrane  (right image) and other organelles. Images can be acquired in series of optical slices that allow 3D reconstruction, as well as in time series. Using a right combination of fluorescent indicators, records of both types of measurements (static labeling\/dynamic calcium measurement) can be correlated.<\/p>\n<h3>Configuration of the confocal microscope Leica TCS SP2:<\/h3>\n<ul>\n<li>Inverted microscope DM IRE2<\/li>\n<li>Objectives 10x and 20x dry, 40x oil, 63x oil, 63x water<\/li>\n<li>AOBS, AOTF<\/li>\n<li>Scanner 1000 Hz<\/li>\n<li>2x PMT, 1x TLD detectors<\/li>\n<li>1x Ar laser (458, 476, <strong>488<\/strong>, 496, 514 nm)<\/li>\n<li>3x He\/Ne laser (543, 594, <strong>633 <\/strong>nm)<\/li>\n<\/ul>\n<\/td>\n<\/tr>\n<\/tbody>\n<\/table>\n","protected":false},"excerpt":{"rendered":"<p>Laser scanning confocal fluorescence system TCS SP2 AOBS (Leica Microsystems) with inverted microscope DMIRE-2 (Leica)&nbsp;&nbsp;&nbsp;&nbsp;&nbsp;Back Contact: RNDr. Alexandra Zahradn\u00edkov\u00e1 jr., PhD. Confocal microscope Leica TCS&#8230;<span class=\"excerpt_more\"><a href=\"https:\/\/confolab.sav.sk\/ovsb\/en\/laboratories\/confocal-microscopy\/\">\u010d\u00edta\u0165 \u010falej &raquo;<\/a><\/span><\/p>\n","protected":false},"author":1,"featured_media":0,"parent":42,"menu_order":20,"comment_status":"closed","ping_status":"closed","template":"","meta":[],"_links":{"self":[{"href":"https:\/\/confolab.sav.sk\/ovsb\/en\/wp-json\/wp\/v2\/pages\/146"}],"collection":[{"href":"https:\/\/confolab.sav.sk\/ovsb\/en\/wp-json\/wp\/v2\/pages"}],"about":[{"href":"https:\/\/confolab.sav.sk\/ovsb\/en\/wp-json\/wp\/v2\/types\/page"}],"author":[{"embeddable":true,"href":"https:\/\/confolab.sav.sk\/ovsb\/en\/wp-json\/wp\/v2\/users\/1"}],"replies":[{"embeddable":true,"href":"https:\/\/confolab.sav.sk\/ovsb\/en\/wp-json\/wp\/v2\/comments?post=146"}],"version-history":[{"count":4,"href":"https:\/\/confolab.sav.sk\/ovsb\/en\/wp-json\/wp\/v2\/pages\/146\/revisions"}],"predecessor-version":[{"id":1633,"href":"https:\/\/confolab.sav.sk\/ovsb\/en\/wp-json\/wp\/v2\/pages\/146\/revisions\/1633"}],"up":[{"embeddable":true,"href":"https:\/\/confolab.sav.sk\/ovsb\/en\/wp-json\/wp\/v2\/pages\/42"}],"wp:attachment":[{"href":"https:\/\/confolab.sav.sk\/ovsb\/en\/wp-json\/wp\/v2\/media?parent=146"}],"curies":[{"name":"wp","href":"https:\/\/api.w.org\/{rel}","templated":true}]}}