{"id":1405,"date":"2022-09-07T16:47:52","date_gmt":"2022-09-07T14:47:52","guid":{"rendered":"http:\/\/confolab.sav.sk\/ovsb\/en\/?page_id=1405"},"modified":"2022-09-12T15:55:58","modified_gmt":"2022-09-12T13:55:58","slug":"posters-and-presentations","status":"publish","type":"page","link":"https:\/\/confolab.sav.sk\/ovsb\/en\/sirmamthera-2022\/posters-and-presentations\/","title":{"rendered":"Presentations and posters"},"content":{"rendered":"<h2> Presentations (unless stated otherwise) <\/h2>\n<p>Lecture: 25 min + 5 min discussion<br \/>\nShort talk: 10 min + 5 min discussion<\/p>\n<h2> Posters <\/h2>\n<p>Format: Portrait, max 130 x 100 cm<br \/>\nAttachment: TBA<br \/>\nPosters will be presented through the whole duration of the symposium<\/p>\n","protected":false},"excerpt":{"rendered":"<p>Presentations (unless stated otherwise) Lecture: 25 min + 5 min discussion Short talk: 10 min + 5 min discussion Posters Format: Portrait, max 130 x&#8230;<span class=\"excerpt_more\"><a href=\"https:\/\/confolab.sav.sk\/ovsb\/en\/sirmamthera-2022\/posters-and-presentations\/\">\u010d\u00edta\u0165 \u010falej &raquo;<\/a><\/span><\/p>\n","protected":false},"author":1,"featured_media":0,"parent":1350,"menu_order":0,"comment_status":"closed","ping_status":"closed","template":"","meta":[],"_links":{"self":[{"href":"https:\/\/confolab.sav.sk\/ovsb\/en\/wp-json\/wp\/v2\/pages\/1405"}],"collection":[{"href":"https:\/\/confolab.sav.sk\/ovsb\/en\/wp-json\/wp\/v2\/pages"}],"about":[{"href":"https:\/\/confolab.sav.sk\/ovsb\/en\/wp-json\/wp\/v2\/types\/page"}],"author":[{"embeddable":true,"href":"https:\/\/confolab.sav.sk\/ovsb\/en\/wp-json\/wp\/v2\/users\/1"}],"replies":[{"embeddable":true,"href":"https:\/\/confolab.sav.sk\/ovsb\/en\/wp-json\/wp\/v2\/comments?post=1405"}],"version-history":[{"count":3,"href":"https:\/\/confolab.sav.sk\/ovsb\/en\/wp-json\/wp\/v2\/pages\/1405\/revisions"}],"predecessor-version":[{"id":1433,"href":"https:\/\/confolab.sav.sk\/ovsb\/en\/wp-json\/wp\/v2\/pages\/1405\/revisions\/1433"}],"up":[{"embeddable":true,"href":"https:\/\/confolab.sav.sk\/ovsb\/en\/wp-json\/wp\/v2\/pages\/1350"}],"wp:attachment":[{"href":"https:\/\/confolab.sav.sk\/ovsb\/en\/wp-json\/wp\/v2\/media?parent=1405"}],"curies":[{"name":"wp","href":"https:\/\/api.w.org\/{rel}","templated":true}]}}