{"id":1398,"date":"2022-09-07T16:43:28","date_gmt":"2022-09-07T14:43:28","guid":{"rendered":"http:\/\/confolab.sav.sk\/ovsb\/en\/?page_id=1398"},"modified":"2022-10-24T18:11:05","modified_gmt":"2022-10-24T16:11:05","slug":"invited-speakers","status":"publish","type":"page","link":"https:\/\/confolab.sav.sk\/ovsb\/en\/sirmamthera-2022\/invited-speakers\/","title":{"rendered":"Invited Speakers"},"content":{"rendered":"<p><html><br \/>\n<head><\/p>\n<style>\n.centraltext{\n        font-size: 14px;\n        text-align: center;\n}\n.normaltext{\n        font-size: 14px;\n}\n.largerboldtext{\n        font-size: 16px;\n        text-align: center;\n        font-weight: bold;\n}\n.largertext{\n        font-size: 18px;\n        text-align: center;\n}\n.subheader{\n}\n.smallfont{\n        font-size:12px;\n        line-height:1.15;<\/p>\n<p>}\n.sponsor{\n        display: flex;\n        justify-content: center;\n        padding-bottom: 10px;\n}<\/p>\n<p>@counter-style ticks {\n  system: cyclic;\n  symbols: \"\\2714\";\n  suffix: ' ';\n}\n.listitem{\n  font-size: 14px;\n}\ntable, th, td {\n  border:1px solid black;\n  padding:5px;\n  text-color: white;\n  font-size: 13px;\n  background-color: #fdf2e8;\n  border-collapse: collapse;\n  text-align: center;\n}\nol {\n    padding:0 0 0 15px;\n}\n<\/style>\n<p><\/head><\/p>\n<h2> Invited Speakers <\/h2>\n<ul>\n<li> Shira Dagan, Hadassah-Hebrew University Medical Center, Jerusalem, Israel <\/li>\n<li> Barbara E Ehrlich, Yale University, USA <\/li>\n<li> Shlomit Ezer, Hadassah-Hebrew University Medical Center, Jerusalem, Israel <\/li>\n<li> Matej Hotka, Medical University of Vienna, Austria <\/li>\n<li> Tangui Maurice, INSERM, Montpellier, France <\/li>\n<li> Jan Skoda, St. Anne&#8217;s University Hospital, Brno, Czech Republic <\/li>\n<li> Liga Zvejniece, Latvian Institute of Organic Synthesis, Latvia <\/li>\n<li> Tamar Harel, Hadassah-Hebrew University Medical Center, Jerusalem, Israel (online) <\/li>\n<li> Nolwen Le Floch, l&#8217;Association du Syndrome de Wolfram, France (online)  <\/li>\n<li> Patricia Melnyk, Lille University, France (online) <\/li>\n<li> Angela Cenci Nilsson, Lund University, Sweden (online) <\/li>\n<li> Marco Peviani, University of Pavia, Italy (online) <\/li>\n<\/ul>\n","protected":false},"excerpt":{"rendered":"<p>Invited Speakers Shira Dagan, Hadassah-Hebrew University Medical Center, Jerusalem, Israel Barbara E Ehrlich, Yale University, USA Shlomit Ezer, Hadassah-Hebrew University Medical Center, Jerusalem, Israel Matej&#8230;<span class=\"excerpt_more\"><a href=\"https:\/\/confolab.sav.sk\/ovsb\/en\/sirmamthera-2022\/invited-speakers\/\">\u010d\u00edta\u0165 \u010falej &raquo;<\/a><\/span><\/p>\n","protected":false},"author":1,"featured_media":0,"parent":1350,"menu_order":0,"comment_status":"closed","ping_status":"closed","template":"","meta":[],"_links":{"self":[{"href":"https:\/\/confolab.sav.sk\/ovsb\/en\/wp-json\/wp\/v2\/pages\/1398"}],"collection":[{"href":"https:\/\/confolab.sav.sk\/ovsb\/en\/wp-json\/wp\/v2\/pages"}],"about":[{"href":"https:\/\/confolab.sav.sk\/ovsb\/en\/wp-json\/wp\/v2\/types\/page"}],"author":[{"embeddable":true,"href":"https:\/\/confolab.sav.sk\/ovsb\/en\/wp-json\/wp\/v2\/users\/1"}],"replies":[{"embeddable":true,"href":"https:\/\/confolab.sav.sk\/ovsb\/en\/wp-json\/wp\/v2\/comments?post=1398"}],"version-history":[{"count":9,"href":"https:\/\/confolab.sav.sk\/ovsb\/en\/wp-json\/wp\/v2\/pages\/1398\/revisions"}],"predecessor-version":[{"id":1476,"href":"https:\/\/confolab.sav.sk\/ovsb\/en\/wp-json\/wp\/v2\/pages\/1398\/revisions\/1476"}],"up":[{"embeddable":true,"href":"https:\/\/confolab.sav.sk\/ovsb\/en\/wp-json\/wp\/v2\/pages\/1350"}],"wp:attachment":[{"href":"https:\/\/confolab.sav.sk\/ovsb\/en\/wp-json\/wp\/v2\/media?parent=1398"}],"curies":[{"name":"wp","href":"https:\/\/api.w.org\/{rel}","templated":true}]}}