{"id":1388,"date":"2022-09-07T16:40:15","date_gmt":"2022-09-07T14:40:15","guid":{"rendered":"http:\/\/confolab.sav.sk\/ovsb\/en\/?page_id=1388"},"modified":"2022-09-12T18:31:58","modified_gmt":"2022-09-12T16:31:58","slug":"important-information","status":"publish","type":"page","link":"https:\/\/confolab.sav.sk\/ovsb\/en\/sirmamthera-2022\/important-information\/","title":{"rendered":"Important Information"},"content":{"rendered":"<p>Due to full day program for both days, we strongly recommend to book the flight on October 25th (Tuesday) and to return on October 28th (Friday). Therefore we will book the hotel for all the participants for three nights, i.e. from October 25th to October 28th. <\/p>\n<p>All participants will receive the Certificate of attendance at the Registration desk.<\/p>\n<h2>Transportation from Vienna Schwechat Airport to the hotel and back <\/h2>\n<p><u>By bus<\/u>: at the Arrivals take the Platform 4, the companies operating are <a target=\"_blank\" href=\"https:\/\/www.slovaklines.sk\/en\/\" rel=\"noopener noreferrer\"> Slovak Lines <\/a>, <a target=\"_blank\" href=\"https:\/\/global.flixbus.com\/\" rel=\"noopener noreferrer\">Flixbus <\/a> and <a target=\"_blank\" href=\"https:\/\/regiojet.com\/\" rel=\"noopener noreferrer\"> RegioJet <\/a>. The tickets can be purchased online in advance or directly at the bus driver. In Bratislava, get off at the stop \u2018Most SNP\u2019 (not the terminal stop \u2018Bus station Nivy\u2019 = \u2019AS Mlynske Nivy\u2019 = \u2018Bratislava Nivy Bus Station\u2019). The hotel is located up to 2 min by walk. From the stop Bus station, take the bus No. 70 (direction Most SNP) and get off at Most SNP.<br \/>\n<u>By taxi<\/u>: on individual request. Please contact <a href=\"mailto:michal.cagalinec@savba.sk\"> Michal Cagalinec <\/a>.<\/p>\n<h2> Transportation from Bratislava Airport to the hotel and back <\/h2>\n<p><u>By bus<\/u>: take the bus No. 61 (direction Hlavna Stanica) and change for the tram No. 4 (platform A, direction Dubravka) at \u201cTrnavske Myto\u201d .<br \/>\n<u>By taxi<\/u>: on individual request. Please contact <a href=\"mailto:michal.cagalinec@savba.sk\"> Michal Cagalinec <\/a>.<\/p>\n","protected":false},"excerpt":{"rendered":"<p>Due to full day program for both days, we strongly recommend to book the flight on October 25th (Tuesday) and to return on October 28th&#8230;<span class=\"excerpt_more\"><a href=\"https:\/\/confolab.sav.sk\/ovsb\/en\/sirmamthera-2022\/important-information\/\">\u010d\u00edta\u0165 \u010falej &raquo;<\/a><\/span><\/p>\n","protected":false},"author":1,"featured_media":0,"parent":1350,"menu_order":0,"comment_status":"closed","ping_status":"closed","template":"","meta":[],"_links":{"self":[{"href":"https:\/\/confolab.sav.sk\/ovsb\/en\/wp-json\/wp\/v2\/pages\/1388"}],"collection":[{"href":"https:\/\/confolab.sav.sk\/ovsb\/en\/wp-json\/wp\/v2\/pages"}],"about":[{"href":"https:\/\/confolab.sav.sk\/ovsb\/en\/wp-json\/wp\/v2\/types\/page"}],"author":[{"embeddable":true,"href":"https:\/\/confolab.sav.sk\/ovsb\/en\/wp-json\/wp\/v2\/users\/1"}],"replies":[{"embeddable":true,"href":"https:\/\/confolab.sav.sk\/ovsb\/en\/wp-json\/wp\/v2\/comments?post=1388"}],"version-history":[{"count":11,"href":"https:\/\/confolab.sav.sk\/ovsb\/en\/wp-json\/wp\/v2\/pages\/1388\/revisions"}],"predecessor-version":[{"id":1439,"href":"https:\/\/confolab.sav.sk\/ovsb\/en\/wp-json\/wp\/v2\/pages\/1388\/revisions\/1439"}],"up":[{"embeddable":true,"href":"https:\/\/confolab.sav.sk\/ovsb\/en\/wp-json\/wp\/v2\/pages\/1350"}],"wp:attachment":[{"href":"https:\/\/confolab.sav.sk\/ovsb\/en\/wp-json\/wp\/v2\/media?parent=1388"}],"curies":[{"name":"wp","href":"https:\/\/api.w.org\/{rel}","templated":true}]}}