{"id":1376,"date":"2022-09-07T15:25:29","date_gmt":"2022-09-07T13:25:29","guid":{"rendered":"http:\/\/confolab.sav.sk\/ovsb\/en\/?page_id=1376"},"modified":"2022-09-19T14:09:31","modified_gmt":"2022-09-19T12:09:31","slug":"organizers","status":"publish","type":"page","link":"https:\/\/confolab.sav.sk\/ovsb\/en\/sirmamthera-2022\/organizers\/","title":{"rendered":"Organizers"},"content":{"rendered":"<p>Institute of Experimental Endocrinology, Biomedical Research Center, Slovak Academy of Sciences, Bratislava, Slovakia <\/p>\n<h2> Chair <\/h2>\n<p>Michal Cagalinec<\/p>\n<h2> Steering committee <\/h2>\n<p>Daniela Ga\u0161per\u00edkov\u00e1, Martina \u0160kopkov\u00e1<\/p>\n<h2> Members <\/h2>\n<p>Alexandra Zahradn\u00edkov\u00e1 jr., Silvia Boreck\u00e1, Dominika Hromn\u00edkov\u00e1<\/p>\n<h2> Webpage administration <\/h2>\n<p>Bogdan Iaparov<\/p>\n","protected":false},"excerpt":{"rendered":"<p>Institute of Experimental Endocrinology, Biomedical Research Center, Slovak Academy of Sciences, Bratislava, Slovakia Chair Michal Cagalinec Steering committee Daniela Ga\u0161per\u00edkov\u00e1, Martina \u0160kopkov\u00e1 Members Alexandra Zahradn\u00edkov\u00e1&#8230;<span class=\"excerpt_more\"><a href=\"https:\/\/confolab.sav.sk\/ovsb\/en\/sirmamthera-2022\/organizers\/\">\u010d\u00edta\u0165 \u010falej &raquo;<\/a><\/span><\/p>\n","protected":false},"author":1,"featured_media":0,"parent":1350,"menu_order":0,"comment_status":"closed","ping_status":"closed","template":"","meta":[],"_links":{"self":[{"href":"https:\/\/confolab.sav.sk\/ovsb\/en\/wp-json\/wp\/v2\/pages\/1376"}],"collection":[{"href":"https:\/\/confolab.sav.sk\/ovsb\/en\/wp-json\/wp\/v2\/pages"}],"about":[{"href":"https:\/\/confolab.sav.sk\/ovsb\/en\/wp-json\/wp\/v2\/types\/page"}],"author":[{"embeddable":true,"href":"https:\/\/confolab.sav.sk\/ovsb\/en\/wp-json\/wp\/v2\/users\/1"}],"replies":[{"embeddable":true,"href":"https:\/\/confolab.sav.sk\/ovsb\/en\/wp-json\/wp\/v2\/comments?post=1376"}],"version-history":[{"count":5,"href":"https:\/\/confolab.sav.sk\/ovsb\/en\/wp-json\/wp\/v2\/pages\/1376\/revisions"}],"predecessor-version":[{"id":1457,"href":"https:\/\/confolab.sav.sk\/ovsb\/en\/wp-json\/wp\/v2\/pages\/1376\/revisions\/1457"}],"up":[{"embeddable":true,"href":"https:\/\/confolab.sav.sk\/ovsb\/en\/wp-json\/wp\/v2\/pages\/1350"}],"wp:attachment":[{"href":"https:\/\/confolab.sav.sk\/ovsb\/en\/wp-json\/wp\/v2\/media?parent=1376"}],"curies":[{"name":"wp","href":"https:\/\/api.w.org\/{rel}","templated":true}]}}