{"id":1350,"date":"2022-09-07T15:25:24","date_gmt":"2022-09-07T13:25:24","guid":{"rendered":"http:\/\/confolab.sav.sk\/ovsb\/en\/?page_id=1350"},"modified":"2023-10-06T16:36:52","modified_gmt":"2023-10-06T14:36:52","slug":"sirmamthera-2022","status":"publish","type":"page","link":"https:\/\/confolab.sav.sk\/ovsb\/en\/sirmamthera-2022\/","title":{"rendered":"SIRMAMTHERA 2022"},"content":{"rendered":"<p><html><br \/>\n<head><\/p>\n<style>\n.centraltext{\n        font-size: 14px;\n        text-align: center;\n}\n.normaltext{\n        font-size: 14px;\n}\n.largerboldtext{\n        font-size: 16px;\n        text-align: center;\n        font-weight: bold;\n}\n.largertext{\n        font-size: 18px;\n        text-align: center;\n}\n.subheader{\n}\n.smallfont{\n        font-size:12px;\n        line-height:1.15;<\/p>\n<p>}\n.sponsor{\n        display: flex;\n        justify-content: center;\n        padding-bottom: 10px;\n}<\/p>\n<p>@counter-style ticks {\n  system: cyclic;\n  symbols: \"\\2714\";\n  suffix: ' ';\n}\n.listitem{\n  font-size: 14px;\n}\ntable, th, td {\n  border:1px solid black;\n  padding:5px;\n  text-color: white;\n  font-size: 13px;\n  background-color: #fdf2e8;\n  border-collapse: collapse;\n  text-align: center;\n}\nol {\n    padding:0 0 0 15px;\n}\n<\/style>\n<p><\/head><\/p>\n<p><img decoding=\"async\" loading=\"lazy\" src=\"https:\/\/confolab.sav.sk\/ovsb\/en\/wp-content\/uploads\/sites\/2\/conference-banner-v2.jpg\" alt=\"\" width=\"700\" height=\"525\" class=\"alignnone size-full wp-image-1423\" srcset=\"https:\/\/confolab.sav.sk\/ovsb\/en\/wp-content\/uploads\/sites\/2\/conference-banner-v2.jpg 960w, https:\/\/confolab.sav.sk\/ovsb\/en\/wp-content\/uploads\/sites\/2\/conference-banner-v2-300x225.jpg 300w, https:\/\/confolab.sav.sk\/ovsb\/en\/wp-content\/uploads\/sites\/2\/conference-banner-v2-768x576.jpg 768w\" sizes=\"(max-width: 700px) 100vw, 700px\" \/><\/p>\n<div class=\"smallfont\">\n<strong><\/p>\n<table>\n<tr>\n<td><a href=\" https:\/\/confolab.sav.sk\/ovsb\/en\/funding\/\">Funding<\/a><\/td>\n<td><a href=\"https:\/\/confolab.sav.sk\/ovsb\/en\/conf-organizers\/\">Organizers<\/a><\/td>\n<td><a href=\"https:\/\/confolab.sav.sk\/ovsb\/en\/venue\/\">Venue<\/a><\/td>\n<td><a href=\"https:\/\/confolab.sav.sk\/ovsb\/en\/important-information\/\">Important information<\/a><\/td>\n<td><a href=\"https:\/\/confolab.sav.sk\/ovsb\/en\/sirmamthera-2022\/invited-speakers\/\">Speakers<\/a><\/td>\n<td><a href=\"https:\/\/confolab.sav.sk\/ovsb\/en\/sirmamthera-2022\/program\/\">Program<\/a><\/td>\n<td><a href=\"https:\/\/confolab.sav.sk\/ovsb\/en\/sirmamthera-2022\/registration\/\">Registration<\/a><\/td>\n<td><a href=\"https:\/\/confolab.sav.sk\/ovsb\/en\/sirmamthera-2022\/posters-and-presentations\/\">Presentations and Posters<\/a><\/td>\n<\/tr>\n<\/table>\n<p><\/strong>\n<\/div>\n<p class=\"centraltext\">Under the support of<\/p>\n<div class=\"sponsor\">\n<img decoding=\"async\" loading=\"lazy\" src=\"https:\/\/confolab.sav.sk\/ovsb\/en\/wp-content\/uploads\/sites\/2\/download-300x66.png\" alt=\"\" width=\"300\" height=\"66\" class=\"alignnone size-medium wp-image-1424\" srcset=\"https:\/\/confolab.sav.sk\/ovsb\/en\/wp-content\/uploads\/sites\/2\/download-300x66.png 300w, https:\/\/confolab.sav.sk\/ovsb\/en\/wp-content\/uploads\/sites\/2\/download.png 479w\" sizes=\"(max-width: 300px) 100vw, 300px\" \/>\n<\/div>\n<p class=\"centraltext\">and administered by<\/p>\n<div class=\"sponsor\">\n<img decoding=\"async\" loading=\"lazy\" src=\"https:\/\/confolab.sav.sk\/ovsb\/en\/wp-content\/uploads\/sites\/2\/zonmw-logo-300x70.png\" alt=\"\" width=\"200\" height=\"47\" class=\"alignnone size-medium wp-image-1369\" srcset=\"https:\/\/confolab.sav.sk\/ovsb\/en\/wp-content\/uploads\/sites\/2\/zonmw-logo-300x70.png 300w, https:\/\/confolab.sav.sk\/ovsb\/en\/wp-content\/uploads\/sites\/2\/zonmw-logo.png 480w\" sizes=\"(max-width: 200px) 100vw, 200px\" \/>\n<\/div>\n<p class=\"centraltext\">the Biomedical Research Center, Slovak Academy of Sciences<\/p>\n<div class=\"sponsor\">\n<img decoding=\"async\" loading=\"lazy\" src=\"https:\/\/confolab.sav.sk\/ovsb\/en\/wp-content\/uploads\/sites\/2\/BMC_EN.png\" alt=\"\" width=\"111\" height=\"111\" class=\"alignnone size-full wp-image-1437\" \/>\n<\/div>\n<p class=\"centraltext\">organizes as a continuation of the pivotal meeting focused on the Wolfram Syndrome and Mitochondria Associated Membrane related diseases held in Montpellier, France in 2021 symposium<\/p>\n<p class=\"largerboldtext\">Mitochondria-associated membranes as therapeutic target in rare neurodegenerative diseases<\/p>\n<p class=\"largertext\">SIRMAMTHERA\u201922<\/p>\n<p class=\"centraltext\"> On October 26-27th, 2022 in Bratislava, Slovakia<\/p>\n<h2 class=\"subheader\"> Venue <\/h2>\n<p class=\"normaltext\"> The symposium will be located in Bratislava, the capital city of Slovakia in Hotel Devin**** <\/p>\n<h2 class=\"subheader\"> Scientific sessions <\/h2>\n<ul>\n<li class=\"listitem\"> Wolfram syndrome <\/li>\n<li class=\"listitem\"> Amyotropic lateral sclerosis <\/li>\n<li class=\"listitem\"> familial Parkinson\u2019s disease <\/li>\n<li class=\"listitem\"> Harel-Yoon syndrome <\/li>\n<li class=\"listitem\"> Sigma 1 receptor <\/li>\n<li class=\"listitem\"> Membrane contact sites <\/li>\n<li class=\"listitem\"> Signalling &#038; Processes <\/li>\n<\/ul>\n","protected":false},"excerpt":{"rendered":"<p>Funding Organizers Venue Important information Speakers Program Registration Presentations and Posters Under the support of and administered by the Biomedical Research Center, Slovak Academy of&#8230;<span class=\"excerpt_more\"><a href=\"https:\/\/confolab.sav.sk\/ovsb\/en\/sirmamthera-2022\/\">\u010d\u00edta\u0165 \u010falej &raquo;<\/a><\/span><\/p>\n","protected":false},"author":1,"featured_media":0,"parent":0,"menu_order":0,"comment_status":"closed","ping_status":"closed","template":"","meta":[],"_links":{"self":[{"href":"https:\/\/confolab.sav.sk\/ovsb\/en\/wp-json\/wp\/v2\/pages\/1350"}],"collection":[{"href":"https:\/\/confolab.sav.sk\/ovsb\/en\/wp-json\/wp\/v2\/pages"}],"about":[{"href":"https:\/\/confolab.sav.sk\/ovsb\/en\/wp-json\/wp\/v2\/types\/page"}],"author":[{"embeddable":true,"href":"https:\/\/confolab.sav.sk\/ovsb\/en\/wp-json\/wp\/v2\/users\/1"}],"replies":[{"embeddable":true,"href":"https:\/\/confolab.sav.sk\/ovsb\/en\/wp-json\/wp\/v2\/comments?post=1350"}],"version-history":[{"count":30,"href":"https:\/\/confolab.sav.sk\/ovsb\/en\/wp-json\/wp\/v2\/pages\/1350\/revisions"}],"predecessor-version":[{"id":1564,"href":"https:\/\/confolab.sav.sk\/ovsb\/en\/wp-json\/wp\/v2\/pages\/1350\/revisions\/1564"}],"wp:attachment":[{"href":"https:\/\/confolab.sav.sk\/ovsb\/en\/wp-json\/wp\/v2\/media?parent=1350"}],"curies":[{"name":"wp","href":"https:\/\/api.w.org\/{rel}","templated":true}]}}