{"id":123,"date":"2018-01-08T12:25:46","date_gmt":"2018-01-08T12:25:46","guid":{"rendered":"http:\/\/confolab.sav.sk\/ovsb\/en\/?page_id=123"},"modified":"2024-11-27T07:40:12","modified_gmt":"2024-11-27T06:40:12","slug":"phd-alumni","status":"publish","type":"page","link":"https:\/\/confolab.sav.sk\/ovsb\/en\/activities\/phd-alumni\/","title":{"rendered":"PhD Alumni"},"content":{"rendered":"<p><button onclick=\"goBack()\">Back<\/button><br \/>\n<script>\t \t \nfunction goBack() { window.history.go(-1); }\t \t \n<\/script><\/p>\n<table class=\"list\" border=\"0\" width=\"100%\" cellspacing=\"1\" cellpadding=\"4\">\n<tbody>\n<tr>\n<td class=\"small\"><img decoding=\"async\" src=\"https:\/\/confolab.sav.sk\/ovsb\/wp-content\/uploads\/Julka.png\" alt=\"photo\" width=\"75\" align=\"left\" hspace=\"3\" vspace=\"1\" \/><\/td>\n<td><b>Iuliia Baglaeva (2024)<\/b><br \/>\n<i>The effect of physiological load and obesity on excitation-contraction coupling of cardiomyocytes<\/i>; Supervisor: Alexandra Zahradn\u00edkov\u00e1 Jr.<br \/>\nPresent position: Research Fellow, Department of Cellular Cardiology, Institute of Experimental Endocrinology, Biomedical Research Center, SAS, Bratislava, Slovakia<\/td>\n<\/tr>\n<tr>\n<td class=\"small\"><img decoding=\"async\" src=\"https:\/\/confolab.sav.sk\/ovsb\/en\/wp-content\/uploads\/sites\/2\/BI.jpg\" alt=\"photo\" width=\"75\" align=\"left\" hspace=\"3\" vspace=\"1\" \/><\/td>\n<td><b>Bogdan Iaparov (2024)<\/b><br \/>\n<i>Structure-function relationships of dyadic complexes in cardiac myocytes during diastole<\/i>; Supervisor: Alexandra Zahradn\u00edkov\u00e1<br \/>\nPresent position: Research Fellow, Bioinformatics Laboratory, Biomedical Research Center, SAS, Bratislava, Slovakia<\/td>\n<\/tr>\n<tr>\n<td class=\"small\"><img decoding=\"async\" src=\"https:\/\/confolab.sav.sk\/ovsb\/wp-content\/uploads\/SK1.jpg\" alt=\"photo\" width=\"75\" align=\"left\" hspace=\"3\" vspace=\"1\" \/><\/td>\n<td><b>Simona Kurekov\u00e1 (DMCR, 2020)<\/b><br \/>\n<i>Use of confocal microscopy to evaluate morphological and functional changes of heart cells in Wolfram syndrome<\/i>; Supervisor: Michal Cagalinec<br \/>\nPresent position: Research Fellow, Department of Biophysics and Electrophysiology, Institute of Molecular Physiology and Genetics CBs SAS, Bratislava, Slovakia<\/td>\n<\/tr>\n<tr>\n<td class=\"small\"><img decoding=\"async\" src=\"https:\/\/confolab.sav.sk\/ovsb\/wp-content\/uploads\/KM.jpg\" alt=\"photo\" width=\"75\" align=\"left\" hspace=\"3\" vspace=\"1\" \/><\/td>\n<td><b>Katar\u00edna Mackov\u00e1 (DMCR, 2018)<\/b><br \/>\n<i>Calcium signaling of cardiomyocytes in early postnatal developmental stages<\/i>; Supervisor: Alexandra Zahradn\u00edkov\u00e1; Supervisor-specialist: Alexandra Zahradn\u00edkov\u00e1 jr.<br \/>\nPresent position: Postdoctoral Scientist, Eurac Research, Bolzano, Italy; Previous positions: Research Fellow, Department of Biophysics and Electrophysiology, Institute of Molecular Physiology and Genetics CBs SAS, Bratislava, Slovakia<\/td>\n<\/tr>\n<tr>\n<td class=\"small\"><img decoding=\"async\" src=\"https:\/\/confolab.sav.sk\/sk\/images\/ZN.png\" alt=\"photo\" width=\"75\" align=\"left\" hspace=\"3\" vspace=\"1\" \/><\/td>\n<td><b>Zuzana Nichtova (LCM, 2015)<\/b><br \/>\n<i>Variability of plasma membrane microdomains of cardiac myocytes induced by isoprenaline<\/i>; Supervisor: Tatiana Stankovicova; Supervisor-specialist: Marta Novotova<br \/>\nPresent position: Associate Researcher, Thomas Jefferson University, Philadelphia, USA; Previous positions: Head of Cardiovascular Unit, Czech Centre for Phenogenomics, Institute of Molecular Genetics of the Czech Academy of Sciences, Prague, Czech Republic; Postdoctoral Fellow, Department of Pathology, Anatomy &#038; Cell Biology, Thomas Jefferson University, Philadelphia, USA<\/td>\n<\/tr>\n<tr>\n<td class=\"small\"><img decoding=\"async\" src=\"https:\/\/confolab.sav.sk\/sk\/images\/MH.png\" alt=\"photo\" width=\"75\" align=\"left\" hspace=\"3\" vspace=\"1\" \/><\/td>\n<td><b>Matej Hotka (LEF, 2015)<\/b><br \/>\n<i>Variability of the impedance of sarcolemma in cardiac myocytes<\/i>; Supervisor: Ivan Zahradnik<br \/>\nPresent position: Senior postdoc, Karl Landsteiner University of Health Sciences, Krems, Austria; Previous positions: Postdoctoral Fellow, Department of Neurophysiology and Neuropharmacology, Centre of Physiology and Pharmacology, Medical University Vienna, Austria<\/td>\n<\/tr>\n<tr>\n<td class=\"small\"><img decoding=\"async\" src=\"https:\/\/confolab.sav.sk\/sk\/images\/AF.png\" alt=\"photo\" width=\"75\" align=\"left\" hspace=\"3\" vspace=\"1\" \/><\/td>\n<td><b>Andrea Faltinova (LMB, 2015)<\/b><br \/>\n<i>Biophysical mechanisms of regulation of diastolic activity of the ryanodine receptor<\/i>; Supervisor: Alexandra Zahradnikova<br \/>\nPresent position: Regional Public Health Authority Bratislava; Slovak representative for EDQM (European Directorate for The Quality of Medicines &amp; Health Care) and  PEMSAC (The Platform of European Market Surveillance Authorities for Cosmetics)<\/td>\n<\/tr>\n<tr>\n<td class=\"small\"><img decoding=\"async\" src=\"https:\/\/confolab.sav.sk\/sk\/images\/RJ.png\" alt=\"photo\" width=\"75\" align=\"left\" hspace=\"3\" vspace=\"1\" \/><\/td>\n<td><b>Radoslav Janicek (LMB, 2013)<\/b><br \/>\n<i>Calcium signaling in cardiac myocytes<\/i>; Supervisor: Alexandra Zahradnikova<br \/>\nPresent position: Post-doctoral Student, Department of Physiology , University of Bern, B\u00fchlplatz 5, CH-3012 Bern, Switzerland; Previous position: Post-doctoral Student, Rutgers New Jersey Medical School, Newark, NJ, USA<\/td>\n<\/tr>\n<tr>\n<td class=\"small\"><img decoding=\"async\" src=\"https:\/\/confolab.sav.sk\/ovsb\/wp-content\/uploads\/milos.jpg\" alt=\"photo\" width=\"75\" align=\"left\" hspace=\"3\" vspace=\"1\" \/><\/td>\n<td><b>Miloslav Karh\u00e1nek (external, 2012)<\/b><br \/>\n<i>Study of molecular interactions, ion currents and surface effects of nanochannels<\/i>; Supervisor: Alexandra Zahradn\u00edkov\u00e1<br \/>\nPresent position: Head of Laboratory, Bioinformatics Laborat\u00f3ry, Biomedical Research Center SAS; Previous position: Stanford University \u2013 Spectrum, Senior Software Architect (2009-2016)<\/td>\n<\/tr>\n<tr>\n<td class=\"small\"><img decoding=\"async\" src=\"https:\/\/confolab.sav.sk\/sk\/images\/BT.jpg\" alt=\"photo\" width=\"75\" align=\"left\" hspace=\"3\" vspace=\"1\" \/><\/td>\n<td><b>Barbora Tencerova (LMB, 2012)<\/b><br \/>\n<i>Regulation of activity of ryanodine receptors<\/i>; Supervisor: Alexandra Zahradnikova<br \/>\nPresent position: Senior QMS Manager at Lifecare AS, Bergen, Norway; Previous position: Department Engineer at Ocean TuniCell AS, Bergen, Norway; Researcher, Sars International Center for Marine Molecular Biology, Bergen, Norway; Postdoctoral Fellow, Universitetet i Bergen (UiB), Bergen, Hordaland, Norway<\/td>\n<\/tr>\n<tr>\n<td class=\"small\"><img decoding=\"async\" src=\"https:\/\/confolab.sav.sk\/sk\/images\/AZjr.jpg\" alt=\"photo\" width=\"75\" align=\"left\" hspace=\"3\" vspace=\"1\" \/><\/td>\n<td><b>Alexandra Zahradnikova, jr. (LCM, 2009)<\/b><br \/>\n<i>Local calcium release during excitation-contraction coupling<\/i>; Supervisor: Marta Novotova<br \/>\nPresent position: Research Fellow, Department of Cellular Cardiology, Institute of Experimental Endocrinology, Biomedical Research Center, SAS, Bratislava, Slovakia<\/td>\n<\/tr>\n<tr>\n<td class=\"small\"><img decoding=\"async\" src=\"https:\/\/confolab.sav.sk\/sk\/images\/LT.png\" alt=\"photo\" width=\"75\" align=\"left\" hspace=\"3\" vspace=\"1\" \/><\/td>\n<td><b>Lucia Tylkova-Skvarkova (LCM, 2009)<\/b><br \/>\n<i>Cellular adaptation of slow skeletal muscle fibres in mice with blocked expression of the gene for cytosolic and mitochondrial creatine kinase<\/i>; Supervisor: Marta Novotova<br \/>\nPresent position: Researcher, Institute of Virology, Biomedical Research Center, SAS, Bratislava, Slovakia<\/td>\n<\/tr>\n<tr>\n<td class=\"small\"><img decoding=\"async\" src=\"https:\/\/confolab.sav.sk\/sk\/images\/Jpa2.png\" alt=\"photo\" width=\"75\" align=\"left\" hspace=\"3\" vspace=\"1\" \/><\/td>\n<td><b>Julius Parulek (LEF, 2008)<\/b><br \/>\n<i>Problem-solving environment for stereology-based implicit modeling of muscle cells<\/i>; Supervisor-specialist: Ivan Zahradnik<br \/>\nPresent position: Principal Analyst IT, Equinor, Bergen (2018-); Previous position: Senior Software Engineer, CodeLab Bergen (2017-2018); Adjunct Associate Professor a Post-doctoral Student, Department of Informatics, Faculty of Mathematics and Natural Sciences, University of Bergen, Bergen, Norway (2008-2018)<\/td>\n<\/tr>\n<tr>\n<td class=\"small\"><img decoding=\"async\" src=\"https:\/\/confolab.sav.sk\/sk\/images\/EP.jpg\" alt=\"photo\" width=\"75\" align=\"left\" hspace=\"3\" vspace=\"1\" \/><\/td>\n<td><b>Eva Polakova (LMB, 2008)<\/b><br \/>\n<i>Excitation-contraction coupling in cardiac myocytes<\/i>; Supervisor: Alexandra Zahradnikova<br \/>\nPresent position: Engineer, Google; Previous position: Scientific Programmer, NEBION AG, Zurich, Switzerland; Postdoctoral Fellow, Department of Pharmacology and Systems Therapeutics, Mount Sinai School of Medicine, New York, NY, USA; Postdoctoral Fellow, Rutgers New Jersey Medical School, Newark, NJ, USA<\/td>\n<\/tr>\n<tr>\n<td class=\"small\"><img decoding=\"async\" src=\"https:\/\/confolab.sav.sk\/sk\/images\/PN.png\" alt=\"photo\" width=\"75\" align=\"left\" hspace=\"3\" vspace=\"1\" \/><\/td>\n<td><b>Pavel Novak (LEF, 2006)<\/b><br \/>\n<i>Measurement of passive electrical parameters of cardiac myocytes<\/i>; Supervisor: Ivan Zahradnik<br \/>\nPresent position: Research Engineer, Optos, Edinburgh, Scotland (2021-); Previous position: ICAPPIC LIMITED, Director of Software Development, London, England (2019-2021); Lecturer, Centre for Biomedical Engineering and Materials, School of Engineering and Materials Science, Queen Mary, University of London (2013-2018); Postdoctoral Research Associate, Imperial College London (2007-2013)<\/td>\n<\/tr>\n<tr>\n<td class=\"small\"><img decoding=\"async\" src=\"https:\/\/confolab.sav.sk\/sk\/images\/ZK.png\" alt=\"photo\" width=\"75\" align=\"left\" hspace=\"3\" vspace=\"1\" \/><\/td>\n<td><b>Zuzana Kubalova (LMB, 2005)<\/b><br \/>\n<i>Ion channels in excitation-contraction coupling<\/i>; Supervisor: Alexandra Zahradnikova<br \/>\nPresent position: CEO, ABC Monitoring, s.r.o., Modra, Slovakia; Senior Clinical Research Associate, sanofi-aventis (2010-); Previous position: Clinical Research Associate, Lead Clinical Research Associate, Novartis (2007-2010); Research Associate, The Ohio State University, Columbus, OH, USA (2004-2006), International Visiting Scholar, Texas Tech University Health Sciences Center,Lubbock, TX, USA (2002-2004)<\/td>\n<\/tr>\n<tr>\n<td class=\"small\"><img decoding=\"async\" src=\"https:\/\/confolab.sav.sk\/sk\/images\/MP.jpg\" alt=\"photo\" width=\"75\" align=\"left\" hspace=\"3\" vspace=\"1\" \/><\/td>\n<td><b>Michaela Pavlovicova (LCM, 2003)<\/b><br \/>\n<i>Stereological analysis of the relationships between organelles of muscle cells and their adaptation to creatine kinase deficit<\/i>; Supervisor: Marta Novotova<br \/>\nPresent position: nature conservation -CITES<\/td>\n<\/tr>\n<tr>\n<td class=\"small\"><img decoding=\"async\" src=\"https:\/\/confolab.sav.sk\/sk\/images\/MD.jpg\" alt=\"photo\" width=\"75\" align=\"left\" hspace=\"3\" vspace=\"1\" \/><\/td>\n<td><b>Miroslav Dura (LMB, 2003)<\/b><br \/>\n<i>Molecular mechanisms of ryanodine receptor gating<\/i>; Supervisor: Alexandra Zahradnikova<br \/>\nPresent position: Postdoctoral Fellow, Research Unit for Cellular Biophysics and Translational Cardiology, University Medical Center Goettingen, Germany(2010-); Previous position: Associate Research Scientist, Columbia University Medical Center, New York, NY, USA (2002-2010) <\/td>\n<\/tr>\n<tr>\n<td class=\"small\"><img decoding=\"async\" src=\"https:\/\/confolab.sav.sk\/sk\/images\/IM.jpg\" alt=\"photo\" width=\"75\" align=\"left\" hspace=\"3\" vspace=\"1\" \/><\/td>\n<td><b>Igor Minarovic (LMB, 1999)<\/b><br \/>\n<i>Interaction of antidepressants with cardiac L-type calcium channels<\/i>; Supervisors: Ivan Zahradnik, Alexandra Zahradnikova<br \/>\nPresent position: Chairman of the Board of Directors, Co-Founder, Cooperative of Pharmacies, Zilina, Slovakia; PharmINFO &#8211; partner<\/td>\n<\/tr>\n<tr>\n<td class=\"small\"><img decoding=\"async\" src=\"https:\/\/confolab.sav.sk\/sk\/images\/JP.png\" alt=\"photo\" width=\"75\" align=\"left\" hspace=\"3\" vspace=\"1\" \/><\/td>\n<td><b>Jana Pavelkova (LEF, 1998)<\/b><br \/>\n<i>Analysis of calcium currents of contracting cardiomyocytes using mathematical modelling<\/i>; Supervisor: Ivan Zahradnik<br \/>\nPresent position: Research Fellow, Department of Cellular Cardiology, Institute of Experimental Endocrinology, Biomedical Research Center, SAS, Bratislava, Slovakia<\/td>\n<\/tr>\n<tr>\n<td class=\"small\"><img decoding=\"async\" src=\"https:\/\/confolab.sav.sk\/sk\/images\/KS.jpg\" alt=\"photo\" width=\"75\" align=\"left\" hspace=\"3\" vspace=\"1\" \/><\/td>\n<td><b>Katarina Stroffekova (LEF, 1997)<\/b><br \/>\n<i>The relationships between gating charge and calcium concentration in skeletal muscle<\/i>; Supervisor: Ivan Zahradnik<br \/>\nPresent position: Associate Professor, Department of Biophysics, Faculty of Science, Pavol Jozef Safarik University, Kosice, Slovakia; Previous position: Assistant Professor, Utah State University, UT, USA (2004-2009); Postdoctoral Fellow, Colorado State University, USA (1998-2003) <\/td>\n<\/tr>\n<\/tbody>\n<\/table>\n","protected":false},"excerpt":{"rendered":"<p>Back Iuliia Baglaeva (2024) The effect of physiological load and obesity on excitation-contraction coupling of cardiomyocytes; Supervisor: Alexandra Zahradn\u00edkov\u00e1 Jr. Present position: Research Fellow, Department&#8230;<span class=\"excerpt_more\"><a href=\"https:\/\/confolab.sav.sk\/ovsb\/en\/activities\/phd-alumni\/\">\u010d\u00edta\u0165 \u010falej &raquo;<\/a><\/span><\/p>\n","protected":false},"author":1,"featured_media":0,"parent":40,"menu_order":60,"comment_status":"closed","ping_status":"closed","template":"","meta":[],"_links":{"self":[{"href":"https:\/\/confolab.sav.sk\/ovsb\/en\/wp-json\/wp\/v2\/pages\/123"}],"collection":[{"href":"https:\/\/confolab.sav.sk\/ovsb\/en\/wp-json\/wp\/v2\/pages"}],"about":[{"href":"https:\/\/confolab.sav.sk\/ovsb\/en\/wp-json\/wp\/v2\/types\/page"}],"author":[{"embeddable":true,"href":"https:\/\/confolab.sav.sk\/ovsb\/en\/wp-json\/wp\/v2\/users\/1"}],"replies":[{"embeddable":true,"href":"https:\/\/confolab.sav.sk\/ovsb\/en\/wp-json\/wp\/v2\/comments?post=123"}],"version-history":[{"count":38,"href":"https:\/\/confolab.sav.sk\/ovsb\/en\/wp-json\/wp\/v2\/pages\/123\/revisions"}],"predecessor-version":[{"id":1749,"href":"https:\/\/confolab.sav.sk\/ovsb\/en\/wp-json\/wp\/v2\/pages\/123\/revisions\/1749"}],"up":[{"embeddable":true,"href":"https:\/\/confolab.sav.sk\/ovsb\/en\/wp-json\/wp\/v2\/pages\/40"}],"wp:attachment":[{"href":"https:\/\/confolab.sav.sk\/ovsb\/en\/wp-json\/wp\/v2\/media?parent=123"}],"curies":[{"name":"wp","href":"https:\/\/api.w.org\/{rel}","templated":true}]}}