{"id":122,"date":"2018-01-08T12:25:46","date_gmt":"2018-01-08T12:25:46","guid":{"rendered":"http:\/\/confolab.sav.sk\/ovsb\/en\/?page_id=122"},"modified":"2024-11-28T16:53:50","modified_gmt":"2024-11-28T15:53:50","slug":"events","status":"publish","type":"page","link":"https:\/\/confolab.sav.sk\/ovsb\/en\/activities\/events\/","title":{"rendered":"Events"},"content":{"rendered":"<p><script type=\"text\/javascript\">\n<!--\nfunction launch(newURL, newName, newFeatures, orgName) {\n  var remote = open(newURL, newName, newFeatures);\n  if (remote.opener == null)\n    remote.opener = window;\n  remote.opener.name = orgName;\n  return remote;\n}\n\nfunction launchRemote(name) {\n  var address =  name;\n  myRemote = launch(address ,\n                    \"Okno\",\n                    \"height=500, width=850, left=50, top=50, alwaysLowered=0, alwaysRaised=0, channelmode=0, dependent=0, directories=0, fullscreen=0, hotkeys=1, location=0, menubar=0, resizable=0, scrollbars=0, status=0, titlebar=1, toolbar=0, z-lock=0\",\n                    \"myWindow\");\n}\n\/\/ -->>\n<\/script><\/p>\n<p><button onclick=\"goBack()\">Back<\/button> <\/h2>\n<p><script>\t \t \nfunction goBack() { window.history.go(-1); }\t \t \n<\/script><\/h2>\n<div class=\"post_list\">\n<div class=\"news_date\">2022<\/div>\n<div> Catalog of artistically processed images from electron microscopy &#8220;Star Status Anima Nano&#8221; &#8211; <strong>Marta Novotov\u00e1<\/strong>.<\/div>\n<div class=\"post_list\">\n<div class=\"news_date\">2022<\/div>\n<div> <strong>UN Pavilion, Expo Dubai<\/strong>. Presentation of artistically processed electron microscopy images from the UNESCO exhibition &#8211; <strong>Marta Novotov\u00e1<\/strong>.<\/div>\n<div class=\"post_list\">\n<div class=\"news_date\">October 28 to December 1, 2021<\/div>\n<div> The electron microscopy images titled &#8220;The Virus in Us and I in Science,&#8221; which were created in response to the COVID-19 pandemic, were exhibited at the UNESCO exhibition <strong>&#8220;Creative Resilience \u2013 Art by Women in Science&#8221;<\/strong> in Paris &#8211; <strong>Marta Novotov\u00e1<\/strong>.<a class=\"more-link\" href=\"https:\/\/confolab.sav.sk\/ovsb\/en\/activities\/events\/creative-resilience-art-by-women-in-science\/\"> (more\u2026)<\/a><\/div>\n<div class=\"post_list\">\n<div class=\"news_date\">2023<\/div>\n<div> Book publication: A. Mar\u010dek Chorv\u00e1tov\u00e1, M. Klacsov\u00e1, <strong>I. Zahradn\u00edk<\/strong>, <strong>\u201cRozvoj biofyziky na Slovensku\u201d<\/strong> mapping the history and current status of biophysics in Slovakia, written for lay audience.<a class=\"more-link\" href=\"https:\/\/confolab.sav.sk\/ovsb\/en\/activities\/events\/book-publication-rozvoj-biofyziky-na-slovensku\/\"> (more\u2026)<\/a><\/div>\n<div class=\"post_list\">\n<div class=\"news_date\">October 26-27, 2022<\/div>\n<div> <strong>Organization of the symposium SIRMAMTHERA\u201922<\/strong> &#8211; Mitochondria-associated membranes as therapeutic target in rare neurodegenerative diseases, Bratislava, Slovakia. Head of the organizing committee: <strong>Michal Cagalinec<\/strong>.<a class=\"more-link\" href=\"https:\/\/confolab.sav.sk\/ovsb\/en\/activities\/events\/organization-of-the-symposium-sirmamthera22\/\"> (more\u2026)<\/a><\/div>\n<div class=\"news_date\">May 3-5, 2022<\/div>\n<div> <strong>Organization of the Slovak Biophysical Society (SKBS) congress<\/strong>, Smolenice, Slovakia. Head of the organizing committee: <strong>Michal Cagalinec<\/strong>.<a class=\"more-link\" href=\"https:\/\/confolab.sav.sk\/ovsb\/en\/activities\/events\/organization-of-the-slovak-biophysical-society-congress\/\"> (more\u2026)<\/a><\/div>\n<div class=\"post_list\">\n<div class=\"news_date\">18. 9. 2019<\/div>\n<div>The Biomedical Research Centre seminar was held on September 18, 2019 at 1 pm in the large conference room of the Institute of Virology BRC SAS. Title of the lecture: <strong>Gender issues in the cardiovascular field<\/strong>. Lecturer: <strong>prof. Ren\u00e9e Ventura-Clapier, Centre National de la Recherche Scientifique, France<\/strong>.<a class=\"more-link\" href=\"http:\/\/confolab.sav.sk\/ovsb\/en\/activities\/events\/gender-issues-in-the-cardiovascular-field\/\"> (more\u2026)<\/a><\/div>\n<\/div>\n<div class=\"post_list\">\n<div class=\"news_date\">29. 9. 2017<\/div>\n<div>Within the European Researchers\u2019 Night on September 29, 2017 we presented the topic <strong>&#8220;Electron microscopy as an inspiration for design&#8221;<\/strong> in a science booth at the Old Market and in a lecture at the Lab cafe in Bratislava. Presenters at the Old Market: Marta Novotov\u00e1 and Ladislav Novota from the Institute of Molecular Physiology and Genetics, Centre of Biosciences, SAS and Martin Bal\u00e1\u017e from the Institute of design, Faculty of architecture, STU. Presenters at the Lab cafe: Marta Novotov\u00e1 from IMPG CBs SAS, and Martin Bal\u00e1\u017e and Ivo V\u00e1vra from ID FA STU.<a class=\"more-link\" href=\"http:\/\/confolab.sav.sk\/ovsb\/en\/european-researchers-night-old-market-and-lab-cafe-bratislava-september-29-2017\/\"> (more\u2026)<\/a><\/div>\n<\/div>\n<div class=\"post_list\">\n<div class=\"news_date\">21. 9. 2017<\/div>\n<div>Department of Muscle Cell Research IMPG CBs SAS in collaboration with the Pragolab company organized the workshop <strong>Nanoscopy Studies vol.1, Theoretical and Practical sessions with LEICA STED 3X<\/strong>. The workshop was targeted on researchers and students interested in using super-resolution techniques to study cells, organelles and proteins using fluorescent markers.<a class=\"more-link\" href='javascript:launchRemote(\"http:\/\/www.sav.sk\/index.php?doc=services-news&#038;source_no=20&#038;news_no=7121&#038;lang_change=en\")'> (more\u2026)<\/a><\/div>\n<div class=\"post_list\">\n<div class=\"news_date\"><\/div>\n<div class=\"news_date\">27. 4. 2016<\/div>\n<div><strong>Open Doors Day at DMCR.<\/strong> Students of biomedical physics from Department of biophysics FMPI CU visited the Department of Muscle Cell Research IMPG SAS together with their supervisor  doc. Iveta Waczul\u00edkova, PhD.<a class=\"more-link\" href=\"http:\/\/confolab.sav.sk\/ovsb\/en\/open-doors-day-at-dmcr-april-27-2016\/\"> (more\u2026)<\/a><\/div>\n<\/div>\n<div class=\"post_list\">\n<div class=\"news_date\">7. 3. 2016<\/div>\n<div>Department of Muscle Cell Research IMPG SAS in collaboration with the Pragolab company organized  <strong>presentation of the STED microscope Leica TCS SP8 STED 3X <\/strong>for the members of the Slovak Bioimaging Initiative as an event of the 1st World Biophysics Week. <a class=\"more-link\" href=\"http:\/\/confolab.sav.sk\/ovsb\/en\/1st-world-biophysics-week\/\">(more\u2026)<\/a><\/div>\n<\/div>\n<div class=\"post_list\">\n<div class=\"news_date\">8. 2. 2016<\/div>\n<div>We have organized  <strong>Open Doors Day on the patch clamp method<\/strong> for students of Biomedical Engineering at the Faculty of Electrical Engineering, \u017dilina University. <a class=\"more-link\" href=\"http:\/\/confolab.sav.sk\/ovsb\/en\/open-doors-day-for-students-from-zilina-university\/\">(more\u2026)<\/a><\/div>\n<\/div>\n<div class=\"post_list\">\n<div class=\"news_date\">17. 8. 2015<\/div>\n<div>We prepared a <strong>video<\/strong> for a wide scientific audience on the paper \u201c<a href='javascript:launchRemote(\"http:\/\/jgp.rupress.org\/content\/145\/6\/489.abstract\")'>Ryanodine receptor gating controls generation of diastolic calcium waves in cardiac myocytes<\/a>\u201d by authors Pavel Petrovi\u010d, Ivan Valent, Elena Cocherov\u00e1, Jana Pavelkov\u00e1 a Alexandra Zahradn\u00edkov\u00e1 <a class=\"more-link\" href=\"http:\/\/confolab.sav.sk\/ovsb\/en\/video-summary-of-research-on-calcium-waves-in-cardiac-myocytes\/\">(more\u2026)<\/a><\/div>\n<\/div>\n<div class=\"post_list\">\n<div class=\"news_date\">13. 10. 2014<\/div>\n<div><strong>Information Day<\/strong> for 1st-year students of Faculty of Medicine, Comenius University in Bratislava. Medical students visited laboratories of DMCR and expressed interest to participate in scientific activities at the Institute. The result is an initiative to create an information platform between institutions. The excursion was organised and presented by Marta Novotov\u00e1, Ivan Zahradnik, Alexandra Zahradn\u00edkov\u00e1, jr. and Zuzana Nichtov\u00e1.\n<\/div>\n<\/div>\n<div class=\"post_list\">\n<div class=\"news_date\">26. 9. 2014<\/div>\n<div><strong>Open Doors Day at DMCR.<\/strong> Students of the First private grammar school in Bratislava (Bajkalska 21, 821 08 Bratislava) visited our laboratories on September 26, 2014 as a part of their coursework. <a class=\"more-link\" href=\"http:\/\/confolab.sav.sk\/ovsb\/en\/open-doors-day-at-dmcr-bratislava-september-26-2014\/\">(more\u2026)<\/a><\/div>\n<\/div>\n<div class=\"post_list\">\n<div class=\"news_date\">26. 9. 2014<\/div>\n<div>Within the <strong>European Researchers&#8217; Night<\/strong> on September 26, 2014 we presented a science booth &#8220;Live Cardiac Cells&#8221; at the Old Market in Bratislava. Presenters: Matej Ho\u0165ka, Gizela Gajdo\u0161\u00edkov\u00e1, Zuzana Nichtov\u00e1, Marta Novotov\u00e1, Alexandra Zahradn\u00edkov\u00e1, jr., Alexandra Zahradn\u00edkov\u00e1, Ivan Zahradn\u00edk.<a class=\"more-link\" href=\"http:\/\/confolab.sav.sk\/ovsb\/en\/european-researchers-night-old-market-bratislava-september-26-2014\/\"> (more\u2026)<\/a><\/div>\n<\/div>\n<div class=\"post_list\">\n<div class=\"news_date\">27. 9. 2013<\/div>\n<div>Within the <strong>European Researchers&#8217; Night<\/strong> on September 27, 2013 A. Zahradn\u00edkov\u00e1 presented a lecture \u201cCells that actuate life\u201d in the Discovery Hall of the Slovak National Museum\u201c on the topic of cardiac myocytes that perform the work that leads to cardiac contraction during the systole, and thus secure circulation of blood in the organism. <a class=\"more-link\" href=\"http:\/\/confolab.sav.sk\/ovsb\/en\/european-researchers-night-snm-2013\/\">(more\u2026)<\/a><\/div>\n<\/div>\n","protected":false},"excerpt":{"rendered":"<p>Back 2022 Catalog of artistically processed images from electron microscopy &#8220;Star Status Anima Nano&#8221; &#8211; Marta Novotov\u00e1. 2022 UN Pavilion, Expo Dubai. Presentation of artistically&#8230;<span class=\"excerpt_more\"><a href=\"https:\/\/confolab.sav.sk\/ovsb\/en\/activities\/events\/\">\u010d\u00edta\u0165 \u010falej &raquo;<\/a><\/span><\/p>\n","protected":false},"author":1,"featured_media":0,"parent":40,"menu_order":50,"comment_status":"closed","ping_status":"closed","template":"","meta":[],"_links":{"self":[{"href":"https:\/\/confolab.sav.sk\/ovsb\/en\/wp-json\/wp\/v2\/pages\/122"}],"collection":[{"href":"https:\/\/confolab.sav.sk\/ovsb\/en\/wp-json\/wp\/v2\/pages"}],"about":[{"href":"https:\/\/confolab.sav.sk\/ovsb\/en\/wp-json\/wp\/v2\/types\/page"}],"author":[{"embeddable":true,"href":"https:\/\/confolab.sav.sk\/ovsb\/en\/wp-json\/wp\/v2\/users\/1"}],"replies":[{"embeddable":true,"href":"https:\/\/confolab.sav.sk\/ovsb\/en\/wp-json\/wp\/v2\/comments?post=122"}],"version-history":[{"count":33,"href":"https:\/\/confolab.sav.sk\/ovsb\/en\/wp-json\/wp\/v2\/pages\/122\/revisions"}],"predecessor-version":[{"id":1861,"href":"https:\/\/confolab.sav.sk\/ovsb\/en\/wp-json\/wp\/v2\/pages\/122\/revisions\/1861"}],"up":[{"embeddable":true,"href":"https:\/\/confolab.sav.sk\/ovsb\/en\/wp-json\/wp\/v2\/pages\/40"}],"wp:attachment":[{"href":"https:\/\/confolab.sav.sk\/ovsb\/en\/wp-json\/wp\/v2\/media?parent=122"}],"curies":[{"name":"wp","href":"https:\/\/api.w.org\/{rel}","templated":true}]}}