{"id":121,"date":"2018-01-08T12:25:46","date_gmt":"2018-01-08T12:25:46","guid":{"rendered":"http:\/\/confolab.sav.sk\/ovsb\/en\/?page_id=121"},"modified":"2024-11-28T10:55:28","modified_gmt":"2024-11-28T09:55:28","slug":"on-tv-and-on-radio","status":"publish","type":"page","link":"https:\/\/confolab.sav.sk\/ovsb\/en\/activities\/they-said-about-us\/on-tv-and-on-radio\/","title":{"rendered":"&#8230; on TV and on radio"},"content":{"rendered":"<p><script type=\"text\/javascript\">\n<!--\nfunction launch(newURL, newName, newFeatures, orgName) {\n  var remote = open(newURL, newName, newFeatures);\n  if (remote.opener == null)\n    remote.opener = window;\n  remote.opener.name = orgName;\n  return remote;\n}\n\nfunction launchRemote(name) {\n  var address =  name;\n  myRemote = launch(address ,\n                    \"Okno\",\n                    \"height=500, width=850, left=50, top=50, alwaysLowered=0, alwaysRaised=0, channelmode=0, dependent=0, directories=0, fullscreen=0, hotkeys=1, location=0, menubar=0, resizable=0, scrollbars=0, status=0, titlebar=1, toolbar=0, z-lock=0\",\n                    \"myWindow\");\n}\n\/\/ -->>\n<\/script><\/p>\n<h2>In this section the coverage of our work and our researchers on the radio and on TV is shown.<\/h2>\n<div class=\"post_list\">\n<p><img decoding=\"async\" src=\"https:\/\/confolab.sav.sk\/ovsb\/en\/wp-content\/uploads\/sites\/2\/Radio-Devin.jpg\" alt=\"Devin\" \/><\/p>\n<div class=\"news_date\">Juli 2022<\/div>\n<div>\n<p>Radio Dev\u00edn: \u201cSummer School for Young Scientists\u201d &#8211; <strong>Marta Novotov\u00e1<\/strong> and <strong>Ivan Zahradn\u00edk<\/strong>.<a class=\"more-link\" href=\"https:\/\/confolab.sav.sk\/ovsb\/en\/activities\/they-said-about-us\/on-tv-and-on-radio\/summer-school-2022\/\"> (more\u2026)<\/a><\/p>\n<\/div>\n<\/div>\n<div class=\"post_list\">\n<p><img decoding=\"async\" src=\"https:\/\/confolab.sav.sk\/ovsb\/en\/wp-content\/uploads\/sites\/2\/Markiza1.png\" alt=\"Markiza\" \/><\/p>\n<div class=\"news_date\">February 2022<\/div>\n<div>\n<p>TV station Mark\u00edza, \u2018TELER\u00c1NO\u2018: \u201cExhibition of artistically processed images from electron microscopy\u201d &#8211; <strong>Marta Novotov\u00e1<\/strong><\/p>\n<\/div>\n<\/div>\n<div class=\"post_list\">\n<p><img decoding=\"async\" src=\"https:\/\/confolab.sav.sk\/ovsb\/en\/wp-content\/uploads\/sites\/2\/Markiza1.png\" alt=\"Markiza\" \/><\/p>\n<div class=\"news_date\">2. 6. 2022<\/div>\n<div>\n<p>TV station Mark\u00edza, \u2018REFLEX\u2018: \u201cCOVID in the Cell\u201d &#8211; <strong>Marta Novotov\u00e1<\/strong>.<a class=\"more-link\" href='javascript:launchRemote(\"https:\/\/www.markiza.sk\/relacie\/reflex\/clanok\/601209-co-robi-koronavirus-v-bunke\")'> (more\u2026in Slovak)<\/a><\/p>\n<\/div>\n<\/div>\n<div class=\"post_list\">\n<p><img decoding=\"async\" src=\"https:\/\/confolab.sav.sk\/ovsb\/en\/wp-content\/uploads\/sites\/2\/Markiza1.png\" alt=\"Markiza\" \/><\/p>\n<div class=\"news_date\">26. 5. 2021<\/div>\n<div>\n<p>TV station Mark\u00edza, \u2018REFLEX\u2018: \u201cImaging of COVID Viral Particles in Electron Microscopy\u201d &#8211; <strong>Marta Novotov\u00e1<\/strong>.<a class=\"more-link\" href=\"https:\/\/confolab.sav.sk\/ovsb\/en\/activities\/they-said-about-us\/on-tv-and-on-radio\/imaging-of-covid-viral-particles-in-electron-microscopy\/\"> (more\u2026)<\/a><\/p>\n<\/div>\n<\/div>\n<div class=\"post_list\">\n<p><img decoding=\"async\" src=\"https:\/\/confolab.sav.sk\/ovsb\/en\/wp-content\/uploads\/sites\/2\/Markiza1.png\" alt=\"Markiza\" \/><\/p>\n<div class=\"news_date\">8. 3. 2019<\/div>\n<div>\n<p>TV station Mark\u00edza, \u2018REFLEX\u2018: \u201cScientists with long-term international experience reintegrating to Slovakia\u201d &#8211; <strong>Michal Cagalinec<\/strong><\/p>\n<\/div>\n<\/div>\n<div class=\"post_list\">\n<p><img decoding=\"async\" src=\"https:\/\/www.rtvs.sk\/media\/a501\/image\/file\/13\/0005\/3EVt.nocna_pyramida_700_copy.jpg\" alt=\"No\u010dn\u00e1 pyram\u00edda\" \/><\/p>\n<div class=\"news_date\">14. 12. 2014<\/div>\n<div>\n<p>Radio SLOVENSKO, Night Pyramid &#8211; <strong>Matej Ho\u0165ka, elektrical engineer and biophysicist<\/strong> <a class=\"more-link\" href='javascript:launchRemote(\"https:\/\/www.rtvs.sk\/radio\/archiv\/1106\/95458\")'>(more\u2026in Slovak)<\/a><\/p>\n<\/div>\n<\/div>\n<div class=\"post_list\">\n<p><img decoding=\"async\" src=\"https:\/\/www.rtvs.sk\/media\/images\/radiostations\/radio_regina.png\" \/><\/p>\n<div class=\"news_date\">18.1.2013<\/div>\n<div>\n<p>Radio REGINA, Magnet &#8211; <strong>Alexandra Zahradn\u00edkov\u00e1, dialogue about research of cardiac cell function (part 2)<\/strong><\/p>\n<\/div>\n<\/div>\n<div class=\"post_list\">\n<p><img decoding=\"async\" src=\"https:\/\/www.rtvs.sk\/media\/images\/radiostations\/radio_regina.png\" \/><\/p>\n<div class=\"news_date\">5.1.2013<\/div>\n<div>\n<p><strong>Radio REGINA, Magnet &#8211; <strong>Alexandra Zahradn\u00edkov\u00e1, dialogue about research of cardiac cell function<\/strong><\/strong><\/p>\n<\/div>\n<\/div>\n<div class=\"post_list\">\n<p><img decoding=\"async\" src=\"https:\/\/www.rtvs.sk\/media\/images\/radiostations\/radio_slovensko.png\" \/><\/p>\n<div class=\"news_date\">26.9.2010<\/div>\n<div>\n<p>Radio SLOVENSKO, The Public Issue &#8211; <strong>Ivan Zahradn\u00edk, rozhovor s redaktorom Michalom Tvaro\u017ekom o v\u00fdskume funkcie srdcov\u00fdch buniek<\/strong><\/p>\n<\/div>\n<\/div>\n<div class=\"post_list\">\n<p><img decoding=\"async\" loading=\"lazy\" class=\"alignnone size-thumbnail wp-image-1172\" src=\"http:\/\/www.umfg.sav.sk\/ovsb\/wp-content\/uploads\/markiza-150x150.jpg\" alt=\"markiza\" width=\"150\" height=\"150\" \/><\/p>\n<div class=\"news_date\">\n<p>7. 7. 2010<\/p>\n<\/div>\n<div>\n<p>TV Mark\u00edza, TV noviny &#8211; TV vstup, <strong>Ivan Zahradn\u00edk, Alexand<a href=\"http:\/\/www.umfg.sav.sk\/ovsb\/o-nas\/povedali-o-nas\/pracovnici-ovsb-v-televizii-a-v-rozhlase\/1165-2\/\">r<\/a>a Zahradn\u00edkov\u00e1, Ivan Valent<\/strong> <a class=\"more-link\" href='javascript:launchRemote(\"http:\/\/www.umfg.sav.sk\/ovsb\/o-nas\/povedali-o-nas\/pracovnici-ovsb-v-televizii-a-v-rozhlase\/1165-2\/\")'>(more\u2026in Slovak)<\/a><\/p>\n<\/div>\n<\/div>\n<div class=\"post_list\">\n<p><img decoding=\"async\" loading=\"lazy\" class=\"alignnone size-thumbnail wp-image-1172\" src=\"https:\/\/www.rtvs.sk\/media\/a501\/image\/file\/13\/0004\/t5dj.rtvs.jpg\" alt=\"markiza\" width=\"150\" height=\"150\" \/><\/p>\n<div class=\"news_date\">\n<p>16. 4. 2009<\/p>\n<\/div>\n<div>\n<p>ST1, Rann\u00fd magaz\u00edn &#8211; TV vstup, <strong>Ivan Zahradn\u00edk, Alexandra Zahradn\u00edkov\u00e1 &#8211; rozhovor o pr\u00e1ci vedca<\/strong><\/p>\n<\/div>\n<\/div>\n<div class=\"post_list\">\n<p><img decoding=\"async\" loading=\"lazy\" class=\"alignnone size-thumbnail wp-image-1172\" src=\"http:\/\/static.ta3.com\/ver-3.3\/public\/img\/logo.png?v=1\" alt=\"markiza\" width=\"150\" height=\"150\" \/><\/p>\n<div class=\"news_date\">\n<p>7. 7. 2010<\/p>\n<\/div>\n<div>\n<p>TA3, Hos\u0165 v \u0161t\u00fadiu <strong>Burkert Pieske, Alexandra Zahradn\u00edkov\u00e1<\/strong> &#8211; rozhovor o v\u00fdskume pr\u00ed\u010din arytmi\u00ed v r\u00e1mci projektu 6. R\u00e1mcov\u00e9ho programu E\u00da CONTICA<\/p>\n<\/div>\n<\/div>\n<div class=\"post_list\">\n<p><img decoding=\"async\" loading=\"lazy\" class=\"alignnone size-thumbnail wp-image-1175\" src=\"http:\/\/www.umfg.sav.sk\/ovsb\/wp-content\/uploads\/PodLampou-150x150.jpg\" alt=\"PodLampou\" width=\"150\" height=\"150\" \/><\/p>\n<div class=\"news_date\">8. 12. 2005<\/div>\n<div>\n<p>RTVS STV 2 &#8211; &#8220;<strong>Pod lampou: Z\u00e1zrak s menom bunka<\/strong>&#8221; &#8211; \u0160tefan Hr\u00edb s Vladim\u00edrom Fer\u00e1kom, Jozefom Nosekom, \u013dubom\u00edrom Tom\u00e1\u0161kom a Alexandrou Zahradn\u00edkovou <a class=\"more-link\" href='javascript:launchRemote(\"https:\/\/youtu.be\/s5iFEXLZ8o0\")'>(more\u2026in Slovak)<\/a><\/p>\n<\/div>\n<\/div>\n","protected":false},"excerpt":{"rendered":"<p>In this section the coverage of our work and our researchers on the radio and on TV is shown. Juli 2022 Radio Dev\u00edn: \u201cSummer School&#8230;<span class=\"excerpt_more\"><a href=\"https:\/\/confolab.sav.sk\/ovsb\/en\/activities\/they-said-about-us\/on-tv-and-on-radio\/\">\u010d\u00edta\u0165 \u010falej &raquo;<\/a><\/span><\/p>\n","protected":false},"author":1,"featured_media":0,"parent":118,"menu_order":30,"comment_status":"closed","ping_status":"closed","template":"","meta":[],"_links":{"self":[{"href":"https:\/\/confolab.sav.sk\/ovsb\/en\/wp-json\/wp\/v2\/pages\/121"}],"collection":[{"href":"https:\/\/confolab.sav.sk\/ovsb\/en\/wp-json\/wp\/v2\/pages"}],"about":[{"href":"https:\/\/confolab.sav.sk\/ovsb\/en\/wp-json\/wp\/v2\/types\/page"}],"author":[{"embeddable":true,"href":"https:\/\/confolab.sav.sk\/ovsb\/en\/wp-json\/wp\/v2\/users\/1"}],"replies":[{"embeddable":true,"href":"https:\/\/confolab.sav.sk\/ovsb\/en\/wp-json\/wp\/v2\/comments?post=121"}],"version-history":[{"count":20,"href":"https:\/\/confolab.sav.sk\/ovsb\/en\/wp-json\/wp\/v2\/pages\/121\/revisions"}],"predecessor-version":[{"id":1800,"href":"https:\/\/confolab.sav.sk\/ovsb\/en\/wp-json\/wp\/v2\/pages\/121\/revisions\/1800"}],"up":[{"embeddable":true,"href":"https:\/\/confolab.sav.sk\/ovsb\/en\/wp-json\/wp\/v2\/pages\/118"}],"wp:attachment":[{"href":"https:\/\/confolab.sav.sk\/ovsb\/en\/wp-json\/wp\/v2\/media?parent=121"}],"curies":[{"name":"wp","href":"https:\/\/api.w.org\/{rel}","templated":true}]}}