{"id":120,"date":"2018-01-08T12:25:46","date_gmt":"2018-01-08T12:25:46","guid":{"rendered":"http:\/\/confolab.sav.sk\/ovsb\/en\/?page_id=120"},"modified":"2018-01-12T16:29:58","modified_gmt":"2018-01-12T15:29:58","slug":"in-the-media","status":"publish","type":"page","link":"https:\/\/confolab.sav.sk\/ovsb\/en\/activities\/they-said-about-us\/in-the-media\/","title":{"rendered":"&#8230; in the media"},"content":{"rendered":"<p><script type=\"text\/javascript\">\n<!--\nfunction launch(newURL, newName, newFeatures, orgName) {\n  var remote = open(newURL, newName, newFeatures);\n  if (remote.opener == null)\n    remote.opener = window;\n  remote.opener.name = orgName;\n  return remote;\n}\n\nfunction launchRemote(name) {\n  var address =  name;\n  myRemote = launch(address ,\n                    \"Okno\",\n                    \"height=500, width=850, left=50, top=50, alwaysLowered=0, alwaysRaised=0, channelmode=0, dependent=0, directories=0, fullscreen=0, hotkeys=1, location=0, menubar=0, resizable=0, scrollbars=0, status=0, titlebar=1, toolbar=0, z-lock=0\",\n                    \"myWindow\");\n}\n\/\/ -->>\n<\/script><\/p>\n<h2>In this section the coverage of our work and our researchers in the newspapers, magazines, newsletters and on the internet is shown.<\/h2>\n<table class=\"list\" cellspacing=\"0\" cellpadding=\"4\">\n<tbody>\n<tr>\n<td><a href='javascript:launchRemote(\"http:\/\/spravy.sav.sk\/spravy-sav-62015\/\")'><img decoding=\"async\" class=\"aligncenter\" src=\"http:\/\/spravy.sav.sk\/wp-content\/themes\/akademia\/img\/layout\/header\/logo.png\" alt=\"link\" width=\"80\" border=\"0\" hspace=\"3\" vspace=\"1\" \/><\/a><\/td>\n<td>\u201cIn the heart of heart\u201d, Spr\u00e1vy SAV 51(6):11, December 2015 (in Slovak)<br \/>\nInterview with <i> I. Zahradnik <\/i> about the research in DMCR, pp. 11<\/td>\n<\/tr>\n<tr>\n<td><a href='javascript:launchRemote(\"http:\/\/www.science.sk\/clanky-a-rozhovory\/ziva-priroda-a-chemicke-vedy\/lekarstvo\/5476-arytmiu-moze-sposobit-aj-vapnik-slovenski-vedci-odhalili-jej-mechanizmus\")'><img decoding=\"async\" class=\"aligncenter\" src=\"http:\/\/science.dennikn.sk\/templates\/science_home_clanky\/images\/loga\/science10.jpg\" alt=\"link\" width=\"80\" border=\"0\" hspace=\"3\" vspace=\"1\" \/><\/a><\/td>\n<td>Zuzana V\u00edtkov\u00e1, \u201cArrhythmia may be caused by calcium, scientists disclosed its mechanism\u201d, Science.sk, December 2014 (in Slovak)<br \/>\nArticle about research on regulation\/disregulation of calcium release<\/td>\n<\/tr>\n<tr>\n<td> <a href='javascript:launchRemote(\"http:\/\/www.24hod.sk\/vedci-su-blizsie-k-pochopeniu-srdcovych-arytmii-pomohli-aj-slovaci-cl325887.html\")'><img decoding=\"async\" loading=\"lazy\" class=\"alignnone wp-image-1342\" src=\"http:\/\/confolab.sav.sk\/ovsb\/wp-content\/uploads\/24h-100x42.jpg\" alt=\"24h\" width=\"80\" height=\"33\" \/><\/a> <a href='javascript:launchRemote(\"http:\/\/tech.sme.sk\/c\/7548929\/slovaci-ukazali-zaklady-novej-liecby-srdca.html\")'><img decoding=\"async\" loading=\"lazy\" class=\"alignnone wp-image-1339\" src=\"http:\/\/confolab.sav.sk\/ovsb\/wp-content\/uploads\/SMETech-100x27.jpg\" alt=\"SMETech\" width=\"80\" height=\"22\" \/><\/a> <a href='javascript:launchRemote(\"http:\/\/spravy.sav.sk\/spravy-sav-122014\/\")'><img decoding=\"async\" class=\"alignnone\" src=\"http:\/\/spravy.sav.sk\/wp-content\/themes\/akademia\/img\/layout\/header\/logo.png\" alt=\"link\" width=\"80\" border=\"0\" hspace=\"0\" vspace=\"1\" \/><\/a><a href='javascript:launchRemote(\"http:\/\/vat.pravda.sk\/clovek\/clanok\/339203-slovenski-vedci-prispeli-k-vyskumu-pricin-ochorenia-srdca\/\")'> <img decoding=\"async\" src=\"http:\/\/ipravda.sk\/res\/veda\/head_logo_sk_veda.png?new\" alt=\"link\" width=\"80\" border=\"0\" hspace=\"0\" vspace=\"1\" \/><\/a><\/td>\n<td>Reports in Slovak media on the paper (the report in &#8220;Spr\u00e1vy SAV&#8221; is on p. 14)<br \/>\n<i>Borko L, Bauerova-Hlinkova V, Hostinova E, Gasperik J, Beck K, Lai FA, Zahradnikova A, Sevcik J. (2014) Acta Crystallogr D Biol Crystallogr 70: 2897-2912.<\/i><\/td>\n<\/tr>\n<tr>\n<td><a href='javascript:launchRemote(\"http:\/\/www.cardiff.ac.uk\/news\/articles\/the-tiny-flaw-behind-a-chaotic-heartbeat-13815.html\")'><img decoding=\"async\" src=\"http:\/\/static.cf.ac.uk\/cfui\/1.6.2\/img\/logo.png\" alt=\"link\" width=\"80\" border=\"0\" hspace=\"1\" vspace=\"1\" \/><\/a> <a href='javascript:launchRemote(\"http:\/\/www.southwalesargus.co.uk\/news\/11692990.Newport_scientist_leads_pioneering_heart_research\/\")'> <img decoding=\"async\" src=\"http:\/\/www.southwalesargus.co.uk\/resources\/images\/sitelogo\/\" alt=\"link\" width=\"80\" border=\"0\" hspace=\"1\" vspace=\"1\" \/><\/a> <a href='javascript:launchRemote(\"http:\/\/www.ibtimes.co.uk\/cure-heart-diseases-may-be-possible-soon-thanks-major-discovery-1475282\")'><img decoding=\"async\" loading=\"lazy\" class=\"alignnone wp-image-1349\" src=\"http:\/\/confolab.sav.sk\/ovsb\/wp-content\/uploads\/IBTimes-100x13.jpg\" alt=\"IBTimes\" width=\"80\" height=\"10\" \/><\/a><\/p>\n<p><a href='javascript:launchRemote(\"http:\/\/www.eurekalert.org\/pub_releases\/2014-11\/cu-tyh111714.php\")'><img decoding=\"async\" loading=\"lazy\" class=\"alignnone wp-image-1345\" src=\"http:\/\/confolab.sav.sk\/ovsb\/wp-content\/uploads\/Eurekalert-100x27.jpg\" alt=\"Eurekalert\" width=\"80\" height=\"22\" \/><\/a><\/td>\n<td>Reports in international media on the paper<br \/>\n<i>Borko L, Bauerova-Hlinkova V, Hostinova E, Gasperik J, Beck K, Lai FA, Zahradnikova A, Sevcik J. (2014) Acta Crystallogr D Biol Crystallogr 70: 2897-2912.<\/i><\/td>\n<\/tr>\n<tr>\n<td><a href='javascript:launchRemote(\"http:\/\/www.science.sk\/clanky-a-rozhovory\/ziva-priroda-a-chemicke-vedy\/biologia-a-chemia\/5124-nobelova-cena-za-chemiu-ako-sa-z-mikroskopu-stal-nanoskop\")'><img decoding=\"async\" class=\"aligncenter\" src=\"http:\/\/science.dennikn.sk\/templates\/science_home_clanky\/images\/loga\/science10.jpg\" alt=\"link\" width=\"80\" border=\"0\" hspace=\"3\" vspace=\"1\" \/><\/a><\/td>\n<td>Fr\u00e9d\u00e9rique Haz\u00e9ov\u00e1 , &#8220;Nobel prize for chemistry: How the microscope turned into a nanoscope&#8221;, Science.sk, October 2014 (in Slovak)<br \/>\nInterview with <i> A Zahradnikova<\/i> about the Nobel prize for methods of super-resolution imaging for the study of live cells<\/td>\n<\/tr>\n<tr>\n<td><a href='javascript:launchRemote(\"http:\/\/www.pluska.sk\/zena\/rodina-vztahy\/tri-pary-ktore-su-spolu-24-7-ake-je-pracovat-spolocne.html\")'><img decoding=\"async\" class=\"alignnone\" src=\"http:\/\/www.pluska.sk\/images\/pluska\/css\/logo-glanc.png\" alt=\"link\" width=\"80\" border=\"0\" hspace=\"0\" vspace=\"1\" \/><\/a><\/td>\n<td>K. Culenova: Three pairs that are together 24\/7: How does it feel to work together? (in Slovak).<br \/>\nFeature about both spouses working together as doctors, scientists or artists, incl. <em>I. Zahradnik and A. Zahradnikova<\/em><\/td>\n<\/tr>\n<tr>\n<td><a href='javascript:launchRemote(\"http:\/\/spravy.sav.sk\/spravy-sav-32014\/\")'><img decoding=\"async\" class=\"alignnone\" src=\"http:\/\/spravy.sav.sk\/wp-content\/themes\/akademia\/img\/layout\/header\/logo.png\" alt=\"link\" width=\"80\" border=\"0\" hspace=\"0\" vspace=\"1\" \/><\/a><\/td>\n<td>&#8220;Award for originality of scholarly approach&#8221; &#8211; SAS News 3\/2014, p. 7. Article of Emil Bor\u010din about research of <em>A. Zahradnikova<\/em><\/td>\n<\/tr>\n<tr>\n<td><a href='javascript:launchRemote(\"http:\/\/www.science.sk\/kto-je-kto-v-slovenskej-vede\/osobnosti\/veda-a-vyskum\/3760-ivan-zahradnik\")'><img decoding=\"async\" class=\"aligncenter\" src=\"http:\/\/science.dennikn.sk\/templates\/science_home_clanky\/images\/loga\/science10.jpg\" alt=\"link\" width=\"80\" border=\"0\" hspace=\"3\" vspace=\"1\" \/><\/a><\/td>\n<td>&#8220;Who is who in Slovak science: Personalities &#8211; Science and research, Ivan Zahradn\u00edk&#8221;, Science.sk, October 2013 (in Slovak)<br \/>\nabout the research of <i>I Zahradnik<\/i><\/td>\n<\/tr>\n<tr>\n<td><a href='javascript:launchRemote(\"http:\/\/www.science.sk\/kto-je-kto-v-slovenskej-vede\/osobnosti\/veda-a-vyskum\/3759-alexandra-zahradnikova\")'><img decoding=\"async\" class=\"aligncenter\" src=\"http:\/\/science.dennikn.sk\/templates\/science_home_clanky\/images\/loga\/science10.jpg\" alt=\"link\" width=\"80\" border=\"0\" hspace=\"3\" vspace=\"1\" \/><\/a><\/td>\n<td>&#8220;Who is who in Slovak science: Personalities &#8211; Science and research, Alexandra Zahradn\u00edkov\u00e1&#8221;, Science.sk, May 2013 (in Slovak)<br \/>\nabout the research of <i>A Zahradnikova<\/i><\/td>\n<\/tr>\n<tr>\n<td width=\"10%\"><a href='javascript:launchRemote(\"http:\/\/www.biophysics.org\/Publications\/Newsletter\/PastIssues\/May2011\/BiophysicistinProfile\/tabid\/2874\/Default.aspx\")'><img decoding=\"async\" class=\"aligncenter\" src=\"http:\/\/www.biophysics.org\/portals\/1\/Images\/Newsletter\/2014\/current.jpg\" alt=\"link\" width=\"80\" border=\"0\" hspace=\"3\" vspace=\"1\" \/><\/a><\/td>\n<td>E Retrosi, Biophysicist in Profile, Biophysical Society Newsletter, May 2011<br \/>\nProfile of <i>A Zahradnikova<\/i><\/td>\n<\/tr>\n<tr>\n<td><a href='javascript:launchRemote(\"http:\/\/veda.sme.sk\/c\/6117876\/alexandra-zahradnikova-odobrate-srdce-stale-zije.html\")'><img decoding=\"async\" loading=\"lazy\" class=\"alignnone wp-image-1320\" src=\"http:\/\/confolab.sav.sk\/ovsb\/wp-content\/uploads\/vedaSMEsk-100x27.jpg\" alt=\"vedaSMEsk\" width=\"80\" height=\"22\" \/><\/a><\/td>\n<td> T Prokop\u010d\u00e1k, &#8220;Alexandra Zahradn\u00edkov\u00e1: The removed heart is still alive&#8221;, veda.SME.sk, October 2011 (in Slovak)<br \/>\nInterview with<i> A Zahradnikova<\/i> about research in DMCR<\/td>\n<\/tr>\n<tr>\n<td><a href='javascript:launchRemote(\"http:\/\/spravy.pravda.sk\/ako-sa-dobrat-k-najvacsim-tajomstvam-srdca-fil-\/sk_domace.asp?c=A100730_170158_sk_domace_p23\")'><img decoding=\"async\" loading=\"lazy\" class=\"alignnone wp-image-1321\" src=\"http:\/\/confolab.sav.sk\/ovsb\/wp-content\/uploads\/spravy.pravda-100x25.jpg\" alt=\"spravy.pravda\" width=\"80\" height=\"20\" \/><\/a><\/td>\n<td>V Jancura, &#8220;How to reach the deepest mysteries of the heart&#8221;, spravy.PRAVDA.sk, August 2010 (in Slovak)<br \/>\nInterview with <i>A Zahradnikova<\/i><\/td>\n<\/tr>\n<tr>\n<td><a href='javascript:launchRemote(\"http:\/\/zena.sme.sk\/c\/5558046\/alexandra-zahradnikova-clovek-ma-mat-jasnu-predstavu-co-chce-dosiahnut.html\")'><img decoding=\"async\" loading=\"lazy\" class=\"alignnone wp-image-1322\" src=\"http:\/\/confolab.sav.sk\/ovsb\/wp-content\/uploads\/zenaSMEsk-100x27.jpg\" alt=\"zenaSMEsk\" width=\"80\" height=\"22\" \/><\/a><\/td>\n<td>M Mihalickova, &#8220;One has to have a clear idea of what he wants to achieve&#8221;, zena.SME.sk, September 2010 (in Slovak)<br \/>\nInterview with <i> A Zahradnikova <\/i> about the impact of the results published in <i>Zahradnikova A, Valent I, Zahradnik I. (2010), J Gen Physiol 136:101-116. <\/i><\/td>\n<\/tr>\n<tr>\n<td><a href='javascript:launchRemote(\"http:\/\/www.webnoviny.sk\/veda-a-technika\/objasnili-mechanizmus-srdcovych-svalov\/178512-clanok.html\")'><img decoding=\"async\" loading=\"lazy\" class=\"alignnone wp-image-1330\" src=\"http:\/\/confolab.sav.sk\/ovsb\/wp-content\/uploads\/webnoviny-100x34.jpg\" alt=\"webnoviny\" width=\"80\" height=\"27\" \/><\/a> <\/a><\/td>\n<td>Reports in the media on the paper<br \/>\n<i>Zahradn\u00edkov\u00e1 A, Valent I, Zahradn\u00edk I (2010), J Gen Physiol 136: 101-116.<\/i><\/td>\n<\/tr>\n<tr>\n<td><a href='javascript:launchRemote(\"https:\/\/www.vedatechnika.sk\/SK\/VEDAASPOLOCNOST\/ZENYVOVEDE\/ZATAJOMSTVOMUSPECHU\/Stranky\/IngAlexandraZahradnikovaCSc.aspx\")'><img decoding=\"async\" class=\"alignnone wp-image-1323\" src=\"http:\/\/www.cvtisr.sk\/buxus\/images\/Popularizacia_vedy\/NCPVaT_175.jpg\" alt=\"PopVaT\" width=\"80\" \/><\/a><\/td>\n<td>M Bartosovicova, Central Information Portal for Science, Research and Innovation<br \/>\nInterview with <i>A Zahradnikova<\/i> in the section &#8220;Women in Science&#8221;<\/td>\n<\/tr>\n<tr>\n<td><a href='javascript:launchRemote(\"http:\/\/magazin.atlas.sk\/techmag\/genova-mutacia-moze-sposobit-nahlu-srdcovu-smrt\/668747.html\")'><img decoding=\"async\" loading=\"lazy\" class=\"alignnone wp-image-1328\" src=\"http:\/\/confolab.sav.sk\/ovsb\/wp-content\/uploads\/magazin-100x44.jpg\" alt=\"magazin\" width=\"80\" height=\"35\" \/><\/a><\/td>\n<td>Information about the <i>6th Framework Program project CONTICA<\/i> in the web magazine Magazin.sk, February 2008 (in Slovak)<\/td>\n<\/tr>\n<tr>\n<td><a href='javascript:launchRemote(\"http:\/\/www.sav.sk\/index.php?lang=sk&amp;charset=&amp;doc=services-news&amp;source_no=20&amp;news_no=1822&amp;lang_change=en\")'><img decoding=\"async\" class=\"aligncenter\" src=\"http:\/\/www.sav.sk\/img\/layout\/header\/logo_sm.png\" alt=\"link\" width=\"80\" border=\"0\" hspace=\"3\" vspace=\"1\" \/><\/a><\/td>\n<td>F Tisovic &#8220;The project on cardiac arrhythmias&#8221;<br \/>\nInformation about the press conference <i> on the 6th Framework Program project CONTICA<\/i><\/td>\n<\/tr>\n<tr>\n<td><a href='javascript:launchRemote(\"http:\/\/www.sav.sk\/index.php?lang=sk&amp;charset=&amp;doc=services-news&amp;source_no=20&amp;news_no=453\")'><img decoding=\"async\" class=\"aligncenter\" src=\"http:\/\/www.sav.sk\/img\/layout\/header\/logo_sm.png\" alt=\"link\" width=\"80\" border=\"0\" hspace=\"3\" vspace=\"1\" \/><\/a><\/td>\n<td>I Zahradnik, &#8220;TV Markiza about international scientific collaboration&#8221;, May 5, 2005 (in Slovak)<br \/>\nInformation about the interview of S. Dvorsky with <i>M Novotova and R Ventura-Clapier<\/i> on TV station Markiza that was inspired by the film &#8220;Profession: Chercheur&#8221;, created by TV Arte<\/td>\n<\/tr>\n<\/tbody>\n<\/table>\n","protected":false},"excerpt":{"rendered":"<p>In this section the coverage of our work and our researchers in the newspapers, magazines, newsletters and on the internet is shown. \u201cIn the heart&#8230;<span class=\"excerpt_more\"><a href=\"https:\/\/confolab.sav.sk\/ovsb\/en\/activities\/they-said-about-us\/in-the-media\/\">\u010d\u00edta\u0165 \u010falej &raquo;<\/a><\/span><\/p>\n","protected":false},"author":1,"featured_media":0,"parent":118,"menu_order":20,"comment_status":"closed","ping_status":"closed","template":"","meta":[],"_links":{"self":[{"href":"https:\/\/confolab.sav.sk\/ovsb\/en\/wp-json\/wp\/v2\/pages\/120"}],"collection":[{"href":"https:\/\/confolab.sav.sk\/ovsb\/en\/wp-json\/wp\/v2\/pages"}],"about":[{"href":"https:\/\/confolab.sav.sk\/ovsb\/en\/wp-json\/wp\/v2\/types\/page"}],"author":[{"embeddable":true,"href":"https:\/\/confolab.sav.sk\/ovsb\/en\/wp-json\/wp\/v2\/users\/1"}],"replies":[{"embeddable":true,"href":"https:\/\/confolab.sav.sk\/ovsb\/en\/wp-json\/wp\/v2\/comments?post=120"}],"version-history":[{"count":13,"href":"https:\/\/confolab.sav.sk\/ovsb\/en\/wp-json\/wp\/v2\/pages\/120\/revisions"}],"predecessor-version":[{"id":530,"href":"https:\/\/confolab.sav.sk\/ovsb\/en\/wp-json\/wp\/v2\/pages\/120\/revisions\/530"}],"up":[{"embeddable":true,"href":"https:\/\/confolab.sav.sk\/ovsb\/en\/wp-json\/wp\/v2\/pages\/118"}],"wp:attachment":[{"href":"https:\/\/confolab.sav.sk\/ovsb\/en\/wp-json\/wp\/v2\/media?parent=120"}],"curies":[{"name":"wp","href":"https:\/\/api.w.org\/{rel}","templated":true}]}}