{"id":117,"date":"2018-01-08T12:25:45","date_gmt":"2018-01-08T12:25:45","guid":{"rendered":"http:\/\/confolab.sav.sk\/ovsb\/en\/?page_id=117"},"modified":"2024-02-15T13:10:50","modified_gmt":"2024-02-15T12:10:50","slug":"awards","status":"publish","type":"page","link":"https:\/\/confolab.sav.sk\/ovsb\/en\/activities\/awards\/","title":{"rendered":"Awards"},"content":{"rendered":"<p><script type=\"text\/javascript\">\n<!--\nfunction launch(newURL, newName, newFeatures, orgName) {\n  var remote = open(newURL, newName, newFeatures);\n  if (remote.opener == null)\n    remote.opener = window;\n  remote.opener.name = orgName;\n  return remote;\n}\n\nfunction launchRemote(name) {\n  var address =  name;\n  myRemote = launch(address ,\n                    \"Okno\",\n                    \"height=500, width=850, left=50, top=50, alwaysLowered=0, alwaysRaised=0, channelmode=0, dependent=0, directories=0, fullscreen=0, hotkeys=1, location=0, menubar=0, resizable=0, scrollbars=0, status=0, titlebar=1, toolbar=0, z-lock=0\",\n                    \"myWindow\");\n}\n\/\/ -->>\n<\/script><\/p>\n<div class=\"post_list\">\n<div class=\"news_date\">7. 2. 2024<\/div>\n<div>On February 7, 2024, the President of Slovak Physiological Society Prof. MUDr. Andrea \u010calkovsk\u00e1, DrSc. and the Scientific Secretary of Slovak Physiological Society Prof. MUDr. Kamil Javorka, DrSc. awarded the medal \u201cMedaila zalo\u017eenia spole\u010dnosti l\u00e9ka\u0159sko-slowanskej\u201d of the Slovak Medical Association (SkMA) to <strong>Ing. Alexandra Zahradn\u00edkov\u00e1, DrSc.<\/strong><a class=\"more-link\" href=\"https:\/\/confolab.sav.sk\/ovsb\/en\/activities\/awards\/the-medal-medaila-zalozenia-spolecnosti-lekarsko-slowanskej\/\">(more\u2026)<\/a><\/div>\n<\/div>\n<div class=\"post_list\">\n<div class=\"news_date\">29. 9. 2021<\/div>\n<div>On September 29, 2021, the Silver Medal of the Slovak Medical Association (SkMA) was taken over by <strong>RNDr. Ivan Zahradnik, CSc.<\/strong><a class=\"more-link\" href=\"http:\/\/confolab.sav.sk\/ovsb\/en\/activities\/awards\/silver-medal-of-the-slovak-medical-association-skma\/\">(more\u2026)<\/a><\/div>\n<\/div>\n<div class=\"post_list\">\n<div class=\"news_date\">5. 2. 2019<\/div>\n<div>On February 2, 2019, the President of SkPhysA Prof. MUDr. Andrea \u010calkovsk\u00e1, DrSc. and the Scientific Secretary of SkPhysA Prof. MUDr. Kamil Javorka, DrSc. awarded the Silver medal of the Slovak Medical Association (SkMA) to <strong>Ing. Alexandra Zahradn\u00edkov\u00e1, DrSc.<\/strong><a class=\"more-link\" href=\"http:\/\/confolab.sav.sk\/ovsb\/en\/activities\/awards\/Silver-medal-of-the-Slovak-Medical-Society\/\">(more\u2026)<\/a><\/div>\n<\/div>\n<div class=\"post_list\">\n<div class=\"news_date\">29. 6. 2015<\/div>\n<div>Prize of the Slovak Academy of Sciences, 2014 for research was awarded in Smolenice, June 29, 2015 to researchers of the Institute of Molecular Physiology and Genetics, SAS: Ing. Alexandra Zahradn\u00edkov\u00e1, DrSc., RNDr. Ivan Zahradn\u00edk, CSc., Mgr. Marta Gaburj\u00e1kov\u00e1, PhD., and researchers of the Institute of Moelcular Biology, SAS: Ing. Jozef \u0160ev\u010d\u00edk, DrSc., Mgr. Vladena Bauerov\u00e1, PhD. for the set of research publications \u201c<strong>Structure and function of the ryanodine receptor in relation to heart function<\/strong>\u201d<a class=\"more-link\" href=\"http:\/\/confolab.sav.sk\/ovsb\/en\/?page_id=217&#038;preview=true\">(more\u2026)<\/a><\/div>\n<\/div>\n<div class=\"post_list\">\n<div class=\"news_date\">22. 12. 2015<\/div>\n<div>On December 22, 2015, Biophysical Society (USA) announced the results of the competition for travel grants for the 60th Biophysical Society Annual Meeting in Los Angeles. Among the winners were also two students from our department: Katar\u00edna Mackov\u00e1, PhD student in Biophysics at IMPG SAS, and Barbara Hoffmannov\u00e1, Masters&#8217; student in the field of Biomedical Physics at Comenius University. <a class=\"more-link\" href='javascript:launchRemote(\"http:\/\/www.eurekalert.org\/pub_releases\/2015-12\/bs-bsa_2122215.php\")'>(K Mackov\u00e1\u2026)<\/a> <a class=\"more-link\" href='javascript:launchRemote(\"http:\/\/www.eurekalert.org\/pub_releases\/2015-12\/bs-bsa_3122215.php\")'>(B Hoffmannov\u00e1\u2026)<\/a><\/div>\n<\/div>\n<div class=\"post_list\">\n<div class=\"news_date\">19. 3. 2014<\/div>\n<div>On March 19, 2014, the vicepresident of SAS for the 2nd Department of Sciences Richard Imrich awarded the Dion\u00fdz Ilkovi\u010d Honorary Plaque of SAS for Merit in Physico-chemical Sciences to <strong>Ing. Alexandra Zahradn\u00edkov\u00e1, DrSc.<\/strong><\/div>\n<\/div>\n<div class=\"post_list\">\n<div class=\"news_date\">15. 3. 2012<\/div>\n<div>Graduate students from Department of Muscle Cell Research could attend the 56th Biophysical Society Annual Meeting in 2012 thanks to the travel grants from this scientific society. The <a href='javascript:launchRemote(\"http:\/\/www.eurekalert.org\/pub_releases\/2011-12\/bs-bsa_3120211.php\")'>Biophysical Society Educational Committee Travel Grant<\/a> was awarded to <strong>Ing. Matej Ho\u0165ka<\/strong> and the <a href='javascript:launchRemote(\"http:\/\/www.eurekalert.org\/pub_releases\/2011-12\/bs-bsa_1120211.php\")'>International Relations Committee Travel Grant<\/a> ws awarded to <strong>RNDr. Radoslav Jan\u00ed\u010dek<\/strong>.<\/div>\n<\/div>\n<div class=\"post_list\">\n<div class=\"news_date\">26. 5. 2010<\/div>\n<div>Vicepresident of SAS doc. Albert Breier awarded on May 26 Dion\u00fdz Ilkovi\u010d Honorary Plaque of SAS for Merit in Physico-chemical Sciences at the premises of the 2nd Department of SAS in Bratislava to research scientist forn the Institute of Molecular Physiology and Genetics (IMPG) SAS, <strong>Ivan Zahradn\u00edk<\/strong>. The ceremony was attended by member of the Presidium of SAS doc. Ladislav Petru\u0161, director of IMPG SAS doc. O\u013ega Kri\u017eanov\u00e1, chair of the cientific Board of IMPG SAS \u013dubica Lacinov\u00e1 and the former SAS vicepresident prof. J\u00e1n Slez\u00e1k. The presidium of SAS thus <span id=\"result_box\" class=\"\" lang=\"en\"><span class=\"\">appreciated the<\/span> <span class=\"\">proactive approach<\/span> of Ivan Zahradnik <span class=\"\">to addressing<\/span> research tasks <span class=\"\">and his responsibility<\/span> <span class=\"\">in carrying out<\/span> <span class=\"\">duties.<\/span><\/span><\/div>\n<\/div>\n","protected":false},"excerpt":{"rendered":"<p>7. 2. 2024 On February 7, 2024, the President of Slovak Physiological Society Prof. MUDr. Andrea \u010calkovsk\u00e1, DrSc. and the Scientific Secretary of Slovak Physiological&#8230;<span class=\"excerpt_more\"><a href=\"https:\/\/confolab.sav.sk\/ovsb\/en\/activities\/awards\/\">\u010d\u00edta\u0165 \u010falej &raquo;<\/a><\/span><\/p>\n","protected":false},"author":1,"featured_media":0,"parent":40,"menu_order":30,"comment_status":"closed","ping_status":"closed","template":"","meta":[],"_links":{"self":[{"href":"https:\/\/confolab.sav.sk\/ovsb\/en\/wp-json\/wp\/v2\/pages\/117"}],"collection":[{"href":"https:\/\/confolab.sav.sk\/ovsb\/en\/wp-json\/wp\/v2\/pages"}],"about":[{"href":"https:\/\/confolab.sav.sk\/ovsb\/en\/wp-json\/wp\/v2\/types\/page"}],"author":[{"embeddable":true,"href":"https:\/\/confolab.sav.sk\/ovsb\/en\/wp-json\/wp\/v2\/users\/1"}],"replies":[{"embeddable":true,"href":"https:\/\/confolab.sav.sk\/ovsb\/en\/wp-json\/wp\/v2\/comments?post=117"}],"version-history":[{"count":19,"href":"https:\/\/confolab.sav.sk\/ovsb\/en\/wp-json\/wp\/v2\/pages\/117\/revisions"}],"predecessor-version":[{"id":1573,"href":"https:\/\/confolab.sav.sk\/ovsb\/en\/wp-json\/wp\/v2\/pages\/117\/revisions\/1573"}],"up":[{"embeddable":true,"href":"https:\/\/confolab.sav.sk\/ovsb\/en\/wp-json\/wp\/v2\/pages\/40"}],"wp:attachment":[{"href":"https:\/\/confolab.sav.sk\/ovsb\/en\/wp-json\/wp\/v2\/media?parent=117"}],"curies":[{"name":"wp","href":"https:\/\/api.w.org\/{rel}","templated":true}]}}